{"id":8239,"date":"2018-09-10T18:52:31","date_gmt":"2018-09-10T16:52:31","guid":{"rendered":"https:\/\/www.boutiquefelicidad.com\/?post_type=product&#038;p=8239"},"modified":"2024-11-15T11:33:38","modified_gmt":"2024-11-15T10:33:38","slug":"camisa-celeste-lisa","status":"publish","type":"product","link":"https:\/\/www.boutiquefelicidad.com\/en\/producto\/camisa-celeste-lisa\/","title":{"rendered":"Camisa celeste lisa"},"content":{"rendered":"<p>Camisa lisa color celeste de manga larga. Composici\u00f3n: 80 % poli\u00e9ster, 20% algod\u00f3n.<\/p>\n<p>Si la talla que utiliza est\u00e1 agotada p\u00f3ngase en contacto con nosotros via email: <a href=\"mailto:b.felicidad@hotmail.com\">b.felicidad@hotmail.com<\/a> para consultar disponibilidad en f\u00e1brica.<\/p>\n<p>Para saber cu\u00e1l es su talla mida pecho, cintura y cadera y compruebe la tabla inferior.<br \/>\nRecuerde, si est\u00e1s entre dos tallas escoge la siguiente m\u00e1s grande.<br \/>\nNuestras tallas son orientativas y puede variar seg\u00fan el fabricante. Ante cualquier duda cons\u00faltenos.<\/p>\n<p><img loading=\"lazy\" decoding=\"async\" class=\"wp-image-7977 aligncenter\" src=\"https:\/\/www.boutiquefelicidad.com\/wp-content\/uploads\/2018\/05\/Camisas-Regular-300x48.png\" alt=\"\" width=\"400\" height=\"64\" srcset=\"https:\/\/www.boutiquefelicidad.com\/wp-content\/uploads\/2018\/05\/Camisas-Regular-300x48.png 300w, https:\/\/www.boutiquefelicidad.com\/wp-content\/uploads\/2018\/05\/Camisas-Regular-800x128.png 800w, https:\/\/www.boutiquefelicidad.com\/wp-content\/uploads\/2018\/05\/Camisas-Regular-64x10.png 64w, https:\/\/www.boutiquefelicidad.com\/wp-content\/uploads\/2018\/05\/Camisas-Regular-768x123.png 768w, https:\/\/www.boutiquefelicidad.com\/wp-content\/uploads\/2018\/05\/Camisas-Regular-1024x164.png 1024w, https:\/\/www.boutiquefelicidad.com\/wp-content\/uploads\/2018\/05\/Camisas-Regular-600x96.png 600w, https:\/\/www.boutiquefelicidad.com\/wp-content\/uploads\/2018\/05\/Camisas-Regular-1170x188.png 1170w, https:\/\/www.boutiquefelicidad.com\/wp-content\/uploads\/2018\/05\/Camisas-Regular.png 1432w\" sizes=\"(max-width: 400px) 100vw, 400px\" \/><\/p>\n","protected":false},"excerpt":{"rendered":"<p>Camisa lisa color celeste de manga larga.<\/p>\n","protected":false},"featured_media":8214,"template":"","meta":{"_et_pb_use_builder":"","_et_pb_old_content":"","_et_gb_content_width":""},"product_brand":[],"product_cat":[244,242],"product_tag":[305,322,304,292,568,387,332,575,573,306],"class_list":{"0":"post-8239","1":"product","2":"type-product","3":"status-publish","4":"has-post-thumbnail","6":"product_cat-camisas","7":"product_cat-hombre","8":"product_tag-alicante","9":"product_tag-benidorm","10":"product_tag-boda","11":"product_tag-calpe","12":"product_tag-camisa","13":"product_tag-celeste","14":"product_tag-comunion","15":"product_tag-hombre","16":"product_tag-manga-larga","17":"product_tag-traje","18":"pa_tallas-277","19":"pa_tallas-251","20":"pa_tallas-252","21":"pa_tallas-253","22":"pa_tallas-254","23":"pa_tallas-255","25":"first","26":"instock","27":"taxable","28":"shipping-taxable","29":"purchasable","30":"product-type-variable"},"_links":{"self":[{"href":"https:\/\/www.boutiquefelicidad.com\/en\/wp-json\/wp\/v2\/product\/8239","targetHints":{"allow":["GET"]}}],"collection":[{"href":"https:\/\/www.boutiquefelicidad.com\/en\/wp-json\/wp\/v2\/product"}],"about":[{"href":"https:\/\/www.boutiquefelicidad.com\/en\/wp-json\/wp\/v2\/types\/product"}],"wp:featuredmedia":[{"embeddable":true,"href":"https:\/\/www.boutiquefelicidad.com\/en\/wp-json\/wp\/v2\/media\/8214"}],"wp:attachment":[{"href":"https:\/\/www.boutiquefelicidad.com\/en\/wp-json\/wp\/v2\/media?parent=8239"}],"wp:term":[{"taxonomy":"product_brand","embeddable":true,"href":"https:\/\/www.boutiquefelicidad.com\/en\/wp-json\/wp\/v2\/product_brand?post=8239"},{"taxonomy":"product_cat","embeddable":true,"href":"https:\/\/www.boutiquefelicidad.com\/en\/wp-json\/wp\/v2\/product_cat?post=8239"},{"taxonomy":"product_tag","embeddable":true,"href":"https:\/\/www.boutiquefelicidad.com\/en\/wp-json\/wp\/v2\/product_tag?post=8239"}],"curies":[{"name":"wp","href":"https:\/\/api.w.org\/{rel}","templated":true}]}}