{"id":6892,"date":"2018-04-08T11:55:58","date_gmt":"2018-04-08T09:55:58","guid":{"rendered":"https:\/\/www.boutiquefelicidad.com\/?post_type=product&#038;p=6892"},"modified":"2024-05-15T22:26:22","modified_gmt":"2024-05-15T20:26:22","slug":"prendido-flores-porcelana-rosas-y-blancas","status":"publish","type":"product","link":"https:\/\/www.boutiquefelicidad.com\/en\/producto\/prendido-flores-porcelana-rosas-y-blancas\/","title":{"rendered":"Prendido novia 22071"},"content":{"rendered":"<p>Prendido moldeable seg\u00fan peinado de flores de porcelana en rosas y blancas, las flores blancas en el medio tienen una peque\u00f1a pedrer\u00eda, y adem\u00e1s todo el prendido tiene peque\u00f1as perlas blancas a modo de ramitas.<\/p>\n","protected":false},"excerpt":{"rendered":"<p>Prendido moldeable seg\u00fan peinado de flores de porcelana en rosas y blancas.<\/p>\n","protected":false},"featured_media":11075,"template":"","meta":{"_et_pb_use_builder":"","_et_pb_old_content":"","_et_gb_content_width":""},"product_brand":[],"product_cat":[71,240],"product_tag":[325,305,321,322,304,292,323,316,324,293],"class_list":{"0":"post-6892","1":"product","2":"type-product","3":"status-publish","4":"has-post-thumbnail","6":"product_cat-boda","7":"product_cat-complementos-novia","8":"product_tag-adorno","9":"product_tag-alicante","10":"product_tag-altea","11":"product_tag-benidorm","12":"product_tag-boda","13":"product_tag-calpe","14":"product_tag-denia","15":"product_tag-novia","16":"product_tag-prendido","17":"product_tag-vestido","19":"first","20":"instock","21":"taxable","22":"shipping-taxable","23":"purchasable","24":"product-type-simple"},"_links":{"self":[{"href":"https:\/\/www.boutiquefelicidad.com\/en\/wp-json\/wp\/v2\/product\/6892","targetHints":{"allow":["GET"]}}],"collection":[{"href":"https:\/\/www.boutiquefelicidad.com\/en\/wp-json\/wp\/v2\/product"}],"about":[{"href":"https:\/\/www.boutiquefelicidad.com\/en\/wp-json\/wp\/v2\/types\/product"}],"wp:featuredmedia":[{"embeddable":true,"href":"https:\/\/www.boutiquefelicidad.com\/en\/wp-json\/wp\/v2\/media\/11075"}],"wp:attachment":[{"href":"https:\/\/www.boutiquefelicidad.com\/en\/wp-json\/wp\/v2\/media?parent=6892"}],"wp:term":[{"taxonomy":"product_brand","embeddable":true,"href":"https:\/\/www.boutiquefelicidad.com\/en\/wp-json\/wp\/v2\/product_brand?post=6892"},{"taxonomy":"product_cat","embeddable":true,"href":"https:\/\/www.boutiquefelicidad.com\/en\/wp-json\/wp\/v2\/product_cat?post=6892"},{"taxonomy":"product_tag","embeddable":true,"href":"https:\/\/www.boutiquefelicidad.com\/en\/wp-json\/wp\/v2\/product_tag?post=6892"}],"curies":[{"name":"wp","href":"https:\/\/api.w.org\/{rel}","templated":true}]}}