{"id":6868,"date":"2018-04-08T11:40:11","date_gmt":"2018-04-08T09:40:11","guid":{"rendered":"https:\/\/www.boutiquefelicidad.com\/?post_type=product&#038;p=6868"},"modified":"2018-05-26T11:22:53","modified_gmt":"2018-05-26T09:22:53","slug":"tocado-azulon-y-rosa-palo","status":"publish","type":"product","link":"https:\/\/www.boutiquefelicidad.com\/en\/producto\/tocado-azulon-y-rosa-palo\/","title":{"rendered":"Tocado azul\u00f3n y rosa palo"},"content":{"rendered":"<p>Tocado en base blanda en azul\u00f3n y rosa palo, encima una lazada con red en rosa palo y unas plumas haciendo tri\u00e1ngulos en azul\u00f3n. Se engancha con peineta.<\/p>\n","protected":false},"excerpt":{"rendered":"<p>Tocado en base blanda en azul\u00f3n y rosa palo, encima una lazada con red en rosa palo y unas plumas haciendo tri\u00e1ngulos en azul\u00f3n. Se engancha con peineta.<\/p>\n","protected":false},"featured_media":6869,"template":"","meta":{"_et_pb_use_builder":"","_et_pb_old_content":"","_et_gb_content_width":""},"product_brand":[],"product_cat":[90],"product_tag":[],"class_list":{"0":"post-6868","1":"product","2":"type-product","3":"status-publish","4":"has-post-thumbnail","6":"product_cat-tocados","8":"first","9":"instock","10":"taxable","11":"shipping-taxable","12":"purchasable","13":"product-type-simple"},"_links":{"self":[{"href":"https:\/\/www.boutiquefelicidad.com\/en\/wp-json\/wp\/v2\/product\/6868","targetHints":{"allow":["GET"]}}],"collection":[{"href":"https:\/\/www.boutiquefelicidad.com\/en\/wp-json\/wp\/v2\/product"}],"about":[{"href":"https:\/\/www.boutiquefelicidad.com\/en\/wp-json\/wp\/v2\/types\/product"}],"wp:featuredmedia":[{"embeddable":true,"href":"https:\/\/www.boutiquefelicidad.com\/en\/wp-json\/wp\/v2\/media\/6869"}],"wp:attachment":[{"href":"https:\/\/www.boutiquefelicidad.com\/en\/wp-json\/wp\/v2\/media?parent=6868"}],"wp:term":[{"taxonomy":"product_brand","embeddable":true,"href":"https:\/\/www.boutiquefelicidad.com\/en\/wp-json\/wp\/v2\/product_brand?post=6868"},{"taxonomy":"product_cat","embeddable":true,"href":"https:\/\/www.boutiquefelicidad.com\/en\/wp-json\/wp\/v2\/product_cat?post=6868"},{"taxonomy":"product_tag","embeddable":true,"href":"https:\/\/www.boutiquefelicidad.com\/en\/wp-json\/wp\/v2\/product_tag?post=6868"}],"curies":[{"name":"wp","href":"https:\/\/api.w.org\/{rel}","templated":true}]}}