{"id":6367,"date":"2018-03-29T18:16:10","date_gmt":"2018-03-29T16:16:10","guid":{"rendered":"https:\/\/www.boutiquefelicidad.com\/?post_type=product&#038;p=6367"},"modified":"2020-06-17T19:12:09","modified_gmt":"2020-06-17T17:12:09","slug":"velo-v1401","status":"publish","type":"product","link":"https:\/\/www.boutiquefelicidad.com\/en\/producto\/velo-v1401\/","title":{"rendered":"velo v1403"},"content":{"rendered":"<p>Velo de novia de tres metros veinte cent\u00edmetros, todo el extremo del velo con un bordado en blanco ivory precioso, este en concreto es de unos 10 cent\u00edmetros de ancho el bordado. Puede ponerse alargado o coser la peineta en el lateral y poner el velo en doble haci\u00e9ndolo m\u00e1s corto.<\/p>\n","protected":false},"excerpt":{"rendered":"<p>Velo de novia de tres metros veinte cent\u00edmetros, todo el extremo del velo con un bordado en blanco ivory precioso, este en concreto es de unos 10 cent\u00edmetros de ancho el bordado.<\/p>\n","protected":false},"featured_media":11083,"template":"","meta":{"_et_pb_use_builder":"","_et_pb_old_content":"","_et_gb_content_width":""},"product_brand":[],"product_cat":[240,71],"product_tag":[325,305,321,322,304,292,323,316,324,327,293],"class_list":{"0":"post-6367","1":"product","2":"type-product","3":"status-publish","4":"has-post-thumbnail","6":"product_cat-complementos-novia","7":"product_cat-boda","8":"product_tag-adorno","9":"product_tag-alicante","10":"product_tag-altea","11":"product_tag-benidorm","12":"product_tag-boda","13":"product_tag-calpe","14":"product_tag-denia","15":"product_tag-novia","16":"product_tag-prendido","17":"product_tag-velo","18":"product_tag-vestido","20":"first","21":"outofstock","22":"taxable","23":"shipping-taxable","24":"purchasable","25":"product-type-simple"},"_links":{"self":[{"href":"https:\/\/www.boutiquefelicidad.com\/en\/wp-json\/wp\/v2\/product\/6367","targetHints":{"allow":["GET"]}}],"collection":[{"href":"https:\/\/www.boutiquefelicidad.com\/en\/wp-json\/wp\/v2\/product"}],"about":[{"href":"https:\/\/www.boutiquefelicidad.com\/en\/wp-json\/wp\/v2\/types\/product"}],"wp:featuredmedia":[{"embeddable":true,"href":"https:\/\/www.boutiquefelicidad.com\/en\/wp-json\/wp\/v2\/media\/11083"}],"wp:attachment":[{"href":"https:\/\/www.boutiquefelicidad.com\/en\/wp-json\/wp\/v2\/media?parent=6367"}],"wp:term":[{"taxonomy":"product_brand","embeddable":true,"href":"https:\/\/www.boutiquefelicidad.com\/en\/wp-json\/wp\/v2\/product_brand?post=6367"},{"taxonomy":"product_cat","embeddable":true,"href":"https:\/\/www.boutiquefelicidad.com\/en\/wp-json\/wp\/v2\/product_cat?post=6367"},{"taxonomy":"product_tag","embeddable":true,"href":"https:\/\/www.boutiquefelicidad.com\/en\/wp-json\/wp\/v2\/product_tag?post=6367"}],"curies":[{"name":"wp","href":"https:\/\/api.w.org\/{rel}","templated":true}]}}