{"id":6082,"date":"2018-03-25T15:49:28","date_gmt":"2018-03-25T13:49:28","guid":{"rendered":"https:\/\/www.boutiquefelicidad.com\/?post_type=product&#038;p=6082"},"modified":"2025-08-01T13:10:28","modified_gmt":"2025-08-01T11:10:28","slug":"maria-lago-1229","status":"publish","type":"product","link":"https:\/\/www.boutiquefelicidad.com\/en\/producto\/maria-lago-1229\/","title":{"rendered":"Maria Lago 1229"},"content":{"rendered":"<p>Vestido asim\u00e9trico de tablas donde la falda lleva bolsillos, escote palabra de honor y el color es el de la foto que acompa\u00f1a abajo la foto (fondo azul marino y flores azul m\u00e1s claro), con un cintur\u00f3n azul.<\/p>\n<p>Si la talla que utiliza est\u00e1 agotada p\u00f3ngase en contacto con nosotros via email: <a href=\"mailto:b.felicidad@hotmail.com\">b.felicidad@hotmail.com<\/a> para consultar disponibilidad en f\u00e1brica.<\/p>\n<p>Para saber cu\u00e1l es su talla mida pecho, cintura y cadera y compruebe la tabla inferior.<br \/>\nRecuerda, si est\u00e1s entre dos tallas escoge la siguiente m\u00e1s grande.<br \/>\nNuestras tallas son orientativas y puede variar seg\u00fan el fabricante. Ante cualquier duda cons\u00faltenos.<\/p>\n<p><img loading=\"lazy\" decoding=\"async\" class=\"size-medium wp-image-7193 aligncenter\" src=\"https:\/\/www.boutiquefelicidad.com\/wp-content\/uploads\/2018\/04\/maria-lago-300x173.png\" alt=\"\" width=\"300\" height=\"173\" srcset=\"https:\/\/www.boutiquefelicidad.com\/wp-content\/uploads\/2018\/04\/maria-lago-300x173.png 300w, https:\/\/www.boutiquefelicidad.com\/wp-content\/uploads\/2018\/04\/maria-lago-64x37.png 64w, https:\/\/www.boutiquefelicidad.com\/wp-content\/uploads\/2018\/04\/maria-lago-600x346.png 600w, https:\/\/www.boutiquefelicidad.com\/wp-content\/uploads\/2018\/04\/maria-lago.png 656w\" sizes=\"(max-width: 300px) 100vw, 300px\" \/><\/p>\n","protected":false},"excerpt":{"rendered":"<p>Vestido asim\u00e9trico de tablas donde la falda lleva bolsillos, escote palabra de honor y el color es el de la foto que acompa\u00f1a abajo la foto (fondo azul marino y flores azul m\u00e1s claro), con un cintur\u00f3n azul. Si la talla que utiliza est\u00e1 agotada p\u00f3ngase en contacto con nosotros via email: b.felicidad@hotmail.com para consultar [&hellip;]<\/p>\n","protected":false},"featured_media":9614,"template":"","meta":{"_et_pb_use_builder":"","_et_pb_old_content":"","_et_gb_content_width":""},"product_brand":[],"product_cat":[52,48],"product_tag":[350,305,321,331,322,304,292,332,323,346,310,295,334,313,347,309,293],"class_list":{"0":"post-6082","1":"product","2":"type-product","3":"status-publish","4":"has-post-thumbnail","6":"product_cat-alta-costura","7":"product_cat-mujer","8":"product_tag-350","9":"product_tag-alicante","10":"product_tag-altea","11":"product_tag-bautizo","12":"product_tag-benidorm","13":"product_tag-boda","14":"product_tag-calpe","15":"product_tag-comunion","16":"product_tag-denia","17":"product_tag-estampado","18":"product_tag-evento","19":"product_tag-fiesta","20":"product_tag-flores","21":"product_tag-madrina","22":"product_tag-maria-lago","23":"product_tag-moda","24":"product_tag-vestido","25":"pa_tallas-254","27":"first","28":"outofstock","29":"taxable","30":"shipping-taxable","31":"purchasable","32":"product-type-variable"},"_links":{"self":[{"href":"https:\/\/www.boutiquefelicidad.com\/en\/wp-json\/wp\/v2\/product\/6082","targetHints":{"allow":["GET"]}}],"collection":[{"href":"https:\/\/www.boutiquefelicidad.com\/en\/wp-json\/wp\/v2\/product"}],"about":[{"href":"https:\/\/www.boutiquefelicidad.com\/en\/wp-json\/wp\/v2\/types\/product"}],"wp:featuredmedia":[{"embeddable":true,"href":"https:\/\/www.boutiquefelicidad.com\/en\/wp-json\/wp\/v2\/media\/9614"}],"wp:attachment":[{"href":"https:\/\/www.boutiquefelicidad.com\/en\/wp-json\/wp\/v2\/media?parent=6082"}],"wp:term":[{"taxonomy":"product_brand","embeddable":true,"href":"https:\/\/www.boutiquefelicidad.com\/en\/wp-json\/wp\/v2\/product_brand?post=6082"},{"taxonomy":"product_cat","embeddable":true,"href":"https:\/\/www.boutiquefelicidad.com\/en\/wp-json\/wp\/v2\/product_cat?post=6082"},{"taxonomy":"product_tag","embeddable":true,"href":"https:\/\/www.boutiquefelicidad.com\/en\/wp-json\/wp\/v2\/product_tag?post=6082"}],"curies":[{"name":"wp","href":"https:\/\/api.w.org\/{rel}","templated":true}]}}