{"id":19988,"date":"2025-11-04T11:35:37","date_gmt":"2025-11-04T10:35:37","guid":{"rendered":"https:\/\/www.boutiquefelicidad.com\/?post_type=product&#038;p=19988"},"modified":"2025-11-04T12:32:09","modified_gmt":"2025-11-04T11:32:09","slug":"vestido-blanco-midi","status":"publish","type":"product","link":"https:\/\/www.boutiquefelicidad.com\/en\/producto\/vestido-blanco-midi\/","title":{"rendered":"Vestido blanco midi"},"content":{"rendered":"<p data-start=\"185\" data-end=\"475\">Vestido blanco midi ideal para novias civiles o invitadas de blanco o comuni\u00f3n.\u00a0Su dise\u00f1o combina elegancia y feminidad gracias al escote cruzado en pico y las mangas semitransparentes que aportan un toque rom\u00e1ntico y actual. El protagonista del look es el gran adorno floral en la cintura, que estiliza la silueta y realza la figura con un aire muy chic. La abertura lateral en la falda a\u00f1ade un toque de sensualidad y movimiento, haciendo de este dise\u00f1o una opci\u00f3n perfecta para brillar.<\/p>\n<p>Si la talla que utiliza est\u00e1 agotada p\u00f3ngase en contacto con nosotros v\u00eda email: <a href=\"mailto:b.felicidad@hotmail.com\">b.felicidad@hotmail.com<\/a> para consultar disponibilidad en f\u00e1brica de este vestido.<\/p>\n<p>Para saber cu\u00e1l es su talla mida pecho, cintura y cadera y compruebe la tabla inferior.<br \/>\nRecuerda, si est\u00e1s entre dos tallas escoge la siguiente m\u00e1s grande.<br \/>\nNuestras tallas son orientativas y puede variar seg\u00fan el fabricante. Ante cualquier duda cons\u00faltenos.<\/p>\n<p><img loading=\"lazy\" decoding=\"async\" class=\" wp-image-11553 aligncenter\" src=\"https:\/\/www.boutiquefelicidad.com\/wp-content\/uploads\/2020\/02\/celestina-300x122.png\" alt=\"\" width=\"400\" height=\"164\" srcset=\"https:\/\/www.boutiquefelicidad.com\/wp-content\/uploads\/2020\/02\/celestina-300x122.png 300w, https:\/\/www.boutiquefelicidad.com\/wp-content\/uploads\/2020\/02\/celestina-64x26.png 64w\" sizes=\"(max-width: 400px) 100vw, 400px\" \/><\/p>\n<p>&nbsp;<\/p>\n","protected":false},"excerpt":{"rendered":"<p>Vestido blanco midi ideal para novias civiles o invitadas de blanco o comuni\u00f3n.\u00a0Su dise\u00f1o combina elegancia y feminidad gracias al escote cruzado en pico y las mangas semitransparentes que aportan un toque rom\u00e1ntico y actual. El protagonista del look es el gran adorno floral en la cintura, que estiliza la silueta y realza la figura con un aire muy chic. La abertura lateral en la falda a\u00f1ade un toque de sensualidad y movimiento, haciendo de este dise\u00f1o una opci\u00f3n perfecta para brillar.<\/p>\n<p>&nbsp;<\/p>\n<p>&nbsp;<\/p>\n","protected":false},"featured_media":19993,"template":"","meta":{"_et_pb_use_builder":"","_et_pb_old_content":"","_et_gb_content_width":""},"product_brand":[],"product_cat":[48,53,51],"product_tag":[305,322,304,292,310,295,309,293,881,746,747,339,780],"class_list":{"0":"post-19988","1":"product","2":"type-product","3":"status-publish","4":"has-post-thumbnail","6":"product_cat-mujer","7":"product_cat-vestidos-cortos","8":"product_cat-vestidos-largos","9":"product_tag-alicante","10":"product_tag-benidorm","11":"product_tag-boda","12":"product_tag-calpe","13":"product_tag-evento","14":"product_tag-fiesta","15":"product_tag-moda","16":"product_tag-vestido","17":"product_tag-vestidodeboda","18":"product_tag-vestidodefiesta","19":"product_tag-vestidodeinvitada","20":"product_tag-vestidolargo","21":"product_tag-vestidotallagrande","22":"pa_tallas-253","24":"first","25":"instock","26":"taxable","27":"shipping-taxable","28":"purchasable","29":"product-type-variable"},"_links":{"self":[{"href":"https:\/\/www.boutiquefelicidad.com\/en\/wp-json\/wp\/v2\/product\/19988","targetHints":{"allow":["GET"]}}],"collection":[{"href":"https:\/\/www.boutiquefelicidad.com\/en\/wp-json\/wp\/v2\/product"}],"about":[{"href":"https:\/\/www.boutiquefelicidad.com\/en\/wp-json\/wp\/v2\/types\/product"}],"wp:featuredmedia":[{"embeddable":true,"href":"https:\/\/www.boutiquefelicidad.com\/en\/wp-json\/wp\/v2\/media\/19993"}],"wp:attachment":[{"href":"https:\/\/www.boutiquefelicidad.com\/en\/wp-json\/wp\/v2\/media?parent=19988"}],"wp:term":[{"taxonomy":"product_brand","embeddable":true,"href":"https:\/\/www.boutiquefelicidad.com\/en\/wp-json\/wp\/v2\/product_brand?post=19988"},{"taxonomy":"product_cat","embeddable":true,"href":"https:\/\/www.boutiquefelicidad.com\/en\/wp-json\/wp\/v2\/product_cat?post=19988"},{"taxonomy":"product_tag","embeddable":true,"href":"https:\/\/www.boutiquefelicidad.com\/en\/wp-json\/wp\/v2\/product_tag?post=19988"}],"curies":[{"name":"wp","href":"https:\/\/api.w.org\/{rel}","templated":true}]}}