{"id":19894,"date":"2025-08-04T12:31:31","date_gmt":"2025-08-04T10:31:31","guid":{"rendered":"https:\/\/www.boutiquefelicidad.com\/?post_type=product&#038;p=19894"},"modified":"2025-09-26T10:24:43","modified_gmt":"2025-09-26T08:24:43","slug":"conjunto-chaqueta-pantalon-buganvilla","status":"publish","type":"product","link":"https:\/\/www.boutiquefelicidad.com\/en\/producto\/conjunto-chaqueta-pantalon-buganvilla\/","title":{"rendered":"Conjunto chaqueta pantal\u00f3n buganvilla"},"content":{"rendered":"<p>Conjunto chaqueta pantal\u00f3n buganvilla. La chaqueta se ata de forma cruzada con una lazada interna y se cierra por fuera con un nudo o lazo con extremo que termina en fleco. El pantal\u00f3n es de corte recto con buena ca\u00edda. Conjunto que puede usarse perfectamente por separado con otra parte de arriba o diferente pantal\u00f3n. Muy elegante y ponible para cualquier tipo de evento.<\/p>\n<p>Si la talla que utiliza est\u00e1 agotada p\u00f3ngase en contacto con nosotros v\u00eda email: <a href=\"mailto:b.felicidad@hotmail.com\">b.felicidad@hotmail.com<\/a> para consultar disponibilidad en f\u00e1brica de este vestido.<\/p>\n<p>Para saber cu\u00e1l es su talla mida pecho, cintura y cadera y compruebe la tabla inferior.<br \/>\nRecuerda, si est\u00e1s entre dos tallas escoge la siguiente m\u00e1s grande.<br \/>\nNuestras tallas son orientativas y puede variar seg\u00fan el fabricante. Ante cualquier duda cons\u00faltenos.<\/p>\n<p><img loading=\"lazy\" decoding=\"async\" class=\" wp-image-11553 aligncenter\" src=\"https:\/\/www.boutiquefelicidad.com\/wp-content\/uploads\/2020\/02\/celestina-300x122.png\" alt=\"\" width=\"400\" height=\"164\" srcset=\"https:\/\/www.boutiquefelicidad.com\/wp-content\/uploads\/2020\/02\/celestina-300x122.png 300w, https:\/\/www.boutiquefelicidad.com\/wp-content\/uploads\/2020\/02\/celestina-64x26.png 64w\" sizes=\"(max-width: 400px) 100vw, 400px\" \/><\/p>\n<p>&nbsp;<\/p>\n","protected":false},"excerpt":{"rendered":"<p>Conjunto chaqueta pantal\u00f3n buganvilla. La chaqueta se ata de forma cruzada con una lazada interna y se cierra por fuera con un nudo o lazo con extremo que termina en fleco. El pantal\u00f3n es de corte recto con buena ca\u00edda. Conjunto que puede usarse perfectamente por separado con otra parte de arriba o diferente pantal\u00f3n. Muy elegante y ponible para cualquier tipo de evento.<\/p>\n<p>&nbsp;<\/p>\n<p>&nbsp;<\/p>\n","protected":false},"featured_media":19898,"template":"","meta":{"_et_pb_use_builder":"","_et_pb_old_content":"","_et_gb_content_width":""},"product_brand":[],"product_cat":[270,48],"product_tag":[305,322,304,292,792,310,295,309,293,881,746,747,339,780],"class_list":{"0":"post-19894","1":"product","2":"type-product","3":"status-publish","4":"has-post-thumbnail","6":"product_cat-conjuntos-y-monos","7":"product_cat-mujer","8":"product_tag-alicante","9":"product_tag-benidorm","10":"product_tag-boda","11":"product_tag-calpe","12":"product_tag-conjuntodefiesta","13":"product_tag-evento","14":"product_tag-fiesta","15":"product_tag-moda","16":"product_tag-vestido","17":"product_tag-vestidodeboda","18":"product_tag-vestidodefiesta","19":"product_tag-vestidodeinvitada","20":"product_tag-vestidolargo","21":"product_tag-vestidotallagrande","22":"pa_tallas-253","24":"first","25":"outofstock","26":"taxable","27":"shipping-taxable","28":"purchasable","29":"product-type-variable"},"_links":{"self":[{"href":"https:\/\/www.boutiquefelicidad.com\/en\/wp-json\/wp\/v2\/product\/19894","targetHints":{"allow":["GET"]}}],"collection":[{"href":"https:\/\/www.boutiquefelicidad.com\/en\/wp-json\/wp\/v2\/product"}],"about":[{"href":"https:\/\/www.boutiquefelicidad.com\/en\/wp-json\/wp\/v2\/types\/product"}],"wp:featuredmedia":[{"embeddable":true,"href":"https:\/\/www.boutiquefelicidad.com\/en\/wp-json\/wp\/v2\/media\/19898"}],"wp:attachment":[{"href":"https:\/\/www.boutiquefelicidad.com\/en\/wp-json\/wp\/v2\/media?parent=19894"}],"wp:term":[{"taxonomy":"product_brand","embeddable":true,"href":"https:\/\/www.boutiquefelicidad.com\/en\/wp-json\/wp\/v2\/product_brand?post=19894"},{"taxonomy":"product_cat","embeddable":true,"href":"https:\/\/www.boutiquefelicidad.com\/en\/wp-json\/wp\/v2\/product_cat?post=19894"},{"taxonomy":"product_tag","embeddable":true,"href":"https:\/\/www.boutiquefelicidad.com\/en\/wp-json\/wp\/v2\/product_tag?post=19894"}],"curies":[{"name":"wp","href":"https:\/\/api.w.org\/{rel}","templated":true}]}}