{"id":19817,"date":"2025-08-01T19:00:39","date_gmt":"2025-08-01T17:00:39","guid":{"rendered":"https:\/\/www.boutiquefelicidad.com\/?post_type=product&#038;p=19817"},"modified":"2025-08-07T13:31:31","modified_gmt":"2025-08-07T11:31:31","slug":"vestido-carla-ruiz-plisado-rosa","status":"publish","type":"product","link":"https:\/\/www.boutiquefelicidad.com\/en\/producto\/vestido-carla-ruiz-plisado-rosa\/","title":{"rendered":"Vestido Carla Ruiz plisado rosa"},"content":{"rendered":"<p>Vestido Carla Ruiz plisado rosa. Con corte vuelo completamente plisado efecto raso y con un brillo sutil metalizado. Presenta escote en uve, mangas plisadas abullonadas acabadas en pu\u00f1o con botones y cintur\u00f3n con hebilla estrellada de cristales que pronuncian y marcan la silueta de la cintura. La falda cae elegante y da mucho movimiento al andar.<\/p>\n<p>Si la talla que utiliza est\u00e1 agotada p\u00f3ngase en contacto con nosotros v\u00eda email: <a href=\"mailto:b.felicidad@hotmail.com\">b.felicidad@hotmail.com<\/a> para consultar disponibilidad en f\u00e1brica de este vestido.<\/p>\n<p>Para saber cu\u00e1l es su talla mida pecho, cintura y cadera y compruebe la tabla inferior.<br \/>\nRecuerda, si est\u00e1s entre dos tallas escoge la siguiente m\u00e1s grande.<br \/>\nNuestras tallas son orientativas y puede variar seg\u00fan el fabricante. Ante cualquier duda cons\u00faltenos.<\/p>\n<p><img loading=\"lazy\" decoding=\"async\" class=\" wp-image-11553 aligncenter\" src=\"https:\/\/www.boutiquefelicidad.com\/wp-content\/uploads\/2020\/02\/celestina-300x122.png\" alt=\"\" width=\"400\" height=\"164\" srcset=\"https:\/\/www.boutiquefelicidad.com\/wp-content\/uploads\/2020\/02\/celestina-300x122.png 300w, https:\/\/www.boutiquefelicidad.com\/wp-content\/uploads\/2020\/02\/celestina-64x26.png 64w\" sizes=\"(max-width: 400px) 100vw, 400px\" \/><\/p>\n<p>&nbsp;<\/p>\n","protected":false},"excerpt":{"rendered":"<p>Vestido Carla Ruiz plisado rosa. Con corte vuelo completamente plisado efecto raso y con un brillo sutil metalizado. Presenta escote en uve, mangas plisadas abullonadas acabadas en pu\u00f1o con botones y cintur\u00f3n con hebilla estrellada de cristales que pronuncian y marcan la silueta de la cintura. La falda cae elegante y da mucho movimiento al andar.<\/p>\n<p>&nbsp;<\/p>\n<p>&nbsp;<\/p>\n","protected":false},"featured_media":19818,"template":"","meta":{"_et_pb_use_builder":"","_et_pb_old_content":"","_et_gb_content_width":""},"product_brand":[],"product_cat":[48,51],"product_tag":[1145,305,322,304,292,310,295,309,293,881,746,747,339,780],"class_list":{"0":"post-19817","1":"product","2":"type-product","3":"status-publish","4":"has-post-thumbnail","6":"product_cat-mujer","7":"product_cat-vestidos-largos","8":"product_tag-1145","9":"product_tag-alicante","10":"product_tag-benidorm","11":"product_tag-boda","12":"product_tag-calpe","13":"product_tag-evento","14":"product_tag-fiesta","15":"product_tag-moda","16":"product_tag-vestido","17":"product_tag-vestidodeboda","18":"product_tag-vestidodefiesta","19":"product_tag-vestidodeinvitada","20":"product_tag-vestidolargo","21":"product_tag-vestidotallagrande","22":"pa_tallas-253","24":"first","25":"instock","26":"taxable","27":"shipping-taxable","28":"purchasable","29":"product-type-variable"},"_links":{"self":[{"href":"https:\/\/www.boutiquefelicidad.com\/en\/wp-json\/wp\/v2\/product\/19817","targetHints":{"allow":["GET"]}}],"collection":[{"href":"https:\/\/www.boutiquefelicidad.com\/en\/wp-json\/wp\/v2\/product"}],"about":[{"href":"https:\/\/www.boutiquefelicidad.com\/en\/wp-json\/wp\/v2\/types\/product"}],"wp:featuredmedia":[{"embeddable":true,"href":"https:\/\/www.boutiquefelicidad.com\/en\/wp-json\/wp\/v2\/media\/19818"}],"wp:attachment":[{"href":"https:\/\/www.boutiquefelicidad.com\/en\/wp-json\/wp\/v2\/media?parent=19817"}],"wp:term":[{"taxonomy":"product_brand","embeddable":true,"href":"https:\/\/www.boutiquefelicidad.com\/en\/wp-json\/wp\/v2\/product_brand?post=19817"},{"taxonomy":"product_cat","embeddable":true,"href":"https:\/\/www.boutiquefelicidad.com\/en\/wp-json\/wp\/v2\/product_cat?post=19817"},{"taxonomy":"product_tag","embeddable":true,"href":"https:\/\/www.boutiquefelicidad.com\/en\/wp-json\/wp\/v2\/product_tag?post=19817"}],"curies":[{"name":"wp","href":"https:\/\/api.w.org\/{rel}","templated":true}]}}