{"id":17502,"date":"2024-11-15T13:23:14","date_gmt":"2024-11-15T12:23:14","guid":{"rendered":"https:\/\/www.boutiquefelicidad.com\/?post_type=product&#038;p=17502"},"modified":"2025-08-01T18:59:59","modified_gmt":"2025-08-01T16:59:59","slug":"vestido-0918","status":"publish","type":"product","link":"https:\/\/www.boutiquefelicidad.com\/en\/producto\/vestido-0918\/","title":{"rendered":"Vestido 0918"},"content":{"rendered":"<p>Vestido 0918 largo de fiesta espectacular color verde esmeralda con detalles en brillo color oro. Adem\u00e1s de sus varias capas de tela y pedrer\u00eda de cristal dorada en la cintura, lleva en la espalda un cierre cors\u00e9 y abertura en falda que lo hacen a\u00fan m\u00e1s impresionante. Super elegante y perfecto para lucir en bodas, fiestas de 15, incluso galas de largo. Incluye tambi\u00e9n chal de tul verde a juego con el vestido.<\/p>\n<p>En nuestra secci\u00f3n de zapatos puede encontrar el zapato ideal para combinar con este vestido, \u00bfQu\u00e9 tal con este zapato de fiesta?\u00a0 \u00a0-&gt; <span style=\"color: #ff9900;\">\u00a0<span style=\"color: #ffcc00;\"><a style=\"color: #ffcc00;\" href=\"https:\/\/www.boutiquefelicidad.com\/producto\/sandalia-de-fiesta-dorada-brillo\/\">Sandalia dorada brillo<\/a><\/span><\/span><\/p>\n<p>Si la talla que utiliza est\u00e1 agotada p\u00f3ngase en contacto con nosotros v\u00eda email: <a href=\"mailto:b.felicidad@hotmail.com\">b.felicidad@hotmail.com<\/a> para consultar disponibilidad en f\u00e1brica de este vestido.<\/p>\n<p>Para saber cu\u00e1l es su talla mida pecho, cintura y cadera y compruebe la tabla inferior.<br \/>\nRecuerda, si est\u00e1s entre dos tallas escoge la siguiente m\u00e1s grande.<br \/>\nNuestras tallas son orientativas y puede variar seg\u00fan el fabricante. Ante cualquier duda cons\u00faltenos.<\/p>\n<p><img loading=\"lazy\" decoding=\"async\" class=\" wp-image-11553 aligncenter\" src=\"https:\/\/www.boutiquefelicidad.com\/wp-content\/uploads\/2020\/02\/celestina-300x122.png\" alt=\"\" width=\"400\" height=\"164\" srcset=\"https:\/\/www.boutiquefelicidad.com\/wp-content\/uploads\/2020\/02\/celestina-300x122.png 300w, https:\/\/www.boutiquefelicidad.com\/wp-content\/uploads\/2020\/02\/celestina-64x26.png 64w\" sizes=\"(max-width: 400px) 100vw, 400px\" \/><\/p>\n<p>&nbsp;<\/p>\n","protected":false},"excerpt":{"rendered":"<p>Vestido 0918 largo de fiesta espectacular color verde esmeralda con detalles en brillo color oro. Adem\u00e1s de sus varias capas de tela y pedrer\u00eda de cristal dorada en la cintura, lleva en la espalda un cierre cors\u00e9 y abertura en falda que lo hacen a\u00fan m\u00e1s impresionante. Super elegante y perfecto para lucir en bodas, fiestas de 15, incluso galas de largo. Incluye tambi\u00e9n chal de tul verde a juego con el vestido.<\/p>\n<p>&nbsp;<\/p>\n<p>&nbsp;<\/p>\n","protected":false},"featured_media":17504,"template":"","meta":{"_et_pb_use_builder":"","_et_pb_old_content":"","_et_gb_content_width":""},"product_brand":[],"product_cat":[48,50,51],"product_tag":[1115,305,322,304,292,310,295,1114,309,293,881,746,747,339,780],"class_list":{"0":"post-17502","1":"product","2":"type-product","3":"status-publish","4":"has-post-thumbnail","6":"product_cat-mujer","7":"product_cat-tallas-grandes","8":"product_cat-vestidos-largos","9":"product_tag-1115","10":"product_tag-alicante","11":"product_tag-benidorm","12":"product_tag-boda","13":"product_tag-calpe","14":"product_tag-evento","15":"product_tag-fiesta","16":"product_tag-fiestadequinceanos","17":"product_tag-moda","18":"product_tag-vestido","19":"product_tag-vestidodeboda","20":"product_tag-vestidodefiesta","21":"product_tag-vestidodeinvitada","22":"product_tag-vestidolargo","23":"product_tag-vestidotallagrande","24":"pa_tallas-252","26":"first","27":"outofstock","28":"taxable","29":"shipping-taxable","30":"product-type-variable"},"_links":{"self":[{"href":"https:\/\/www.boutiquefelicidad.com\/en\/wp-json\/wp\/v2\/product\/17502","targetHints":{"allow":["GET"]}}],"collection":[{"href":"https:\/\/www.boutiquefelicidad.com\/en\/wp-json\/wp\/v2\/product"}],"about":[{"href":"https:\/\/www.boutiquefelicidad.com\/en\/wp-json\/wp\/v2\/types\/product"}],"wp:featuredmedia":[{"embeddable":true,"href":"https:\/\/www.boutiquefelicidad.com\/en\/wp-json\/wp\/v2\/media\/17504"}],"wp:attachment":[{"href":"https:\/\/www.boutiquefelicidad.com\/en\/wp-json\/wp\/v2\/media?parent=17502"}],"wp:term":[{"taxonomy":"product_brand","embeddable":true,"href":"https:\/\/www.boutiquefelicidad.com\/en\/wp-json\/wp\/v2\/product_brand?post=17502"},{"taxonomy":"product_cat","embeddable":true,"href":"https:\/\/www.boutiquefelicidad.com\/en\/wp-json\/wp\/v2\/product_cat?post=17502"},{"taxonomy":"product_tag","embeddable":true,"href":"https:\/\/www.boutiquefelicidad.com\/en\/wp-json\/wp\/v2\/product_tag?post=17502"}],"curies":[{"name":"wp","href":"https:\/\/api.w.org\/{rel}","templated":true}]}}