{"id":17396,"date":"2024-11-04T17:42:43","date_gmt":"2024-11-04T16:42:43","guid":{"rendered":"https:\/\/www.boutiquefelicidad.com\/?post_type=product&#038;p=17396"},"modified":"2024-11-04T17:49:33","modified_gmt":"2024-11-04T16:49:33","slug":"clutch-rosa-sandia-ovalado","status":"publish","type":"product","link":"https:\/\/www.boutiquefelicidad.com\/en\/producto\/clutch-rosa-sandia-ovalado\/","title":{"rendered":"Clutch rosa sand\u00eda ovalado"},"content":{"rendered":"<p>Clutch de antelina color rosa sand\u00eda en forma ovalada, con cierre met\u00e1lico dorado. Incluye cadena para llevar colgada al hombro.<\/p>\n<p>Medidas: Ancho 18 cms, alto 11 cms, grosor 3,5 cms.<\/p>\n","protected":false},"excerpt":{"rendered":"<p>Clutch de antelina color rosa sand\u00eda en forma ovalada, con cierre met\u00e1lico dorado. Incluye cadena para llevar colgada al hombro.<\/p>\n<p>Medidas: Ancho 18 cms, alto 11 cms, grosor 3,5 cms.<\/p>\n","protected":false},"featured_media":17397,"template":"","meta":{"_et_pb_use_builder":"","_et_pb_old_content":"","_et_gb_content_width":""},"product_brand":[],"product_cat":[89],"product_tag":[305,321,322,304,378,301,409,292,379,323,310,302,295,309],"class_list":{"0":"post-17396","1":"product","2":"type-product","3":"status-publish","4":"has-post-thumbnail","6":"product_cat-bolsos","7":"product_tag-alicante","8":"product_tag-altea","9":"product_tag-benidorm","10":"product_tag-boda","11":"product_tag-bolso","12":"product_tag-boutique","13":"product_tag-buganvilla","14":"product_tag-calpe","15":"product_tag-cartera","16":"product_tag-denia","17":"product_tag-evento","18":"product_tag-felicidad","19":"product_tag-fiesta","20":"product_tag-moda","22":"first","23":"instock","24":"taxable","25":"shipping-taxable","26":"purchasable","27":"product-type-simple"},"_links":{"self":[{"href":"https:\/\/www.boutiquefelicidad.com\/en\/wp-json\/wp\/v2\/product\/17396","targetHints":{"allow":["GET"]}}],"collection":[{"href":"https:\/\/www.boutiquefelicidad.com\/en\/wp-json\/wp\/v2\/product"}],"about":[{"href":"https:\/\/www.boutiquefelicidad.com\/en\/wp-json\/wp\/v2\/types\/product"}],"wp:featuredmedia":[{"embeddable":true,"href":"https:\/\/www.boutiquefelicidad.com\/en\/wp-json\/wp\/v2\/media\/17397"}],"wp:attachment":[{"href":"https:\/\/www.boutiquefelicidad.com\/en\/wp-json\/wp\/v2\/media?parent=17396"}],"wp:term":[{"taxonomy":"product_brand","embeddable":true,"href":"https:\/\/www.boutiquefelicidad.com\/en\/wp-json\/wp\/v2\/product_brand?post=17396"},{"taxonomy":"product_cat","embeddable":true,"href":"https:\/\/www.boutiquefelicidad.com\/en\/wp-json\/wp\/v2\/product_cat?post=17396"},{"taxonomy":"product_tag","embeddable":true,"href":"https:\/\/www.boutiquefelicidad.com\/en\/wp-json\/wp\/v2\/product_tag?post=17396"}],"curies":[{"name":"wp","href":"https:\/\/api.w.org\/{rel}","templated":true}]}}