{"id":17237,"date":"2024-08-03T11:36:31","date_gmt":"2024-08-03T09:36:31","guid":{"rendered":"https:\/\/www.boutiquefelicidad.com\/?post_type=product&#038;p=17237"},"modified":"2025-10-13T19:44:36","modified_gmt":"2025-10-13T17:44:36","slug":"sandalia-plateada","status":"publish","type":"product","link":"https:\/\/www.boutiquefelicidad.com\/en\/producto\/sandalia-plateada\/","title":{"rendered":"Sandalia plateada"},"content":{"rendered":"<p>Sandalia de fiesta plateada, muy elegante, abierta en la parte delantera y atada al tobillo. Tiene tac\u00f3n de 9 cms, plataforma de 2 cms y suela con plantilla interior acolchada que la hace m\u00e1s c\u00f3moda.<\/p>\n<p>Si quieres tenemos el bolso a juego en nuestra secci\u00f3n de bolsos.<\/p>\n","protected":false},"excerpt":{"rendered":"<p>Sandalia de fiesta plateada, muy elegante, abierta en la parte delantera y atada al tobillo. Tiene tac\u00f3n de 9 cms, plataforma de 2 cms y suela con plantilla interior acolchada que la hace m\u00e1s c\u00f3moda.<\/p>\n<p>Si quieres tenemos el bolso a juego en nuestra secci\u00f3n de bolsos.<\/p>\n","protected":false},"featured_media":17245,"template":"","meta":{"_et_pb_use_builder":"","_et_pb_old_content":"","_et_gb_content_width":""},"product_brand":[],"product_cat":[88],"product_tag":[722,721,723,720],"class_list":{"0":"post-17237","1":"product","2":"type-product","3":"status-publish","4":"has-post-thumbnail","6":"product_cat-zapatos-de-mujer","7":"product_tag-sandaliadefiesta","8":"product_tag-sandaliaplateada","9":"product_tag-zapatodefiesta","10":"product_tag-zapatoplateado","11":"pa_tallas-275","12":"pa_tallas-249","13":"pa_tallas-276","14":"pa_tallas-250","15":"pa_tallas-277","16":"pa_tallas-251","17":"pa_tallas-278","19":"first","20":"instock","21":"taxable","22":"shipping-taxable","23":"purchasable","24":"product-type-variable"},"_links":{"self":[{"href":"https:\/\/www.boutiquefelicidad.com\/en\/wp-json\/wp\/v2\/product\/17237","targetHints":{"allow":["GET"]}}],"collection":[{"href":"https:\/\/www.boutiquefelicidad.com\/en\/wp-json\/wp\/v2\/product"}],"about":[{"href":"https:\/\/www.boutiquefelicidad.com\/en\/wp-json\/wp\/v2\/types\/product"}],"wp:featuredmedia":[{"embeddable":true,"href":"https:\/\/www.boutiquefelicidad.com\/en\/wp-json\/wp\/v2\/media\/17245"}],"wp:attachment":[{"href":"https:\/\/www.boutiquefelicidad.com\/en\/wp-json\/wp\/v2\/media?parent=17237"}],"wp:term":[{"taxonomy":"product_brand","embeddable":true,"href":"https:\/\/www.boutiquefelicidad.com\/en\/wp-json\/wp\/v2\/product_brand?post=17237"},{"taxonomy":"product_cat","embeddable":true,"href":"https:\/\/www.boutiquefelicidad.com\/en\/wp-json\/wp\/v2\/product_cat?post=17237"},{"taxonomy":"product_tag","embeddable":true,"href":"https:\/\/www.boutiquefelicidad.com\/en\/wp-json\/wp\/v2\/product_tag?post=17237"}],"curies":[{"name":"wp","href":"https:\/\/api.w.org\/{rel}","templated":true}]}}