{"id":17098,"date":"2024-07-12T11:31:19","date_gmt":"2024-07-12T09:31:19","guid":{"rendered":"https:\/\/www.boutiquefelicidad.com\/?post_type=product&#038;p=17098"},"modified":"2025-10-13T20:13:21","modified_gmt":"2025-10-13T18:13:21","slug":"sandalia-de-fiesta-champan-espejo","status":"publish","type":"product","link":"https:\/\/www.boutiquefelicidad.com\/en\/producto\/sandalia-de-fiesta-champan-espejo\/","title":{"rendered":"Sandalia champ\u00e1n espejo"},"content":{"rendered":"<p>Sandalia de fiesta champ\u00e1n espejo, muy elegante, abierta en la parte delantera y atada al tobillo. Tiene tac\u00f3n cuadrado\u00a0 de 10 cms y plataforma de 3,5 cms que la hace muy c\u00f3modo. Tambi\u00e9n disponible en color champ\u00e1n combinado en brillo espejo y brillo purpurina.<\/p>\n<p>Si quieres tenemos el bolso a juego en nuestra secci\u00f3n de <a href=\"https:\/\/www.boutiquefelicidad.com\/categoria-producto\/bolsos\/?_gl=1*y82l6n*_up*MQ..*_ga*MTYxNzg4MjM5My4xNzIwNDM2OTQy*_ga_EWC67BW6B7*MTcyMDQzNjk0MC4xLjEuMTcyMDQzNjk0NS4wLjAuMA..\">bolsos.<\/a><\/p>\n<p>&nbsp;<\/p>\n<p>&nbsp;<\/p>\n","protected":false},"excerpt":{"rendered":"<p>Sandalia de fiesta champ\u00e1n espejo, muy elegante, abierta en la parte delantera y atada al tobillo. Tiene tac\u00f3n cuadrado\u00a0 de 10 cms y plataforma de 3,5 cms que la hace muy c\u00f3modo. Tambi\u00e9n disponible en color champ\u00e1n combinado en brillo espejo y brillo purpurina.<\/p>\n<p>Si quieres tenemos el bolso a juego en nuestra secci\u00f3n de <a href=\"https:\/\/www.boutiquefelicidad.com\/categoria-producto\/bolsos\/?_gl=1*y82l6n*_up*MQ..*_ga*MTYxNzg4MjM5My4xNzIwNDM2OTQy*_ga_EWC67BW6B7*MTcyMDQzNjk0MC4xLjEuMTcyMDQzNjk0NS4wLjAuMA..\">bolsos.<\/a><\/p>\n","protected":false},"featured_media":17096,"template":"","meta":{"_et_pb_use_builder":"","_et_pb_old_content":"","_et_gb_content_width":""},"product_brand":[],"product_cat":[88],"product_tag":[767,722,769,765,723],"class_list":{"0":"post-17098","1":"product","2":"type-product","3":"status-publish","4":"has-post-thumbnail","6":"product_cat-zapatos-de-mujer","7":"product_tag-sandaliachampan","8":"product_tag-sandaliadefiesta","9":"product_tag-zapatochampan","10":"product_tag-zapatoconplataforma","11":"product_tag-zapatodefiesta","12":"pa_tallas-275","13":"pa_tallas-249","14":"pa_tallas-276","15":"pa_tallas-250","16":"pa_tallas-277","17":"pa_tallas-251","18":"pa_tallas-278","20":"first","21":"instock","22":"taxable","23":"shipping-taxable","24":"purchasable","25":"product-type-variable"},"_links":{"self":[{"href":"https:\/\/www.boutiquefelicidad.com\/en\/wp-json\/wp\/v2\/product\/17098","targetHints":{"allow":["GET"]}}],"collection":[{"href":"https:\/\/www.boutiquefelicidad.com\/en\/wp-json\/wp\/v2\/product"}],"about":[{"href":"https:\/\/www.boutiquefelicidad.com\/en\/wp-json\/wp\/v2\/types\/product"}],"wp:featuredmedia":[{"embeddable":true,"href":"https:\/\/www.boutiquefelicidad.com\/en\/wp-json\/wp\/v2\/media\/17096"}],"wp:attachment":[{"href":"https:\/\/www.boutiquefelicidad.com\/en\/wp-json\/wp\/v2\/media?parent=17098"}],"wp:term":[{"taxonomy":"product_brand","embeddable":true,"href":"https:\/\/www.boutiquefelicidad.com\/en\/wp-json\/wp\/v2\/product_brand?post=17098"},{"taxonomy":"product_cat","embeddable":true,"href":"https:\/\/www.boutiquefelicidad.com\/en\/wp-json\/wp\/v2\/product_cat?post=17098"},{"taxonomy":"product_tag","embeddable":true,"href":"https:\/\/www.boutiquefelicidad.com\/en\/wp-json\/wp\/v2\/product_tag?post=17098"}],"curies":[{"name":"wp","href":"https:\/\/api.w.org\/{rel}","templated":true}]}}