{"id":14103,"date":"2022-10-14T00:53:46","date_gmt":"2022-10-13T22:53:46","guid":{"rendered":"https:\/\/www.boutiquefelicidad.com\/?post_type=product&#038;p=14103"},"modified":"2024-11-15T11:28:53","modified_gmt":"2024-11-15T10:28:53","slug":"vestido-corto-lila-genoveva","status":"publish","type":"product","link":"https:\/\/www.boutiquefelicidad.com\/en\/producto\/vestido-corto-lila-genoveva\/","title":{"rendered":"Vestido GENOVEVA"},"content":{"rendered":"<p style=\"text-align: left;\">Vestido corto de fiesta GENOVEVA, parte superior en color lila lavanda, con mangas y escote en pico, y falda en color verde pato.<\/p>\n<p>En nuestra secci\u00f3n de zapatos puede encontrar el zapato ideal para combinar con este elegante vestido, como por ejemplo est\u00e1 c\u00f3moda\u00a0 -&gt;\u00a0\u00a0<span style=\"color: #ffcc00;\"><a style=\"color: #ffcc00;\" href=\"https:\/\/www.boutiquefelicidad.com\/producto\/zapato-lila-lavanda\/\">Zapato lavanda<\/a>\u00a0<span style=\"color: #000000;\">.<\/span><\/span><\/p>\n<p>Si la talla que utiliza est\u00e1 agotada p\u00f3ngase en contacto con nosotros via email: <a href=\"mailto:b.felicidad@hotmail.com\">b.felicidad@hotmail.com<\/a> para consultar disponibilidad en f\u00e1brica para este precioso vestido de fiesta Genoveva en color lila.<\/p>\n<p>Para saber cu\u00e1l es su talla mida pecho, cintura y cadera y compruebe la tabla inferior.<br \/>\nRecuerda, si est\u00e1s entre dos tallas escoge la siguiente m\u00e1s grande.<br \/>\nNuestras tallas son orientativas y puede variar seg\u00fan el fabricante. Ante cualquier duda cons\u00faltenos.<\/p>\n<p style=\"text-align: center;\"><strong>GUIA DE TALLAS<\/strong><\/p>\n<p><img loading=\"lazy\" decoding=\"async\" class=\"size-medium wp-image-12473 aligncenter\" src=\"https:\/\/www.boutiquefelicidad.com\/wp-content\/uploads\/2022\/01\/role-mode-300x189.png\" alt=\"\" width=\"300\" height=\"189\" srcset=\"https:\/\/www.boutiquefelicidad.com\/wp-content\/uploads\/2022\/01\/role-mode-300x189.png 300w, https:\/\/www.boutiquefelicidad.com\/wp-content\/uploads\/2022\/01\/role-mode-64x40.png 64w, https:\/\/www.boutiquefelicidad.com\/wp-content\/uploads\/2022\/01\/role-mode-600x379.png 600w, https:\/\/www.boutiquefelicidad.com\/wp-content\/uploads\/2022\/01\/role-mode.png 656w\" sizes=\"(max-width: 300px) 100vw, 300px\" \/><\/p>\n","protected":false},"excerpt":{"rendered":"<p>Vestido corto de fiesta GENOVEVA, parte superior en color lila lavanda, con mangas y escote en pico, y falda en color verde pato.<\/p>\n","protected":false},"featured_media":14106,"template":"","meta":{"_et_pb_use_builder":"","_et_pb_old_content":"","_et_gb_content_width":""},"product_brand":[],"product_cat":[48,53],"product_tag":[1048,779,748,746,747,824],"class_list":{"0":"post-14103","1":"product","2":"type-product","3":"status-publish","4":"has-post-thumbnail","6":"product_cat-mujer","7":"product_cat-vestidos-cortos","8":"product_tag-genoveva","9":"product_tag-vestidoconmangas","10":"product_tag-vestidocorto","11":"product_tag-vestidodefiesta","12":"product_tag-vestidodeinvitada","13":"product_tag-vestidolila","14":"pa_tallas-251","15":"pa_tallas-252","16":"pa_tallas-253","18":"first","19":"outofstock","20":"taxable","21":"shipping-taxable","22":"purchasable","23":"product-type-variable"},"_links":{"self":[{"href":"https:\/\/www.boutiquefelicidad.com\/en\/wp-json\/wp\/v2\/product\/14103","targetHints":{"allow":["GET"]}}],"collection":[{"href":"https:\/\/www.boutiquefelicidad.com\/en\/wp-json\/wp\/v2\/product"}],"about":[{"href":"https:\/\/www.boutiquefelicidad.com\/en\/wp-json\/wp\/v2\/types\/product"}],"wp:featuredmedia":[{"embeddable":true,"href":"https:\/\/www.boutiquefelicidad.com\/en\/wp-json\/wp\/v2\/media\/14106"}],"wp:attachment":[{"href":"https:\/\/www.boutiquefelicidad.com\/en\/wp-json\/wp\/v2\/media?parent=14103"}],"wp:term":[{"taxonomy":"product_brand","embeddable":true,"href":"https:\/\/www.boutiquefelicidad.com\/en\/wp-json\/wp\/v2\/product_brand?post=14103"},{"taxonomy":"product_cat","embeddable":true,"href":"https:\/\/www.boutiquefelicidad.com\/en\/wp-json\/wp\/v2\/product_cat?post=14103"},{"taxonomy":"product_tag","embeddable":true,"href":"https:\/\/www.boutiquefelicidad.com\/en\/wp-json\/wp\/v2\/product_tag?post=14103"}],"curies":[{"name":"wp","href":"https:\/\/api.w.org\/{rel}","templated":true}]}}