{"id":14091,"date":"2022-10-12T03:53:42","date_gmt":"2022-10-12T01:53:42","guid":{"rendered":"https:\/\/www.boutiquefelicidad.com\/?post_type=product&#038;p=14091"},"modified":"2024-11-15T11:28:54","modified_gmt":"2024-11-15T10:28:54","slug":"novia-alma-couture-tallin","status":"publish","type":"product","link":"https:\/\/www.boutiquefelicidad.com\/en\/producto\/novia-alma-couture-tallin\/","title":{"rendered":"ALMA COUTURE TALLIN"},"content":{"rendered":"<p>Vestido de novia de Alma Couture, Tallin, en tono crudo y bordado blanco, la combinaci\u00f3n de estos tonos queda incre\u00edble porque as\u00ed resalta muy bien el bordado. Es una silueta princesa sin fruce en la cintura la cual estiliza. Escote coraz\u00f3n con un tul ilusi\u00f3n que simula la piel y espalda con el mismo tul ilusi\u00f3n y bordado con botones delicados.<\/p>\n<p>Tenemos m\u00e1s modelos disponibles en nuestra secci\u00f3n de\u00a0 -&gt;\u00a0 \u00a0<span style=\"color: #ffcc00;\"><a style=\"color: #ffcc00;\" href=\"https:\/\/www.boutiquefelicidad.com\/categoria-producto\/boda\/novia\/\">Novias<\/a><span style=\"color: #000000;\">.<\/span><\/span><\/p>\n<p>Si la talla que utiliza est\u00e1 agotada p\u00f3ngase en contacto con nosotros via email: <a href=\"mailto:b.felicidad@hotmail.com\">b.felicidad@hotmail.com<\/a> o whatsapp, para consultar disponibilidad en f\u00e1brica de este elegante vestido de novia de Alma Couture Tallin.<\/p>\n<p>Para saber cu\u00e1l es su talla\u00a0 compruebe la tabla inferior.<br \/>\nRecuerde, si est\u00e1s entre dos tallas escoge la siguiente m\u00e1s grande.<\/p>\n<p><img loading=\"lazy\" decoding=\"async\" class=\" wp-image-7214 aligncenter\" src=\"https:\/\/www.boutiquefelicidad.com\/wp-content\/uploads\/2018\/03\/marfil-rosa-clara-matilde-cano-300x270.png\" alt=\"\" width=\"323\" height=\"291\" srcset=\"https:\/\/www.boutiquefelicidad.com\/wp-content\/uploads\/2018\/03\/marfil-rosa-clara-matilde-cano-300x270.png 300w, https:\/\/www.boutiquefelicidad.com\/wp-content\/uploads\/2018\/03\/marfil-rosa-clara-matilde-cano-64x58.png 64w, https:\/\/www.boutiquefelicidad.com\/wp-content\/uploads\/2018\/03\/marfil-rosa-clara-matilde-cano-600x540.png 600w, https:\/\/www.boutiquefelicidad.com\/wp-content\/uploads\/2018\/03\/marfil-rosa-clara-matilde-cano.png 622w\" sizes=\"(max-width: 323px) 100vw, 323px\" \/><\/p>\n","protected":false},"excerpt":{"rendered":"<p>Vestido de novia de Alma Couture, Tallin, en tono crudo y bordado blanco, la combinaci\u00f3n de estos tonos queda incre\u00edble porque as\u00ed resalta muy bien el bordado. Es una silueta princesa sin fruce en la cintura la cual estiliza. Escote coraz\u00f3n con un tul ilusi\u00f3n que simula la piel y espalda con el mismo tul ilusi\u00f3n y bordado con botones delicados.<\/p>\n","protected":false},"featured_media":14095,"template":"","meta":{"_et_pb_use_builder":"","_et_pb_old_content":"","_et_gb_content_width":""},"product_brand":[],"product_cat":[71,85],"product_tag":[444,1030,1023,1047,1024,1025,881,978],"class_list":{"0":"post-14091","1":"product","2":"type-product","3":"status-publish","4":"has-post-thumbnail","6":"product_cat-boda","7":"product_cat-novia","8":"product_tag-almacouture","9":"product_tag-bodaalicante","10":"product_tag-noviaalicante","11":"product_tag-tallin","12":"product_tag-trajedeboda","13":"product_tag-trajedenovia","14":"product_tag-vestidodeboda","15":"product_tag-vestidodenovia","16":"pa_tallas-252","18":"first","19":"outofstock","20":"featured","21":"taxable","22":"shipping-taxable","23":"purchasable","24":"product-type-variable"},"_links":{"self":[{"href":"https:\/\/www.boutiquefelicidad.com\/en\/wp-json\/wp\/v2\/product\/14091","targetHints":{"allow":["GET"]}}],"collection":[{"href":"https:\/\/www.boutiquefelicidad.com\/en\/wp-json\/wp\/v2\/product"}],"about":[{"href":"https:\/\/www.boutiquefelicidad.com\/en\/wp-json\/wp\/v2\/types\/product"}],"wp:featuredmedia":[{"embeddable":true,"href":"https:\/\/www.boutiquefelicidad.com\/en\/wp-json\/wp\/v2\/media\/14095"}],"wp:attachment":[{"href":"https:\/\/www.boutiquefelicidad.com\/en\/wp-json\/wp\/v2\/media?parent=14091"}],"wp:term":[{"taxonomy":"product_brand","embeddable":true,"href":"https:\/\/www.boutiquefelicidad.com\/en\/wp-json\/wp\/v2\/product_brand?post=14091"},{"taxonomy":"product_cat","embeddable":true,"href":"https:\/\/www.boutiquefelicidad.com\/en\/wp-json\/wp\/v2\/product_cat?post=14091"},{"taxonomy":"product_tag","embeddable":true,"href":"https:\/\/www.boutiquefelicidad.com\/en\/wp-json\/wp\/v2\/product_tag?post=14091"}],"curies":[{"name":"wp","href":"https:\/\/api.w.org\/{rel}","templated":true}]}}