{"id":13821,"date":"2022-08-22T05:07:33","date_gmt":"2022-08-22T03:07:33","guid":{"rendered":"https:\/\/www.boutiquefelicidad.com\/?post_type=product&#038;p=13821"},"modified":"2024-11-15T11:29:15","modified_gmt":"2024-11-15T10:29:15","slug":"traje-novio-araxgazzo-azul","status":"publish","type":"product","link":"https:\/\/www.boutiquefelicidad.com\/en\/producto\/traje-novio-araxgazzo-azul\/","title":{"rendered":"ARAX GAZZO 522-430 AZUL"},"content":{"rendered":"<p>Traje de novio o padrino AraxGazzo 522-430, en color azul, el precio es completo: chaqueta, pantal\u00f3n, chaleco recto, corbat\u00f3n, camisa y gemelos a juego del traje. Es un corte m\u00e1s italiano, ajustado y moderno. Tambi\u00e9n disponible en color violeta.<\/p>\n<p>Tenemos m\u00e1s modelos disponibles en nuestra secci\u00f3n de\u00a0 -&gt;\u00a0 \u00a0<span style=\"color: #ffcc00;\"><a style=\"color: #ffcc00;\" href=\"https:\/\/www.boutiquefelicidad.com\/categoria-producto\/boda\/novio\/\">Novios<\/a><\/span><\/p>\n<p>Si la talla que utiliza est\u00e1 agotada p\u00f3ngase en contacto con nosotros via email: <a href=\"mailto:b.felicidad@hotmail.com\">b.felicidad@hotmail.com<\/a> o whatsapp, para consultar disponibilidad en f\u00e1brica de este traje de novio AraxGazzo 522-430 azul.<\/p>\n<p>Para saber cu\u00e1l es su talla\u00a0 compruebe la tabla inferior.<br \/>\nRecuerda, si est\u00e1s entre dos tallas escoge la siguiente m\u00e1s grande.<\/p>\n<p><img loading=\"lazy\" decoding=\"async\" class=\"size-medium wp-image-7650 aligncenter\" src=\"https:\/\/www.boutiquefelicidad.com\/wp-content\/uploads\/2017\/11\/TrajesNovio-300x26.png\" alt=\"\" width=\"300\" height=\"26\" srcset=\"https:\/\/www.boutiquefelicidad.com\/wp-content\/uploads\/2017\/11\/TrajesNovio-300x26.png 300w, https:\/\/www.boutiquefelicidad.com\/wp-content\/uploads\/2017\/11\/TrajesNovio-800x69.png 800w, https:\/\/www.boutiquefelicidad.com\/wp-content\/uploads\/2017\/11\/TrajesNovio-64x5.png 64w, https:\/\/www.boutiquefelicidad.com\/wp-content\/uploads\/2017\/11\/TrajesNovio-768x66.png 768w, https:\/\/www.boutiquefelicidad.com\/wp-content\/uploads\/2017\/11\/TrajesNovio-600x51.png 600w, https:\/\/www.boutiquefelicidad.com\/wp-content\/uploads\/2017\/11\/TrajesNovio.png 980w\" sizes=\"(max-width: 300px) 100vw, 300px\" \/><\/p>\n","protected":false},"excerpt":{"rendered":"<p>Traje de novio o padrino AraxGazzo 522-430, en color azul, el precio es completo: chaqueta, pantal\u00f3n, chaleco recto, corbat\u00f3n, camisa y gemelos a juego del traje. Es un corte m\u00e1s italiano, ajustado y moderno. Tambi\u00e9n disponible en color violeta.<\/p>\n","protected":false},"featured_media":13816,"template":"","meta":{"_et_pb_use_builder":"","_et_pb_old_content":"","_et_gb_content_width":""},"product_brand":[],"product_cat":[71,86],"product_tag":[304,1004,1002,1003,1013],"class_list":{"0":"post-13821","1":"product","2":"type-product","3":"status-publish","4":"has-post-thumbnail","6":"product_cat-boda","7":"product_cat-novio","8":"product_tag-boda","9":"product_tag-trajeazul","10":"product_tag-trajedenovio","11":"product_tag-trajedepadrino","12":"product_tag-trajemorado","13":"pa_tallas-258","15":"first","16":"instock","17":"featured","18":"taxable","19":"shipping-taxable","20":"purchasable","21":"product-type-variable"},"_links":{"self":[{"href":"https:\/\/www.boutiquefelicidad.com\/en\/wp-json\/wp\/v2\/product\/13821","targetHints":{"allow":["GET"]}}],"collection":[{"href":"https:\/\/www.boutiquefelicidad.com\/en\/wp-json\/wp\/v2\/product"}],"about":[{"href":"https:\/\/www.boutiquefelicidad.com\/en\/wp-json\/wp\/v2\/types\/product"}],"wp:featuredmedia":[{"embeddable":true,"href":"https:\/\/www.boutiquefelicidad.com\/en\/wp-json\/wp\/v2\/media\/13816"}],"wp:attachment":[{"href":"https:\/\/www.boutiquefelicidad.com\/en\/wp-json\/wp\/v2\/media?parent=13821"}],"wp:term":[{"taxonomy":"product_brand","embeddable":true,"href":"https:\/\/www.boutiquefelicidad.com\/en\/wp-json\/wp\/v2\/product_brand?post=13821"},{"taxonomy":"product_cat","embeddable":true,"href":"https:\/\/www.boutiquefelicidad.com\/en\/wp-json\/wp\/v2\/product_cat?post=13821"},{"taxonomy":"product_tag","embeddable":true,"href":"https:\/\/www.boutiquefelicidad.com\/en\/wp-json\/wp\/v2\/product_tag?post=13821"}],"curies":[{"name":"wp","href":"https:\/\/api.w.org\/{rel}","templated":true}]}}