{"id":13689,"date":"2022-06-08T16:05:23","date_gmt":"2022-06-08T14:05:23","guid":{"rendered":"https:\/\/www.boutiquefelicidad.com\/?post_type=product&#038;p=13689"},"modified":"2024-11-15T11:29:30","modified_gmt":"2024-11-15T10:29:30","slug":"vestido-largo-2674","status":"publish","type":"product","link":"https:\/\/www.boutiquefelicidad.com\/en\/producto\/vestido-largo-2674\/","title":{"rendered":"Vestido 2674"},"content":{"rendered":"<p>Vestido de fiesta largo 2674 color buganvilla, en sat\u00e9n con abertura en falda, escote en pico al igual que la espalda, muy sexy. Incluye faj\u00edn satinado que acent\u00faa la cintura. Este modelo tambi\u00e9n est\u00e1 disponible en color azul y verde.<\/p>\n<p>Puede encontrar el zapato ideal para este precioso vestido en nuestra secci\u00f3n de zapatos\u00a0 \u00a0-&gt;\u00a0 \u00a0<span style=\"color: #ffcc00;\"><a style=\"color: #ffcc00;\" href=\"https:\/\/www.boutiquefelicidad.com\/categoria-producto\/zapatos\/\">Zapatos<\/a><\/span><\/p>\n<p>Si la talla que utiliza est\u00e1 agotada p\u00f3ngase en contacto con nosotros via email: <a href=\"mailto:b.felicidad@hotmail.com\">b.felicidad@hotmail.com<\/a> para consultar disponibilidad en f\u00e1brica de este elegante vestido de fiesta largo 2674.<\/p>\n<p>Para saber cu\u00e1l es su talla mida pecho, cintura y cadera y compruebe la tabla inferior.<br \/>\nRecuerda, si est\u00e1s entre dos tallas escoge la siguiente m\u00e1s grande.<br \/>\nNuestras tallas son orientativas y puede variar seg\u00fan el fabricante. Ante cualquier duda cons\u00faltenos.<\/p>\n<p><img loading=\"lazy\" decoding=\"async\" class=\"size-medium wp-image-8117 aligncenter\" src=\"https:\/\/www.boutiquefelicidad.com\/wp-content\/uploads\/2018\/03\/alma-gemela-300x144.png\" alt=\"\" width=\"300\" height=\"144\" srcset=\"https:\/\/www.boutiquefelicidad.com\/wp-content\/uploads\/2018\/03\/alma-gemela-300x144.png 300w, https:\/\/www.boutiquefelicidad.com\/wp-content\/uploads\/2018\/03\/alma-gemela-64x31.png 64w, https:\/\/www.boutiquefelicidad.com\/wp-content\/uploads\/2018\/03\/alma-gemela-600x287.png 600w, https:\/\/www.boutiquefelicidad.com\/wp-content\/uploads\/2018\/03\/alma-gemela.png 622w\" sizes=\"(max-width: 300px) 100vw, 300px\" \/><\/p>\n","protected":false},"excerpt":{"rendered":"<p>Vestido de fiesta largo 2674 color buganvilla, en sat\u00e9n con abertura en falda, escote en pico al igual que la espalda, muy sexy. Incluye faj\u00edn satinado que acent\u00faa la cintura. Este modelo tambi\u00e9n est\u00e1 disponible en color azul y verde.<\/p>\n","protected":false},"featured_media":13663,"template":"","meta":{"_et_pb_use_builder":"","_et_pb_old_content":"","_et_gb_content_width":""},"product_brand":[],"product_cat":[48,51],"product_tag":[976,786,881,746,747,339],"class_list":{"0":"post-13689","1":"product","2":"type-product","3":"status-publish","4":"has-post-thumbnail","6":"product_cat-mujer","7":"product_cat-vestidos-largos","8":"product_tag-976","9":"product_tag-vestidobuganvilla","10":"product_tag-vestidodeboda","11":"product_tag-vestidodefiesta","12":"product_tag-vestidodeinvitada","13":"product_tag-vestidolargo","14":"pa_tallas-250","16":"first","17":"outofstock","18":"featured","19":"taxable","20":"shipping-taxable","21":"purchasable","22":"product-type-variable"},"_links":{"self":[{"href":"https:\/\/www.boutiquefelicidad.com\/en\/wp-json\/wp\/v2\/product\/13689","targetHints":{"allow":["GET"]}}],"collection":[{"href":"https:\/\/www.boutiquefelicidad.com\/en\/wp-json\/wp\/v2\/product"}],"about":[{"href":"https:\/\/www.boutiquefelicidad.com\/en\/wp-json\/wp\/v2\/types\/product"}],"wp:featuredmedia":[{"embeddable":true,"href":"https:\/\/www.boutiquefelicidad.com\/en\/wp-json\/wp\/v2\/media\/13663"}],"wp:attachment":[{"href":"https:\/\/www.boutiquefelicidad.com\/en\/wp-json\/wp\/v2\/media?parent=13689"}],"wp:term":[{"taxonomy":"product_brand","embeddable":true,"href":"https:\/\/www.boutiquefelicidad.com\/en\/wp-json\/wp\/v2\/product_brand?post=13689"},{"taxonomy":"product_cat","embeddable":true,"href":"https:\/\/www.boutiquefelicidad.com\/en\/wp-json\/wp\/v2\/product_cat?post=13689"},{"taxonomy":"product_tag","embeddable":true,"href":"https:\/\/www.boutiquefelicidad.com\/en\/wp-json\/wp\/v2\/product_tag?post=13689"}],"curies":[{"name":"wp","href":"https:\/\/api.w.org\/{rel}","templated":true}]}}