{"id":13555,"date":"2022-05-22T19:57:06","date_gmt":"2022-05-22T17:57:06","guid":{"rendered":"https:\/\/www.boutiquefelicidad.com\/?post_type=product&#038;p=13555"},"modified":"2024-11-15T11:29:43","modified_gmt":"2024-11-15T10:29:43","slug":"mono-8037-azul","status":"publish","type":"product","link":"https:\/\/www.boutiquefelicidad.com\/en\/producto\/mono-8037-azul\/","title":{"rendered":"Mono 8037 AZUL"},"content":{"rendered":"<p style=\"text-align: left;\">Mono de fiesta 8037 en color azul el\u00e9ctrico de sat\u00e9n con tirante con detalle de pedrer\u00eda, escote en pico cruzado, espalda abierta en pico y una manga abierta rematada por detalle de pedrer\u00eda.<\/p>\n<p>Puede encontrar zapatos a juego en nuestra secci\u00f3n de zapatos\u00a0 -&gt;\u00a0\u00a0<span style=\"color: #ffcc00;\"><a style=\"color: #ffcc00;\" href=\"https:\/\/www.boutiquefelicidad.com\/categoria-producto\/zapatos\/\">Zapatos<\/a><\/span><\/p>\n<p>Si la talla que utiliza est\u00e1 agotada p\u00f3ngase en contacto con nosotros via email: <a href=\"mailto:b.felicidad@hotmail.com\">b.felicidad@hotmail.com<\/a> o whatsapp para consultar disponibilidad en f\u00e1brica de este elegante mono 8037 azul.<\/p>\n<p>Para saber cu\u00e1l es su talla mida pecho, cintura y cadera y compruebe la tabla inferior.<br \/>\nRecuerda, si est\u00e1s entre dos tallas escoge la siguiente m\u00e1s grande.<br \/>\nNuestras tallas son orientativas y puede variar seg\u00fan el fabricante. Ante cualquier duda cons\u00faltenos.<\/p>\n<p style=\"text-align: left;\"><strong>\u00a0 \u00a0 \u00a0 \u00a0 \u00a0 \u00a0 \u00a0 \u00a0 \u00a0 \u00a0 \u00a0 \u00a0 \u00a0 \u00a0 \u00a0 \u00a0GUIA DE TALLAS:<\/strong><\/p>\n<p><img loading=\"lazy\" decoding=\"async\" class=\" wp-image-13445\" src=\"https:\/\/www.boutiquefelicidad.com\/wp-content\/uploads\/2022\/05\/reinaporundia-300x121.png\" alt=\"REINA POR UN DIA\" width=\"461\" height=\"186\" srcset=\"https:\/\/www.boutiquefelicidad.com\/wp-content\/uploads\/2022\/05\/reinaporundia-300x121.png 300w, https:\/\/www.boutiquefelicidad.com\/wp-content\/uploads\/2022\/05\/reinaporundia-64x26.png 64w, https:\/\/www.boutiquefelicidad.com\/wp-content\/uploads\/2022\/05\/reinaporundia.png 652w\" sizes=\"(max-width: 461px) 100vw, 461px\" \/><\/p>\n","protected":false},"excerpt":{"rendered":"<p>Mono de fiesta 8037 en color azul el\u00e9ctrico de sat\u00e9n con tirante con detalle de pedrer\u00eda, escote en pico cruzado, espalda abierta en pico y una manga abierta rematada por detalle de pedrer\u00eda.<\/p>\n","protected":false},"featured_media":13557,"template":"","meta":{"_et_pb_use_builder":"","_et_pb_old_content":"","_et_gb_content_width":""},"product_brand":[],"product_cat":[48,270],"product_tag":[924,888,782],"class_list":{"0":"post-13555","1":"product","2":"type-product","3":"status-publish","4":"has-post-thumbnail","6":"product_cat-mujer","7":"product_cat-conjuntos-y-monos","8":"product_tag-monoazul","9":"product_tag-monodeboda","10":"product_tag-monodefiesta","11":"pa_tallas-l","12":"pa_tallas-s","14":"first","15":"outofstock","16":"taxable","17":"shipping-taxable","18":"purchasable","19":"product-type-variable"},"_links":{"self":[{"href":"https:\/\/www.boutiquefelicidad.com\/en\/wp-json\/wp\/v2\/product\/13555","targetHints":{"allow":["GET"]}}],"collection":[{"href":"https:\/\/www.boutiquefelicidad.com\/en\/wp-json\/wp\/v2\/product"}],"about":[{"href":"https:\/\/www.boutiquefelicidad.com\/en\/wp-json\/wp\/v2\/types\/product"}],"wp:featuredmedia":[{"embeddable":true,"href":"https:\/\/www.boutiquefelicidad.com\/en\/wp-json\/wp\/v2\/media\/13557"}],"wp:attachment":[{"href":"https:\/\/www.boutiquefelicidad.com\/en\/wp-json\/wp\/v2\/media?parent=13555"}],"wp:term":[{"taxonomy":"product_brand","embeddable":true,"href":"https:\/\/www.boutiquefelicidad.com\/en\/wp-json\/wp\/v2\/product_brand?post=13555"},{"taxonomy":"product_cat","embeddable":true,"href":"https:\/\/www.boutiquefelicidad.com\/en\/wp-json\/wp\/v2\/product_cat?post=13555"},{"taxonomy":"product_tag","embeddable":true,"href":"https:\/\/www.boutiquefelicidad.com\/en\/wp-json\/wp\/v2\/product_tag?post=13555"}],"curies":[{"name":"wp","href":"https:\/\/api.w.org\/{rel}","templated":true}]}}