{"id":13540,"date":"2022-05-22T17:41:41","date_gmt":"2022-05-22T15:41:41","guid":{"rendered":"https:\/\/www.boutiquefelicidad.com\/?post_type=product&#038;p=13540"},"modified":"2022-09-10T10:32:30","modified_gmt":"2022-09-10T08:32:30","slug":"cinturon-plateado-flores-lila","status":"publish","type":"product","link":"https:\/\/www.boutiquefelicidad.com\/en\/producto\/cinturon-plateado-flores-lila\/","title":{"rendered":"Cintur\u00f3n plateado flores lila"},"content":{"rendered":"<p>Cintur\u00f3n el\u00e1stico plateado de brillo, con flores artesanales en tonos lila y rosa<span style=\"font-size: 1rem;\">. Se ajusta muy bien y es muy c\u00f3modo.\u00a0 Grosor: 6 cms.<\/span><\/p>\n<p>Puede encontrar zapatos a juego es nuestra secci\u00f3n de\u00a0 \u00a0-&gt;\u00a0\u00a0<span style=\"color: #ffcc00;\"><a style=\"color: #ffcc00;\" href=\"https:\/\/www.boutiquefelicidad.com\/categoria-producto\/zapatos\/\">Zapatos<\/a><\/span><\/p>\n","protected":false},"excerpt":{"rendered":"<p>Cintur\u00f3n el\u00e1stico plateado de brillo, con flores artesanales en tonos lila y rosa. Se ajusta muy bien y es muy c\u00f3modo.\u00a0 Grosor: 6 cms.<\/p>\n","protected":false},"featured_media":13486,"template":"","meta":{"_et_pb_use_builder":"","_et_pb_old_content":"","_et_gb_content_width":""},"product_brand":[],"product_cat":[1137],"product_tag":[330,860,858,918,917],"class_list":{"0":"post-13540","1":"product","2":"type-product","3":"status-publish","4":"has-post-thumbnail","6":"product_cat-womens-belts","7":"product_tag-cinturon","8":"product_tag-cinturondefiesta","9":"product_tag-cinturondeflores","10":"product_tag-cinturonelastico","11":"product_tag-cinturonplateado","13":"first","14":"outofstock","15":"taxable","16":"shipping-taxable","17":"purchasable","18":"product-type-simple"},"_links":{"self":[{"href":"https:\/\/www.boutiquefelicidad.com\/en\/wp-json\/wp\/v2\/product\/13540","targetHints":{"allow":["GET"]}}],"collection":[{"href":"https:\/\/www.boutiquefelicidad.com\/en\/wp-json\/wp\/v2\/product"}],"about":[{"href":"https:\/\/www.boutiquefelicidad.com\/en\/wp-json\/wp\/v2\/types\/product"}],"wp:featuredmedia":[{"embeddable":true,"href":"https:\/\/www.boutiquefelicidad.com\/en\/wp-json\/wp\/v2\/media\/13486"}],"wp:attachment":[{"href":"https:\/\/www.boutiquefelicidad.com\/en\/wp-json\/wp\/v2\/media?parent=13540"}],"wp:term":[{"taxonomy":"product_brand","embeddable":true,"href":"https:\/\/www.boutiquefelicidad.com\/en\/wp-json\/wp\/v2\/product_brand?post=13540"},{"taxonomy":"product_cat","embeddable":true,"href":"https:\/\/www.boutiquefelicidad.com\/en\/wp-json\/wp\/v2\/product_cat?post=13540"},{"taxonomy":"product_tag","embeddable":true,"href":"https:\/\/www.boutiquefelicidad.com\/en\/wp-json\/wp\/v2\/product_tag?post=13540"}],"curies":[{"name":"wp","href":"https:\/\/api.w.org\/{rel}","templated":true}]}}