{"id":13451,"date":"2022-05-18T10:32:33","date_gmt":"2022-05-18T08:32:33","guid":{"rendered":"https:\/\/www.boutiquefelicidad.com\/?post_type=product&#038;p=13451"},"modified":"2022-09-06T10:11:15","modified_gmt":"2022-09-06T08:11:15","slug":"cinturon-flores-lila-cordon","status":"publish","type":"product","link":"https:\/\/www.boutiquefelicidad.com\/en\/producto\/cinturon-flores-lila-cordon\/","title":{"rendered":"Cintur\u00f3n de flores cord\u00f3n"},"content":{"rendered":"<p>Cintur\u00f3n artesanal de flores variadas en tonos lila con cord\u00f3n dorado de brillo.<\/p>\n<p>&nbsp;<\/p>\n","protected":false},"excerpt":{"rendered":"<p>Cintur\u00f3n artesanal de flores variadas en tonos lila con cord\u00f3n dorado de brillo.<\/p>\n","protected":false},"featured_media":13456,"template":"","meta":{"_et_pb_use_builder":"","_et_pb_old_content":"","_et_gb_content_width":""},"product_brand":[],"product_cat":[232],"product_tag":[330,905,860,858,906],"class_list":{"0":"post-13451","1":"product","2":"type-product","3":"status-publish","4":"has-post-thumbnail","6":"product_cat-cinturones-mujer","7":"product_tag-cinturon","8":"product_tag-cinturonartesanal","9":"product_tag-cinturondefiesta","10":"product_tag-cinturondeflores","11":"product_tag-cinturonlila","13":"first","14":"outofstock","15":"taxable","16":"shipping-taxable","17":"purchasable","18":"product-type-simple"},"_links":{"self":[{"href":"https:\/\/www.boutiquefelicidad.com\/en\/wp-json\/wp\/v2\/product\/13451","targetHints":{"allow":["GET"]}}],"collection":[{"href":"https:\/\/www.boutiquefelicidad.com\/en\/wp-json\/wp\/v2\/product"}],"about":[{"href":"https:\/\/www.boutiquefelicidad.com\/en\/wp-json\/wp\/v2\/types\/product"}],"wp:featuredmedia":[{"embeddable":true,"href":"https:\/\/www.boutiquefelicidad.com\/en\/wp-json\/wp\/v2\/media\/13456"}],"wp:attachment":[{"href":"https:\/\/www.boutiquefelicidad.com\/en\/wp-json\/wp\/v2\/media?parent=13451"}],"wp:term":[{"taxonomy":"product_brand","embeddable":true,"href":"https:\/\/www.boutiquefelicidad.com\/en\/wp-json\/wp\/v2\/product_brand?post=13451"},{"taxonomy":"product_cat","embeddable":true,"href":"https:\/\/www.boutiquefelicidad.com\/en\/wp-json\/wp\/v2\/product_cat?post=13451"},{"taxonomy":"product_tag","embeddable":true,"href":"https:\/\/www.boutiquefelicidad.com\/en\/wp-json\/wp\/v2\/product_tag?post=13451"}],"curies":[{"name":"wp","href":"https:\/\/api.w.org\/{rel}","templated":true}]}}