{"id":13410,"date":"2022-05-13T18:01:32","date_gmt":"2022-05-13T16:01:32","guid":{"rendered":"https:\/\/www.boutiquefelicidad.com\/?post_type=product&#038;p=13410"},"modified":"2024-11-15T11:29:56","modified_gmt":"2024-11-15T10:29:56","slug":"vestido-corto-8901-rojo","status":"publish","type":"product","link":"https:\/\/www.boutiquefelicidad.com\/en\/producto\/vestido-corto-8901-rojo\/","title":{"rendered":"Vestido 8901 ROJO"},"content":{"rendered":"<p style=\"text-align: left;\">Vestido corto de fiesta 8901 en color rojo, de tul. Cuerpo de encaje y pedrer\u00edas, escote en V y goma el\u00e1stica a la espalda que se adapta estupendamente. Ideal para fiesta de graduaci\u00f3n.<\/p>\n<p>Este bonito vestido tambi\u00e9n esta disponible en color azul el\u00e9ctrico\u00a0 -&gt;\u00a0 \u00a0<span style=\"color: #ffcc00;\"><a style=\"color: #ffcc00;\" href=\"https:\/\/www.boutiquefelicidad.com\/producto\/vestido-corto-8901-azul\/\">Vestido 8901 AZUL<\/a><\/span><\/p>\n<p>.Si lo desea, en nuestra secci\u00f3n de zapatos podr\u00e1 encontrar el zapato ideal para combinar con este precioso vestido de fiesta, como por ejemplo,\u00a0 \u00a0-&gt;\u00a0 \u00a0<span style=\"color: #ffcc00;\"><a style=\"color: #ffcc00;\" href=\"https:\/\/www.boutiquefelicidad.com\/producto\/sandalia-roja-con-plataforma\/\">Sandalia roja<\/a><\/span><\/p>\n<p>Si la talla que utiliza est\u00e1 agotada p\u00f3ngase en contacto con nosotros via email: <a href=\"mailto:b.felicidad@hotmail.com\">b.felicidad@hotmail.com<\/a> o whatsapp para consultar disponibilidad en f\u00e1brica de este elegante vestido corto 8901 rojo.<\/p>\n<p>Recuerda, si est\u00e1s entre dos tallas escoge la siguiente m\u00e1s grande. Nuestras tallas son orientativas y puede variar seg\u00fan el fabricante. Ante cualquier duda cons\u00faltenos.<\/p>\n<p>&nbsp;<\/p>\n","protected":false},"excerpt":{"rendered":"<p style=\"text-align: left;\">Vestido corto de fiesta 8901 en color rojo, de tul. Cuerpo de encaje y pedrer\u00edas, escote en V y goma el\u00e1stica a la espalda que se adapta estupendamente. Ideal para fiesta de graduaci\u00f3n.<\/p>\n","protected":false},"featured_media":13405,"template":"","meta":{"_et_pb_use_builder":"","_et_pb_old_content":"","_et_gb_content_width":""},"product_brand":[],"product_cat":[48,53],"product_tag":[900,748,881,746,747,899,812],"class_list":{"0":"post-13410","1":"product","2":"type-product","3":"status-publish","4":"has-post-thumbnail","6":"product_cat-mujer","7":"product_cat-vestidos-cortos","8":"product_tag-900","9":"product_tag-vestidocorto","10":"product_tag-vestidodeboda","11":"product_tag-vestidodefiesta","12":"product_tag-vestidodeinvitada","13":"product_tag-vestidodepredreria","14":"product_tag-vestidorojo","15":"pa_tallas-s","17":"first","18":"outofstock","19":"featured","20":"taxable","21":"shipping-taxable","22":"purchasable","23":"product-type-variable"},"_links":{"self":[{"href":"https:\/\/www.boutiquefelicidad.com\/en\/wp-json\/wp\/v2\/product\/13410","targetHints":{"allow":["GET"]}}],"collection":[{"href":"https:\/\/www.boutiquefelicidad.com\/en\/wp-json\/wp\/v2\/product"}],"about":[{"href":"https:\/\/www.boutiquefelicidad.com\/en\/wp-json\/wp\/v2\/types\/product"}],"wp:featuredmedia":[{"embeddable":true,"href":"https:\/\/www.boutiquefelicidad.com\/en\/wp-json\/wp\/v2\/media\/13405"}],"wp:attachment":[{"href":"https:\/\/www.boutiquefelicidad.com\/en\/wp-json\/wp\/v2\/media?parent=13410"}],"wp:term":[{"taxonomy":"product_brand","embeddable":true,"href":"https:\/\/www.boutiquefelicidad.com\/en\/wp-json\/wp\/v2\/product_brand?post=13410"},{"taxonomy":"product_cat","embeddable":true,"href":"https:\/\/www.boutiquefelicidad.com\/en\/wp-json\/wp\/v2\/product_cat?post=13410"},{"taxonomy":"product_tag","embeddable":true,"href":"https:\/\/www.boutiquefelicidad.com\/en\/wp-json\/wp\/v2\/product_tag?post=13410"}],"curies":[{"name":"wp","href":"https:\/\/api.w.org\/{rel}","templated":true}]}}