{"id":13328,"date":"2022-05-08T01:06:24","date_gmt":"2022-05-07T23:06:24","guid":{"rendered":"https:\/\/www.boutiquefelicidad.com\/?post_type=product&#038;p=13328"},"modified":"2024-11-15T11:30:04","modified_gmt":"2024-11-15T10:30:04","slug":"vestido-fara-fiesta-damasco","status":"publish","type":"product","link":"https:\/\/www.boutiquefelicidad.com\/en\/producto\/vestido-fara-fiesta-damasco\/","title":{"rendered":"Fara Fiesta DAMASCO"},"content":{"rendered":"<p>Vestido de fiesta de Fara Fiesta DAMASCO, alta costura, ideal para madrina o hermana de novio\/a, en color rosa palo subido de tono, con cuerpo bordado y ce\u00f1ido hasta la cintura, donde abren capas de tul, escote hulter atado al cuello y espalda descubierta en tri\u00e1ngulo con una lazada de tul que lo hace muy dulce y rom\u00e1ntico.<\/p>\n<p>Puede combinar este precioso vestido con alguno de nuestros zapatos, por ejemplo, esta elegante\u00a0 \u00a0-&gt; <span style=\"color: #ff9900;\">\u00a0<span style=\"color: #ffcc00;\"><a style=\"color: #ffcc00;\" href=\"https:\/\/www.boutiquefelicidad.com\/producto\/sandalia-rosa-con-plataforma\/\">Sandalia rosa palo<\/a><\/span><\/span><\/p>\n<p>Si la talla que utiliza est\u00e1 agotada p\u00f3ngase en contacto con nosotros via email: <a href=\"mailto:b.felicidad@hotmail.com\">b.felicidad@hotmail.com<\/a> o whatsapp, para consultar disponibilidad en f\u00e1brica de este elegante vestido de Fara Fiesta DAMASCO.<\/p>\n<p>Para saber cu\u00e1l es su talla mida pecho, cintura y cadera y compruebe la tabla inferior.<br \/>\nRecuerda, si est\u00e1s entre dos tallas escoge la siguiente m\u00e1s grande.<br \/>\nNuestras tallas son orientativas y puede variar seg\u00fan el fabricante. Ante cualquier duda cons\u00faltenos.<\/p>\n<p style=\"text-align: center;\"><strong>GUIA DE TALLAS :<\/strong><\/p>\n<p><img loading=\"lazy\" decoding=\"async\" class=\"wp-image-10943 aligncenter\" src=\"https:\/\/www.boutiquefelicidad.com\/wp-content\/uploads\/2019\/09\/farafiesta-300x187.png\" alt=\"Guia de tallas de Fara Fiesta\" width=\"456\" height=\"284\" srcset=\"https:\/\/www.boutiquefelicidad.com\/wp-content\/uploads\/2019\/09\/farafiesta-300x187.png 300w, https:\/\/www.boutiquefelicidad.com\/wp-content\/uploads\/2019\/09\/farafiesta-64x40.png 64w, https:\/\/www.boutiquefelicidad.com\/wp-content\/uploads\/2019\/09\/farafiesta-600x374.png 600w, https:\/\/www.boutiquefelicidad.com\/wp-content\/uploads\/2019\/09\/farafiesta.png 654w\" sizes=\"(max-width: 456px) 100vw, 456px\" \/><\/p>\n<p>&nbsp;<\/p>\n","protected":false},"excerpt":{"rendered":"<p>Vestido de fiesta de Fara Fiesta DAMASCO, alta costura, ideal para madrina o hermana de novio\/a, en color rosa palo subido de tono, con cuerpo bordado y ce\u00f1ido hasta la cintura, donde abren capas de tul, escote hulter atado al cuello y espalda descubierta en tri\u00e1ngulo con una lazada de tul que lo hace muy dulce y rom\u00e1ntico.<\/p>\n","protected":false},"featured_media":13333,"template":"","meta":{"_et_pb_use_builder":"","_et_pb_old_content":"","_et_gb_content_width":""},"product_brand":[],"product_cat":[48,52],"product_tag":[800,880,879,881,746,747,799],"class_list":{"0":"post-13328","1":"product","2":"type-product","3":"status-publish","4":"has-post-thumbnail","6":"product_cat-mujer","7":"product_cat-alta-costura","8":"product_tag-altacostura","9":"product_tag-damasco","10":"product_tag-farafiesta","11":"product_tag-vestidodeboda","12":"product_tag-vestidodefiesta","13":"product_tag-vestidodeinvitada","14":"product_tag-vestidodemadrina","15":"pa_tallas-254","17":"first","18":"outofstock","19":"taxable","20":"shipping-taxable","21":"purchasable","22":"product-type-variable"},"_links":{"self":[{"href":"https:\/\/www.boutiquefelicidad.com\/en\/wp-json\/wp\/v2\/product\/13328","targetHints":{"allow":["GET"]}}],"collection":[{"href":"https:\/\/www.boutiquefelicidad.com\/en\/wp-json\/wp\/v2\/product"}],"about":[{"href":"https:\/\/www.boutiquefelicidad.com\/en\/wp-json\/wp\/v2\/types\/product"}],"wp:featuredmedia":[{"embeddable":true,"href":"https:\/\/www.boutiquefelicidad.com\/en\/wp-json\/wp\/v2\/media\/13333"}],"wp:attachment":[{"href":"https:\/\/www.boutiquefelicidad.com\/en\/wp-json\/wp\/v2\/media?parent=13328"}],"wp:term":[{"taxonomy":"product_brand","embeddable":true,"href":"https:\/\/www.boutiquefelicidad.com\/en\/wp-json\/wp\/v2\/product_brand?post=13328"},{"taxonomy":"product_cat","embeddable":true,"href":"https:\/\/www.boutiquefelicidad.com\/en\/wp-json\/wp\/v2\/product_cat?post=13328"},{"taxonomy":"product_tag","embeddable":true,"href":"https:\/\/www.boutiquefelicidad.com\/en\/wp-json\/wp\/v2\/product_tag?post=13328"}],"curies":[{"name":"wp","href":"https:\/\/api.w.org\/{rel}","templated":true}]}}