{"id":13304,"date":"2022-04-30T17:35:07","date_gmt":"2022-04-30T15:35:07","guid":{"rendered":"https:\/\/www.boutiquefelicidad.com\/?post_type=product&#038;p=13304"},"modified":"2025-08-01T12:56:49","modified_gmt":"2025-08-01T10:56:49","slug":"pantalon-30313-azul","status":"publish","type":"product","link":"https:\/\/www.boutiquefelicidad.com\/en\/producto\/pantalon-30313-azul\/","title":{"rendered":"Pantal\u00f3n 30313 Azul"},"content":{"rendered":"<p style=\"text-align: left;\">Pantal\u00f3n 30313 azul, de crep\u00e9, recto y muy juvenil, ideal para cualquier evento. Tambi\u00e9n disponible en color blanco, verde aguamarina y marino.<\/p>\n<p>En nuestra secci\u00f3n de zapatos puede encontrar el zapato ideal para combinar con este pantal\u00f3n, \u00bfque os parece esta elegante sandalia a juego?\u00a0 <span style=\"color: #ffcc00;\">\u00a0<a style=\"color: #ffcc00;\" href=\"https:\/\/www.boutiquefelicidad.com\/producto\/sandalia-color-teja\/\">Sandalia color teja<\/a><\/span><\/p>\n<p>Si la talla que utiliza est\u00e1 agotada p\u00f3ngase en contacto con nosotros via email: <a href=\"mailto:b.felicidad@hotmail.com\">b.felicidad@hotmail.com<\/a> o whatsapp para consultar disponibilidad en f\u00e1brica.<\/p>\n<p>Recuerda, si est\u00e1s entre dos tallas escoge la siguiente m\u00e1s grande, \u00a0ante cualquier duda cons\u00faltenos sin compromiso.<\/p>\n<p>&nbsp;<\/p>\n<p>&nbsp;<\/p>\n","protected":false},"excerpt":{"rendered":"<p>Pantal\u00f3n 30313 azul, de crep\u00e9, recto y muy juvenil, ideal para cualquier evento. Tambi\u00e9n disponible en color blanco, verde aguamarina y marino.<\/p>\n","protected":false},"featured_media":13296,"template":"","meta":{"_et_pb_use_builder":"","_et_pb_old_content":"","_et_gb_content_width":""},"product_brand":[],"product_cat":[48,270],"product_tag":[869,868,871],"class_list":{"0":"post-13304","1":"product","2":"type-product","3":"status-publish","4":"has-post-thumbnail","6":"product_cat-mujer","7":"product_cat-conjuntos-y-monos","8":"product_tag-869","9":"product_tag-pantalondevestir","10":"product_tag-pnatalonazul","11":"pa_tallas-l","12":"pa_tallas-m","13":"pa_tallas-s","14":"pa_tallas-xl","16":"first","17":"outofstock","18":"taxable","19":"shipping-taxable","20":"purchasable","21":"product-type-variable"},"_links":{"self":[{"href":"https:\/\/www.boutiquefelicidad.com\/en\/wp-json\/wp\/v2\/product\/13304","targetHints":{"allow":["GET"]}}],"collection":[{"href":"https:\/\/www.boutiquefelicidad.com\/en\/wp-json\/wp\/v2\/product"}],"about":[{"href":"https:\/\/www.boutiquefelicidad.com\/en\/wp-json\/wp\/v2\/types\/product"}],"wp:featuredmedia":[{"embeddable":true,"href":"https:\/\/www.boutiquefelicidad.com\/en\/wp-json\/wp\/v2\/media\/13296"}],"wp:attachment":[{"href":"https:\/\/www.boutiquefelicidad.com\/en\/wp-json\/wp\/v2\/media?parent=13304"}],"wp:term":[{"taxonomy":"product_brand","embeddable":true,"href":"https:\/\/www.boutiquefelicidad.com\/en\/wp-json\/wp\/v2\/product_brand?post=13304"},{"taxonomy":"product_cat","embeddable":true,"href":"https:\/\/www.boutiquefelicidad.com\/en\/wp-json\/wp\/v2\/product_cat?post=13304"},{"taxonomy":"product_tag","embeddable":true,"href":"https:\/\/www.boutiquefelicidad.com\/en\/wp-json\/wp\/v2\/product_tag?post=13304"}],"curies":[{"name":"wp","href":"https:\/\/api.w.org\/{rel}","templated":true}]}}