{"id":13276,"date":"2022-04-28T18:30:45","date_gmt":"2022-04-28T16:30:45","guid":{"rendered":"https:\/\/www.boutiquefelicidad.com\/?post_type=product&#038;p=13276"},"modified":"2024-11-15T11:30:12","modified_gmt":"2024-11-15T10:30:12","slug":"conjunto-blusa-pantalon-5229","status":"publish","type":"product","link":"https:\/\/www.boutiquefelicidad.com\/en\/producto\/conjunto-blusa-pantalon-5229\/","title":{"rendered":"Conjunto 5229"},"content":{"rendered":"<p>Conjunto 5229 de talla grande, compuesto de pantal\u00f3n estampado en seda de flores y blusa en color frambuesa de gasa con mangas y terminaci\u00f3n ideal para disimular barriguita. Incluye faj\u00edn del mismo tejido y color que la blusa.<\/p>\n<p>En nuestra secci\u00f3n de zapatos puede encontrar el zapato ideal para combinar con este vestido, como por ejemplo esta bonita sandalia de antelina a juego del pantal\u00f3n\u00a0 -&gt;\u00a0 <span style=\"color: #ffcc00;\"><a style=\"color: #ffcc00;\" href=\"https:\/\/www.boutiquefelicidad.com\/producto\/zapato-mostaza-de-antelina\/\">Sandalia mostaza<\/a><\/span><\/p>\n<p>Si la talla que utiliza est\u00e1 agotada p\u00f3ngase en contacto con nosotros via email: <a href=\"mailto:b.felicidad@hotmail.com\">b.felicidad@hotmail.com<\/a> para consultar disponibilidad en f\u00e1brica de este conjunto de blusa y pantal\u00f3n 5229.<\/p>\n<p>Para saber cu\u00e1l es su talla mida pecho, cintura y cadera y compruebe la tabla inferior.<br \/>\nRecuerda, si est\u00e1s entre dos tallas escoge la siguiente m\u00e1s grande.<br \/>\nNuestras tallas son orientativas y puede variar seg\u00fan el fabricante. Ante cualquier duda cons\u00faltenos.<\/p>\n<p><img loading=\"lazy\" decoding=\"async\" class=\" wp-image-11553 aligncenter\" src=\"https:\/\/www.boutiquefelicidad.com\/wp-content\/uploads\/2020\/02\/celestina-300x122.png\" alt=\"\" width=\"400\" height=\"164\" srcset=\"https:\/\/www.boutiquefelicidad.com\/wp-content\/uploads\/2020\/02\/celestina-300x122.png 300w, https:\/\/www.boutiquefelicidad.com\/wp-content\/uploads\/2020\/02\/celestina-64x26.png 64w\" sizes=\"(max-width: 400px) 100vw, 400px\" \/><\/p>\n<p>&nbsp;<\/p>\n","protected":false},"excerpt":{"rendered":"<p>Conjunto 5229 de talla grande, compuesto de pantal\u00f3n estampado en seda de flores y blusa en color frambuesa de gasa con mangas y terminaci\u00f3n ideal para disimular barriguita. Incluye faj\u00edn del mismo tejido y color que la blusa.<\/p>\n","protected":false},"featured_media":13267,"template":"","meta":{"_et_pb_use_builder":"","_et_pb_old_content":"","_et_gb_content_width":""},"product_brand":[],"product_cat":[48,270,50],"product_tag":[855,856,789,790,747,780],"class_list":{"0":"post-13276","1":"product","2":"type-product","3":"status-publish","4":"has-post-thumbnail","6":"product_cat-mujer","7":"product_cat-conjuntos-y-monos","8":"product_cat-tallas-grandes","9":"product_tag-855","10":"product_tag-conjuntodeflores","11":"product_tag-conjuntotallagrande","12":"product_tag-pantalonyblusa","13":"product_tag-vestidodeinvitada","14":"product_tag-vestidotallagrande","15":"pa_tallas-256","17":"first","18":"outofstock","19":"taxable","20":"shipping-taxable","21":"purchasable","22":"product-type-variable"},"_links":{"self":[{"href":"https:\/\/www.boutiquefelicidad.com\/en\/wp-json\/wp\/v2\/product\/13276","targetHints":{"allow":["GET"]}}],"collection":[{"href":"https:\/\/www.boutiquefelicidad.com\/en\/wp-json\/wp\/v2\/product"}],"about":[{"href":"https:\/\/www.boutiquefelicidad.com\/en\/wp-json\/wp\/v2\/types\/product"}],"wp:featuredmedia":[{"embeddable":true,"href":"https:\/\/www.boutiquefelicidad.com\/en\/wp-json\/wp\/v2\/media\/13267"}],"wp:attachment":[{"href":"https:\/\/www.boutiquefelicidad.com\/en\/wp-json\/wp\/v2\/media?parent=13276"}],"wp:term":[{"taxonomy":"product_brand","embeddable":true,"href":"https:\/\/www.boutiquefelicidad.com\/en\/wp-json\/wp\/v2\/product_brand?post=13276"},{"taxonomy":"product_cat","embeddable":true,"href":"https:\/\/www.boutiquefelicidad.com\/en\/wp-json\/wp\/v2\/product_cat?post=13276"},{"taxonomy":"product_tag","embeddable":true,"href":"https:\/\/www.boutiquefelicidad.com\/en\/wp-json\/wp\/v2\/product_tag?post=13276"}],"curies":[{"name":"wp","href":"https:\/\/api.w.org\/{rel}","templated":true}]}}