{"id":13170,"date":"2022-04-20T22:16:35","date_gmt":"2022-04-20T20:16:35","guid":{"rendered":"https:\/\/www.boutiquefelicidad.com\/?post_type=product&#038;p=13170"},"modified":"2024-11-15T11:30:18","modified_gmt":"2024-11-15T10:30:18","slug":"vestido-de-fiesta-corto-azul-electrico-con-escote-en-v-mangas-abullonadas-con-boton-en-punos-con-capinela-de-gasa-a-un-lado-que-le-da-el-toque-de-elegancia-ideal","status":"publish","type":"product","link":"https:\/\/www.boutiquefelicidad.com\/en\/producto\/vestido-de-fiesta-corto-azul-electrico-con-escote-en-v-mangas-abullonadas-con-boton-en-punos-con-capinela-de-gasa-a-un-lado-que-le-da-el-toque-de-elegancia-ideal\/","title":{"rendered":"Vestido 2628"},"content":{"rendered":"<p>Vestido de fiesta corto azul el\u00e9ctrico con escote en V, mangas abullonadas con bot\u00f3n en pu\u00f1os con capinela de gasa a un lado que le da el toque de elegancia ideal. Incluye faj\u00edn en cintura con detalle floral a juego.<\/p>\n<p>Puede encontrar el zapato ideal para este precioso vestido en nuestra secci\u00f3n de zapatos, por ejemplo esta sandalia a juego\u00a0 \u00a0-&gt;\u00a0\u00a0<span style=\"color: #ff9900;\"><a style=\"color: #ff9900;\" href=\"https:\/\/www.boutiquefelicidad.com\/producto\/sandalia-de-fiesta-de-brillo-color-champagne-con-plataforma\/\">Sandalia champagne brillo<\/a><\/span><\/p>\n<p>Si la talla que utiliza est\u00e1 agotada p\u00f3ngase en contacto con nosotros via email: <a href=\"mailto:b.felicidad@hotmail.com\">b.felicidad@hotmail.com<\/a> para consultar disponibilidad en f\u00e1brica.<\/p>\n<p>Para saber cu\u00e1l es su talla mida pecho, cintura y cadera y compruebe la tabla inferior.<br \/>\nRecuerda, si est\u00e1s entre dos tallas escoge la siguiente m\u00e1s grande.<br \/>\nNuestras tallas son orientativas y puede variar seg\u00fan el fabricante. Ante cualquier duda cons\u00faltenos.<\/p>\n<p><img loading=\"lazy\" decoding=\"async\" class=\"size-medium wp-image-8117 aligncenter\" src=\"https:\/\/www.boutiquefelicidad.com\/wp-content\/uploads\/2018\/03\/alma-gemela-300x144.png\" alt=\"\" width=\"300\" height=\"144\" srcset=\"https:\/\/www.boutiquefelicidad.com\/wp-content\/uploads\/2018\/03\/alma-gemela-300x144.png 300w, https:\/\/www.boutiquefelicidad.com\/wp-content\/uploads\/2018\/03\/alma-gemela-64x31.png 64w, https:\/\/www.boutiquefelicidad.com\/wp-content\/uploads\/2018\/03\/alma-gemela-600x287.png 600w, https:\/\/www.boutiquefelicidad.com\/wp-content\/uploads\/2018\/03\/alma-gemela.png 622w\" sizes=\"(max-width: 300px) 100vw, 300px\" \/><\/p>\n","protected":false},"excerpt":{"rendered":"<p>Vestido de fiesta corto azul el\u00e9ctrico con escote en V, mangas abullonadas con bot\u00f3n en pu\u00f1os con capinela de gasa a un lado que le da el toque de elegancia ideal. Incluye faj\u00edn en cintura con detalle floral a juego.<\/p>\n","protected":false},"featured_media":13174,"template":"","meta":{"_et_pb_use_builder":"","_et_pb_old_content":"","_et_gb_content_width":""},"product_brand":[],"product_cat":[48,50,53],"product_tag":[814,305,776,806,746,747,796],"class_list":{"0":"post-13170","1":"product","2":"type-product","3":"status-publish","4":"has-post-thumbnail","6":"product_cat-mujer","7":"product_cat-tallas-grandes","8":"product_cat-vestidos-cortos","9":"product_tag-814","10":"product_tag-alicante","11":"product_tag-vestidoazul","12":"product_tag-vestidoceleste","13":"product_tag-vestidodefiesta","14":"product_tag-vestidodeinvitada","15":"product_tag-vestidoelegante","16":"pa_tallas-251","17":"pa_tallas-253","18":"pa_tallas-254","19":"pa_tallas-255","21":"first","22":"outofstock","23":"featured","24":"taxable","25":"shipping-taxable","26":"purchasable","27":"product-type-variable"},"_links":{"self":[{"href":"https:\/\/www.boutiquefelicidad.com\/en\/wp-json\/wp\/v2\/product\/13170","targetHints":{"allow":["GET"]}}],"collection":[{"href":"https:\/\/www.boutiquefelicidad.com\/en\/wp-json\/wp\/v2\/product"}],"about":[{"href":"https:\/\/www.boutiquefelicidad.com\/en\/wp-json\/wp\/v2\/types\/product"}],"wp:featuredmedia":[{"embeddable":true,"href":"https:\/\/www.boutiquefelicidad.com\/en\/wp-json\/wp\/v2\/media\/13174"}],"wp:attachment":[{"href":"https:\/\/www.boutiquefelicidad.com\/en\/wp-json\/wp\/v2\/media?parent=13170"}],"wp:term":[{"taxonomy":"product_brand","embeddable":true,"href":"https:\/\/www.boutiquefelicidad.com\/en\/wp-json\/wp\/v2\/product_brand?post=13170"},{"taxonomy":"product_cat","embeddable":true,"href":"https:\/\/www.boutiquefelicidad.com\/en\/wp-json\/wp\/v2\/product_cat?post=13170"},{"taxonomy":"product_tag","embeddable":true,"href":"https:\/\/www.boutiquefelicidad.com\/en\/wp-json\/wp\/v2\/product_tag?post=13170"}],"curies":[{"name":"wp","href":"https:\/\/api.w.org\/{rel}","templated":true}]}}