{"id":13042,"date":"2022-04-04T19:20:24","date_gmt":"2022-04-04T17:20:24","guid":{"rendered":"https:\/\/www.boutiquefelicidad.com\/?post_type=product&#038;p=13042"},"modified":"2024-11-15T11:30:30","modified_gmt":"2024-11-15T10:30:30","slug":"zapato-de-antelina-color-azul-electrico-atado-al-tobillo-y-rematado-con-un-broche-de-pedreria-en-la-parte-delantera","status":"publish","type":"product","link":"https:\/\/www.boutiquefelicidad.com\/en\/producto\/zapato-de-antelina-color-azul-electrico-atado-al-tobillo-y-rematado-con-un-broche-de-pedreria-en-la-parte-delantera\/","title":{"rendered":"Zapato azul pedreria"},"content":{"rendered":"<p>Zapato de antelina color azul el\u00e9ctrico atado al tobillo y rematado con un broche de pedrer\u00eda en la parte delantera. Tiene un tac\u00f3n fino de 8 cms de altura. Tambi\u00e9n disponible en color buganvilla\u00a0 -&gt;\u00a0<span style=\"color: #ffcc00;\"><a style=\"color: #ffcc00;\" href=\"https:\/\/www.boutiquefelicidad.com\/producto\/zapato-buganvilla-con-pedreria-atado-al-tobillo-y-rematado-con-un-broche-de-pedreria\/\">Zapato buganvilla pedreria<\/a><\/span><\/p>\n","protected":false},"excerpt":{"rendered":"<p>Zapato de antelina color azul el\u00e9ctrico atado al tobillo y rematado con un broche de pedrer\u00eda en la parte delantera. Tiene un tac\u00f3n fino de 8 cms de altura. Tambi\u00e9n disponible en color buganvilla.<\/p>\n<p>&nbsp;<\/p>\n","protected":false},"featured_media":12958,"template":"","meta":{"_et_pb_use_builder":"","_et_pb_old_content":"","_et_gb_content_width":""},"product_brand":[],"product_cat":[88],"product_tag":[739,738,734,723],"class_list":{"0":"post-13042","1":"product","2":"type-product","3":"status-publish","4":"has-post-thumbnail","6":"product_cat-zapatos-de-mujer","7":"product_tag-salonazul","8":"product_tag-zapatoazul","9":"product_tag-zapatoconpedreria","10":"product_tag-zapatodefiesta","11":"pa_tallas-275","12":"pa_tallas-249","13":"pa_tallas-276","14":"pa_tallas-250","15":"pa_tallas-277","16":"pa_tallas-251","17":"pa_tallas-278","19":"first","20":"instock","21":"featured","22":"taxable","23":"shipping-taxable","24":"purchasable","25":"product-type-variable"},"_links":{"self":[{"href":"https:\/\/www.boutiquefelicidad.com\/en\/wp-json\/wp\/v2\/product\/13042","targetHints":{"allow":["GET"]}}],"collection":[{"href":"https:\/\/www.boutiquefelicidad.com\/en\/wp-json\/wp\/v2\/product"}],"about":[{"href":"https:\/\/www.boutiquefelicidad.com\/en\/wp-json\/wp\/v2\/types\/product"}],"wp:featuredmedia":[{"embeddable":true,"href":"https:\/\/www.boutiquefelicidad.com\/en\/wp-json\/wp\/v2\/media\/12958"}],"wp:attachment":[{"href":"https:\/\/www.boutiquefelicidad.com\/en\/wp-json\/wp\/v2\/media?parent=13042"}],"wp:term":[{"taxonomy":"product_brand","embeddable":true,"href":"https:\/\/www.boutiquefelicidad.com\/en\/wp-json\/wp\/v2\/product_brand?post=13042"},{"taxonomy":"product_cat","embeddable":true,"href":"https:\/\/www.boutiquefelicidad.com\/en\/wp-json\/wp\/v2\/product_cat?post=13042"},{"taxonomy":"product_tag","embeddable":true,"href":"https:\/\/www.boutiquefelicidad.com\/en\/wp-json\/wp\/v2\/product_tag?post=13042"}],"curies":[{"name":"wp","href":"https:\/\/api.w.org\/{rel}","templated":true}]}}