{"id":13009,"date":"2022-04-04T18:23:01","date_gmt":"2022-04-04T16:23:01","guid":{"rendered":"https:\/\/www.boutiquefelicidad.com\/?post_type=product&#038;p=13009"},"modified":"2025-10-15T20:27:17","modified_gmt":"2025-10-15T18:27:17","slug":"sandalia-lavanda-con-brillo","status":"publish","type":"product","link":"https:\/\/www.boutiquefelicidad.com\/en\/producto\/sandalia-lavanda-con-brillo\/","title":{"rendered":"Sandalia lavanda"},"content":{"rendered":"<p>Sandalia de fiesta color lavanda con tira de pedrer\u00eda de brillo en la parte delantera, atada al tobillo y con tac\u00f3n cuadrado de 6,5 cms de altura, muy c\u00f3moda y elegante. Tambi\u00e9n disponible en color celeste\u00a0 -&gt;\u00a0 <span style=\"color: #ffcc00;\"><a style=\"color: #ffcc00;\" href=\"https:\/\/www.boutiquefelicidad.com\/producto\/sandalia-de-fiesta-color-celeste\/\">Sandalia celeste<\/a><\/span><\/p>\n","protected":false},"excerpt":{"rendered":"<p>Sandalia de fiesta color lavanda con tira de pedrer\u00eda de brillo en la parte delantera, atada al tobillo y con tac\u00f3n cuadrado de 6,5 cms de altura, muy c\u00f3moda y elegante. Tambi\u00e9n disponible en color celeste.<\/p>\n","protected":false},"featured_media":12951,"template":"","meta":{"_et_pb_use_builder":"","_et_pb_old_content":"","_et_gb_content_width":""},"product_brand":[],"product_cat":[88],"product_tag":[722,729,728,723,731,730],"class_list":{"0":"post-13009","1":"product","2":"type-product","3":"status-publish","4":"has-post-thumbnail","6":"product_cat-zapatos-de-mujer","7":"product_tag-sandaliadefiesta","8":"product_tag-sandalialavanda","9":"product_tag-sandalialila","10":"product_tag-zapatodefiesta","11":"product_tag-zapatolavanda","12":"product_tag-zapatolila","13":"pa_tallas-275","14":"pa_tallas-249","15":"pa_tallas-276","16":"pa_tallas-250","17":"pa_tallas-277","18":"pa_tallas-251","19":"pa_tallas-278","21":"first","22":"outofstock","23":"featured","24":"taxable","25":"shipping-taxable","26":"purchasable","27":"product-type-variable"},"_links":{"self":[{"href":"https:\/\/www.boutiquefelicidad.com\/en\/wp-json\/wp\/v2\/product\/13009","targetHints":{"allow":["GET"]}}],"collection":[{"href":"https:\/\/www.boutiquefelicidad.com\/en\/wp-json\/wp\/v2\/product"}],"about":[{"href":"https:\/\/www.boutiquefelicidad.com\/en\/wp-json\/wp\/v2\/types\/product"}],"wp:featuredmedia":[{"embeddable":true,"href":"https:\/\/www.boutiquefelicidad.com\/en\/wp-json\/wp\/v2\/media\/12951"}],"wp:attachment":[{"href":"https:\/\/www.boutiquefelicidad.com\/en\/wp-json\/wp\/v2\/media?parent=13009"}],"wp:term":[{"taxonomy":"product_brand","embeddable":true,"href":"https:\/\/www.boutiquefelicidad.com\/en\/wp-json\/wp\/v2\/product_brand?post=13009"},{"taxonomy":"product_cat","embeddable":true,"href":"https:\/\/www.boutiquefelicidad.com\/en\/wp-json\/wp\/v2\/product_cat?post=13009"},{"taxonomy":"product_tag","embeddable":true,"href":"https:\/\/www.boutiquefelicidad.com\/en\/wp-json\/wp\/v2\/product_tag?post=13009"}],"curies":[{"name":"wp","href":"https:\/\/api.w.org\/{rel}","templated":true}]}}