{"id":13002,"date":"2022-04-04T17:45:38","date_gmt":"2022-04-04T15:45:38","guid":{"rendered":"https:\/\/www.boutiquefelicidad.com\/?post_type=product&#038;p=13002"},"modified":"2024-11-15T11:30:34","modified_gmt":"2024-11-15T10:30:34","slug":"sandalia-celeste-con-brillo","status":"publish","type":"product","link":"https:\/\/www.boutiquefelicidad.com\/en\/producto\/sandalia-celeste-con-brillo\/","title":{"rendered":"Sandalia celeste"},"content":{"rendered":"<p>Sandalia de fiesta color celeste con tira de pedrer\u00eda de brillo en la parte delantera, atada al tobillo y con tac\u00f3n cuadrado de 6,5 cms de altura, muy c\u00f3moda y elegante. Tambi\u00e9n disponible en color lila lavanda\u00a0 -&gt;\u00a0 <span style=\"color: #ffcc00;\"><a style=\"color: #ffcc00;\" href=\"https:\/\/www.boutiquefelicidad.com\/producto\/sandalia-lavanda-2\/\">Sandalia lavanda<\/a><\/span><\/p>\n","protected":false},"excerpt":{"rendered":"<p>Sandalia de fiesta color celeste con tira de pedrer\u00eda de brillo en la parte delantera, atada al tobillo y con tac\u00f3n cuadrado de 6,5 cms de altura, muy c\u00f3moda y elegante. Tambi\u00e9n disponible en color lila lavanda.<\/p>\n","protected":false},"featured_media":12949,"template":"","meta":{"_et_pb_use_builder":"","_et_pb_old_content":"","_et_gb_content_width":""},"product_brand":[],"product_cat":[88],"product_tag":[726,722,727,723],"class_list":{"0":"post-13002","1":"product","2":"type-product","3":"status-publish","4":"has-post-thumbnail","6":"product_cat-zapatos-de-mujer","7":"product_tag-sandaliaceleste","8":"product_tag-sandaliadefiesta","9":"product_tag-zapatoceleste","10":"product_tag-zapatodefiesta","11":"pa_tallas-275","12":"pa_tallas-249","13":"pa_tallas-276","14":"pa_tallas-250","15":"pa_tallas-277","16":"pa_tallas-251","17":"pa_tallas-278","19":"first","20":"instock","21":"featured","22":"taxable","23":"shipping-taxable","24":"purchasable","25":"product-type-variable"},"_links":{"self":[{"href":"https:\/\/www.boutiquefelicidad.com\/en\/wp-json\/wp\/v2\/product\/13002","targetHints":{"allow":["GET"]}}],"collection":[{"href":"https:\/\/www.boutiquefelicidad.com\/en\/wp-json\/wp\/v2\/product"}],"about":[{"href":"https:\/\/www.boutiquefelicidad.com\/en\/wp-json\/wp\/v2\/types\/product"}],"wp:featuredmedia":[{"embeddable":true,"href":"https:\/\/www.boutiquefelicidad.com\/en\/wp-json\/wp\/v2\/media\/12949"}],"wp:attachment":[{"href":"https:\/\/www.boutiquefelicidad.com\/en\/wp-json\/wp\/v2\/media?parent=13002"}],"wp:term":[{"taxonomy":"product_brand","embeddable":true,"href":"https:\/\/www.boutiquefelicidad.com\/en\/wp-json\/wp\/v2\/product_brand?post=13002"},{"taxonomy":"product_cat","embeddable":true,"href":"https:\/\/www.boutiquefelicidad.com\/en\/wp-json\/wp\/v2\/product_cat?post=13002"},{"taxonomy":"product_tag","embeddable":true,"href":"https:\/\/www.boutiquefelicidad.com\/en\/wp-json\/wp\/v2\/product_tag?post=13002"}],"curies":[{"name":"wp","href":"https:\/\/api.w.org\/{rel}","templated":true}]}}