{"id":12662,"date":"2022-03-01T06:58:39","date_gmt":"2022-03-01T05:58:39","guid":{"rendered":"https:\/\/www.boutiquefelicidad.com\/?post_type=product&#038;p=12662"},"modified":"2024-11-15T11:31:07","modified_gmt":"2024-11-15T10:31:07","slug":"mono-30201-coral","status":"publish","type":"product","link":"https:\/\/www.boutiquefelicidad.com\/en\/producto\/mono-30201-coral\/","title":{"rendered":"Mono 30201 CORAL"},"content":{"rendered":"<p style=\"text-align: left;\">Mono 30201 con mangas y escote en pico, en color coral, con cintur\u00f3n met\u00e1lico dorado a juego. Tambi\u00e9n disponible en color verde aguamarina\u00a0 -&gt;\u00a0\u00a0<span style=\"color: #ffcc00;\"><a style=\"color: #ffcc00;\" href=\"https:\/\/www.boutiquefelicidad.com\/producto\/mono-verde-aguamarina\/\">Mono 30201 VERDE<\/a><\/span><\/p>\n<p>En nuestra secci\u00f3n de zapatos puede encontrar el zapato ideal para este conjunto, como por ejemplo, esta\u00a0 -&gt;\u00a0 \u00a0<span style=\"color: #ffcc00;\"><a style=\"color: #ffcc00;\" href=\"https:\/\/www.boutiquefelicidad.com\/producto\/sandalia-dorada-con-plataforma\/\">Sandalia dorada<\/a><\/span><\/p>\n<p>Si la talla que utiliza est\u00e1 agotada p\u00f3ngase en contacto con nosotros via email: <a href=\"mailto:b.felicidad@hotmail.com\">b.felicidad@hotmail.com<\/a> o whatsapp para consultar disponibilidad en f\u00e1brica de este juvenil mono 30201 coral.<\/p>\n<p>Para saber cu\u00e1l es su talla mida pecho, cintura y cadera y compruebe la tabla inferior.<br \/>\nRecuerda, si est\u00e1s entre dos tallas escoge la siguiente m\u00e1s grande.<br \/>\nNuestras tallas son orientativas y puede variar seg\u00fan el fabricante. Ante cualquier duda cons\u00faltenos.<\/p>\n<p>&nbsp;<\/p>\n<p>&nbsp;<\/p>\n","protected":false},"excerpt":{"rendered":"<p>Mono 30201 con mangas y escote en pico, en color coral, con cintur\u00f3n met\u00e1lico dorado a juego. Tambi\u00e9n disponible en color verde aguamarina.<\/p>\n","protected":false},"featured_media":13361,"template":"","meta":{"_et_pb_use_builder":"","_et_pb_old_content":"","_et_gb_content_width":""},"product_brand":[],"product_cat":[48,270],"product_tag":[889,888,782],"class_list":{"0":"post-12662","1":"product","2":"type-product","3":"status-publish","4":"has-post-thumbnail","6":"product_cat-mujer","7":"product_cat-conjuntos-y-monos","8":"product_tag-monocoral","9":"product_tag-monodeboda","10":"product_tag-monodefiesta","11":"pa_tallas-l","12":"pa_tallas-m","13":"pa_tallas-s","14":"pa_tallas-xl","16":"first","17":"instock","18":"featured","19":"taxable","20":"shipping-taxable","21":"purchasable","22":"product-type-variable"},"_links":{"self":[{"href":"https:\/\/www.boutiquefelicidad.com\/en\/wp-json\/wp\/v2\/product\/12662","targetHints":{"allow":["GET"]}}],"collection":[{"href":"https:\/\/www.boutiquefelicidad.com\/en\/wp-json\/wp\/v2\/product"}],"about":[{"href":"https:\/\/www.boutiquefelicidad.com\/en\/wp-json\/wp\/v2\/types\/product"}],"wp:featuredmedia":[{"embeddable":true,"href":"https:\/\/www.boutiquefelicidad.com\/en\/wp-json\/wp\/v2\/media\/13361"}],"wp:attachment":[{"href":"https:\/\/www.boutiquefelicidad.com\/en\/wp-json\/wp\/v2\/media?parent=12662"}],"wp:term":[{"taxonomy":"product_brand","embeddable":true,"href":"https:\/\/www.boutiquefelicidad.com\/en\/wp-json\/wp\/v2\/product_brand?post=12662"},{"taxonomy":"product_cat","embeddable":true,"href":"https:\/\/www.boutiquefelicidad.com\/en\/wp-json\/wp\/v2\/product_cat?post=12662"},{"taxonomy":"product_tag","embeddable":true,"href":"https:\/\/www.boutiquefelicidad.com\/en\/wp-json\/wp\/v2\/product_tag?post=12662"}],"curies":[{"name":"wp","href":"https:\/\/api.w.org\/{rel}","templated":true}]}}