{"id":12158,"date":"2021-08-24T19:20:26","date_gmt":"2021-08-24T17:20:26","guid":{"rendered":"https:\/\/www.boutiquefelicidad.com\/?post_type=product&#038;p=12158"},"modified":"2024-11-15T11:32:10","modified_gmt":"2024-11-15T10:32:10","slug":"sandalia-de-fiesta-color-plateada-con-plataforma","status":"publish","type":"product","link":"https:\/\/www.boutiquefelicidad.com\/en\/producto\/sandalia-de-fiesta-color-plateada-con-plataforma\/","title":{"rendered":"Sandalia plateada"},"content":{"rendered":"<p>Sandalia de fiesta color plateada muy elegante, abierta en la parte delantera y trasera, y atada al tobillo, con tac\u00f3n de 10 cms y plataforma de 3,5 cms que la hace muy c\u00f3modo. Tambi\u00e9n disponible en color champagne y dorado\u00a0 \u00a0 \u00a0-&gt;\u00a0<span style=\"color: #ffcc00;\">\u00a0<a style=\"color: #ffcc00;\" href=\"https:\/\/www.boutiquefelicidad.com\/producto\/sandalia-champagne-3\/\">Sandalia champan<\/a>\u00a0<\/span>\u00a0 \u00a0 &#8211;\u00a0 \u00a0<span style=\"color: #ffcc00;\">\u00a0<a style=\"color: #ffcc00;\" href=\"https:\/\/www.boutiquefelicidad.com\/producto\/sandalia-dorada\/\">Sandalia dorada<\/a><\/span><\/p>\n<p>Si quieres tenemos el bolso a juego en nuestra secci\u00f3n de bolsos.<\/p>\n","protected":false},"excerpt":{"rendered":"<p>Sandalia de fiesta color plateada muy elegante, abierta en la parte delantera y trasera, y atada al tobillo, con tac\u00f3n de 10 cms y plataforma de 3,5 cms que la hace muy c\u00f3modo. Tambi\u00e9n disponible en color champagne y dorado.<\/p>\n<p>Si quieres tenemos el bolso a juego en nuestra secci\u00f3n de bolsos.<\/p>\n","protected":false},"featured_media":13630,"template":"","meta":{"_et_pb_use_builder":"","_et_pb_old_content":"","_et_gb_content_width":""},"product_brand":[],"product_cat":[88],"product_tag":[305,292,722,721,765,723,720],"class_list":{"0":"post-12158","1":"product","2":"type-product","3":"status-publish","4":"has-post-thumbnail","6":"product_cat-zapatos-de-mujer","7":"product_tag-alicante","8":"product_tag-calpe","9":"product_tag-sandaliadefiesta","10":"product_tag-sandaliaplateada","11":"product_tag-zapatoconplataforma","12":"product_tag-zapatodefiesta","13":"product_tag-zapatoplateado","14":"pa_tallas-275","15":"pa_tallas-249","16":"pa_tallas-276","17":"pa_tallas-250","18":"pa_tallas-277","19":"pa_tallas-251","20":"pa_tallas-278","22":"first","23":"instock","24":"featured","25":"taxable","26":"shipping-taxable","27":"purchasable","28":"product-type-variable"},"_links":{"self":[{"href":"https:\/\/www.boutiquefelicidad.com\/en\/wp-json\/wp\/v2\/product\/12158","targetHints":{"allow":["GET"]}}],"collection":[{"href":"https:\/\/www.boutiquefelicidad.com\/en\/wp-json\/wp\/v2\/product"}],"about":[{"href":"https:\/\/www.boutiquefelicidad.com\/en\/wp-json\/wp\/v2\/types\/product"}],"wp:featuredmedia":[{"embeddable":true,"href":"https:\/\/www.boutiquefelicidad.com\/en\/wp-json\/wp\/v2\/media\/13630"}],"wp:attachment":[{"href":"https:\/\/www.boutiquefelicidad.com\/en\/wp-json\/wp\/v2\/media?parent=12158"}],"wp:term":[{"taxonomy":"product_brand","embeddable":true,"href":"https:\/\/www.boutiquefelicidad.com\/en\/wp-json\/wp\/v2\/product_brand?post=12158"},{"taxonomy":"product_cat","embeddable":true,"href":"https:\/\/www.boutiquefelicidad.com\/en\/wp-json\/wp\/v2\/product_cat?post=12158"},{"taxonomy":"product_tag","embeddable":true,"href":"https:\/\/www.boutiquefelicidad.com\/en\/wp-json\/wp\/v2\/product_tag?post=12158"}],"curies":[{"name":"wp","href":"https:\/\/api.w.org\/{rel}","templated":true}]}}