{"id":12138,"date":"2021-08-24T18:17:00","date_gmt":"2021-08-24T16:17:00","guid":{"rendered":"https:\/\/www.boutiquefelicidad.com\/?post_type=product&#038;p=12138"},"modified":"2024-11-15T11:32:12","modified_gmt":"2024-11-15T10:32:12","slug":"sandalia-dorada-con-plataforma","status":"publish","type":"product","link":"https:\/\/www.boutiquefelicidad.com\/en\/producto\/sandalia-dorada-con-plataforma\/","title":{"rendered":"Sandalia dorada"},"content":{"rendered":"<p>Sandalia de fiesta dorada muy elegante, abierta en la parte delantera y trasera, y atada al tobillo, con tac\u00f3n de 10 cms y plataforma de 3,5 cms que la hace muy c\u00f3modo. Tambi\u00e9n disponible en color plateado y champagne\u00a0 \u00a0 \u00a0 \u00a0-&gt;\u00a0<span style=\"color: #ffcc00;\"> <a style=\"color: #ffcc00;\" href=\"https:\/\/www.boutiquefelicidad.com\/producto\/sandalia-de-fiesta-color-plateada-con-plataforma\/\">Sandalia plateada<\/a><\/span>\u00a0 \u00a0 \u00a0 &#8211;\u00a0 \u00a0 \u00a0<span style=\"color: #ffcc00;\"><a style=\"color: #ffcc00;\" href=\"https:\/\/www.boutiquefelicidad.com\/producto\/sandalia-de-fiesta-color-champagne-con-plataforma\/\">Sandalia champan<\/a><\/span><\/p>\n<p>Si quieres tenemos el bolso a juego en nuestra secci\u00f3n de bolsos.<\/p>\n","protected":false},"excerpt":{"rendered":"<p>Sandalia de fiesta dorada muy elegante, abierta en la parte delantera y trasera, y atada al tobillo, con tac\u00f3n de 10 cms y plataforma de 3,5 cms que la hace muy c\u00f3modo. Tambi\u00e9n disponible en color plateado y champagne.<\/p>\n<p>Si quieres tenemos el bolso a juego en nuestra secci\u00f3n de bolsos.<\/p>\n","protected":false},"featured_media":12932,"template":"","meta":{"_et_pb_use_builder":"","_et_pb_old_content":"","_et_gb_content_width":""},"product_brand":[],"product_cat":[88],"product_tag":[722,725,765,723,724],"class_list":{"0":"post-12138","1":"product","2":"type-product","3":"status-publish","4":"has-post-thumbnail","6":"product_cat-zapatos-de-mujer","7":"product_tag-sandaliadefiesta","8":"product_tag-sandaliadorada","9":"product_tag-zapatoconplataforma","10":"product_tag-zapatodefiesta","11":"product_tag-zapatodorado","12":"pa_tallas-275","13":"pa_tallas-249","14":"pa_tallas-276","15":"pa_tallas-250","16":"pa_tallas-277","17":"pa_tallas-251","18":"pa_tallas-278","20":"first","21":"instock","22":"featured","23":"taxable","24":"shipping-taxable","25":"purchasable","26":"product-type-variable"},"_links":{"self":[{"href":"https:\/\/www.boutiquefelicidad.com\/en\/wp-json\/wp\/v2\/product\/12138","targetHints":{"allow":["GET"]}}],"collection":[{"href":"https:\/\/www.boutiquefelicidad.com\/en\/wp-json\/wp\/v2\/product"}],"about":[{"href":"https:\/\/www.boutiquefelicidad.com\/en\/wp-json\/wp\/v2\/types\/product"}],"wp:featuredmedia":[{"embeddable":true,"href":"https:\/\/www.boutiquefelicidad.com\/en\/wp-json\/wp\/v2\/media\/12932"}],"wp:attachment":[{"href":"https:\/\/www.boutiquefelicidad.com\/en\/wp-json\/wp\/v2\/media?parent=12138"}],"wp:term":[{"taxonomy":"product_brand","embeddable":true,"href":"https:\/\/www.boutiquefelicidad.com\/en\/wp-json\/wp\/v2\/product_brand?post=12138"},{"taxonomy":"product_cat","embeddable":true,"href":"https:\/\/www.boutiquefelicidad.com\/en\/wp-json\/wp\/v2\/product_cat?post=12138"},{"taxonomy":"product_tag","embeddable":true,"href":"https:\/\/www.boutiquefelicidad.com\/en\/wp-json\/wp\/v2\/product_tag?post=12138"}],"curies":[{"name":"wp","href":"https:\/\/api.w.org\/{rel}","templated":true}]}}