{"id":12074,"date":"2021-07-05T17:27:06","date_gmt":"2021-07-05T15:27:06","guid":{"rendered":"https:\/\/www.boutiquefelicidad.com\/?post_type=product&#038;p=12074"},"modified":"2021-07-05T17:33:53","modified_gmt":"2021-07-05T15:33:53","slug":"cinturon-dorado-flores-azules-2","status":"publish","type":"product","link":"https:\/\/www.boutiquefelicidad.com\/en\/producto\/cinturon-dorado-flores-azules-2\/","title":{"rendered":"Cintur\u00f3n dorado flores azules"},"content":{"rendered":"<p>Cintur\u00f3n en base r\u00edgida de lat\u00f3n de 3,5 cms de anchura y color dorado, con flores a juego en tonos azules.<\/p>\n<p>&nbsp;<\/p>\n","protected":false},"excerpt":{"rendered":"<p>Cintur\u00f3n en base r\u00edgida de lat\u00f3n de 3,5 cms de anchura y color dorado, con flores a juego en tonos azules.<\/p>\n","protected":false},"featured_media":12055,"template":"","meta":{"_et_pb_use_builder":"","_et_pb_old_content":"","_et_gb_content_width":""},"product_brand":[],"product_cat":[232],"product_tag":[305,314,331,322,304,292,330,332,323,303,295,334,293],"class_list":{"0":"post-12074","1":"product","2":"type-product","3":"status-publish","4":"has-post-thumbnail","6":"product_cat-cinturones-mujer","7":"product_tag-alicante","8":"product_tag-azul","9":"product_tag-bautizo","10":"product_tag-benidorm","11":"product_tag-boda","12":"product_tag-calpe","13":"product_tag-cinturon","14":"product_tag-comunion","15":"product_tag-denia","16":"product_tag-dorado","17":"product_tag-fiesta","18":"product_tag-flores","19":"product_tag-vestido","21":"first","22":"instock","23":"taxable","24":"shipping-taxable","25":"purchasable","26":"product-type-simple"},"_links":{"self":[{"href":"https:\/\/www.boutiquefelicidad.com\/en\/wp-json\/wp\/v2\/product\/12074","targetHints":{"allow":["GET"]}}],"collection":[{"href":"https:\/\/www.boutiquefelicidad.com\/en\/wp-json\/wp\/v2\/product"}],"about":[{"href":"https:\/\/www.boutiquefelicidad.com\/en\/wp-json\/wp\/v2\/types\/product"}],"wp:featuredmedia":[{"embeddable":true,"href":"https:\/\/www.boutiquefelicidad.com\/en\/wp-json\/wp\/v2\/media\/12055"}],"wp:attachment":[{"href":"https:\/\/www.boutiquefelicidad.com\/en\/wp-json\/wp\/v2\/media?parent=12074"}],"wp:term":[{"taxonomy":"product_brand","embeddable":true,"href":"https:\/\/www.boutiquefelicidad.com\/en\/wp-json\/wp\/v2\/product_brand?post=12074"},{"taxonomy":"product_cat","embeddable":true,"href":"https:\/\/www.boutiquefelicidad.com\/en\/wp-json\/wp\/v2\/product_cat?post=12074"},{"taxonomy":"product_tag","embeddable":true,"href":"https:\/\/www.boutiquefelicidad.com\/en\/wp-json\/wp\/v2\/product_tag?post=12074"}],"curies":[{"name":"wp","href":"https:\/\/api.w.org\/{rel}","templated":true}]}}