{"id":12032,"date":"2021-06-17T19:28:54","date_gmt":"2021-06-17T17:28:54","guid":{"rendered":"https:\/\/www.boutiquefelicidad.com\/?post_type=product&#038;p=12032"},"modified":"2025-03-21T17:15:51","modified_gmt":"2025-03-21T16:15:51","slug":"vestido-novia-cabotine-larochelle","status":"publish","type":"product","link":"https:\/\/www.boutiquefelicidad.com\/en\/producto\/vestido-novia-cabotine-larochelle\/","title":{"rendered":"CABOTINE LA ROCHELLE"},"content":{"rendered":"<p>Vestido de novia de la firma Cabotine, LaRochelle, l\u00ednea rom\u00e1ntica con falda de tul de seda con cuerpo de encaje salpicado en pedrer\u00eda con escote palabra de honor. Bolero en encaje con manga francesa.<\/p>\n<p>Tenemos m\u00e1s modelos disponibles en nuestra secci\u00f3n de\u00a0 -&gt;\u00a0 \u00a0<span style=\"color: #ffcc00;\"><a style=\"color: #ffcc00;\" href=\"https:\/\/www.boutiquefelicidad.com\/categoria-producto\/boda\/novia\/\">Novias<\/a><span style=\"color: #000000;\">.<\/span><\/span><\/p>\n<p>Si la talla que utiliza est\u00e1 agotada p\u00f3ngase en contacto con nosotros via email: <a href=\"mailto:b.felicidad@hotmail.com\">b.felicidad@hotmail.com<\/a> o whatsapp, para consultar disponibilidad en f\u00e1brica de este bonito vestido de novia Cabotine LaRochelle.<\/p>\n<p>Para saber cu\u00e1l es su talla mida pecho, cintura y cadera y compruebe la tabla inferior.<br \/>\nRecuerda, si est\u00e1s entre dos tallas escoge la siguiente m\u00e1s grande.<br \/>\nNuestras tallas son orientativas y puede variar seg\u00fan el fabricante. Ante cualquier duda cons\u00faltenos.<\/p>\n<p><img loading=\"lazy\" decoding=\"async\" class=\"size-medium wp-image-8123 aligncenter\" src=\"https:\/\/www.boutiquefelicidad.com\/wp-content\/uploads\/2018\/03\/x-m-lola-l-sara-ruiz-3-300x187.png\" alt=\"\" width=\"300\" height=\"187\" srcset=\"https:\/\/www.boutiquefelicidad.com\/wp-content\/uploads\/2018\/03\/x-m-lola-l-sara-ruiz-3-300x187.png 300w, https:\/\/www.boutiquefelicidad.com\/wp-content\/uploads\/2018\/03\/x-m-lola-l-sara-ruiz-3-64x40.png 64w, https:\/\/www.boutiquefelicidad.com\/wp-content\/uploads\/2018\/03\/x-m-lola-l-sara-ruiz-3-600x374.png 600w, https:\/\/www.boutiquefelicidad.com\/wp-content\/uploads\/2018\/03\/x-m-lola-l-sara-ruiz-3.png 654w\" sizes=\"(max-width: 300px) 100vw, 300px\" \/><\/p>\n","protected":false},"excerpt":{"rendered":"<p>Vestido de novia de la firma Cabotine, LaRochelle, l\u00ednea rom\u00e1ntica con falda de tul de seda con cuerpo de encaje salpicado en pedrer\u00eda con escote palabra de honor. Bolero en encaje con manga francesa.<\/p>\n","protected":false},"featured_media":14038,"template":"","meta":{"_et_pb_use_builder":"","_et_pb_old_content":"","_et_gb_content_width":""},"product_brand":[],"product_cat":[71,85],"product_tag":[1030,655,1023,1024,1025,978],"class_list":{"0":"post-12032","1":"product","2":"type-product","3":"status-publish","4":"has-post-thumbnail","6":"product_cat-boda","7":"product_cat-novia","8":"product_tag-bodaalicante","9":"product_tag-cabotine","10":"product_tag-noviaalicante","11":"product_tag-trajedeboda","12":"product_tag-trajedenovia","13":"product_tag-vestidodenovia","14":"pa_tallas-251","16":"first","17":"outofstock","18":"taxable","19":"shipping-taxable","20":"purchasable","21":"product-type-variable"},"_links":{"self":[{"href":"https:\/\/www.boutiquefelicidad.com\/en\/wp-json\/wp\/v2\/product\/12032","targetHints":{"allow":["GET"]}}],"collection":[{"href":"https:\/\/www.boutiquefelicidad.com\/en\/wp-json\/wp\/v2\/product"}],"about":[{"href":"https:\/\/www.boutiquefelicidad.com\/en\/wp-json\/wp\/v2\/types\/product"}],"wp:featuredmedia":[{"embeddable":true,"href":"https:\/\/www.boutiquefelicidad.com\/en\/wp-json\/wp\/v2\/media\/14038"}],"wp:attachment":[{"href":"https:\/\/www.boutiquefelicidad.com\/en\/wp-json\/wp\/v2\/media?parent=12032"}],"wp:term":[{"taxonomy":"product_brand","embeddable":true,"href":"https:\/\/www.boutiquefelicidad.com\/en\/wp-json\/wp\/v2\/product_brand?post=12032"},{"taxonomy":"product_cat","embeddable":true,"href":"https:\/\/www.boutiquefelicidad.com\/en\/wp-json\/wp\/v2\/product_cat?post=12032"},{"taxonomy":"product_tag","embeddable":true,"href":"https:\/\/www.boutiquefelicidad.com\/en\/wp-json\/wp\/v2\/product_tag?post=12032"}],"curies":[{"name":"wp","href":"https:\/\/api.w.org\/{rel}","templated":true}]}}