{"id":10833,"date":"2019-08-20T16:41:41","date_gmt":"2019-08-20T14:41:41","guid":{"rendered":"https:\/\/www.boutiquefelicidad.com\/?post_type=product&#038;p=10833"},"modified":"2022-05-27T12:04:24","modified_gmt":"2022-05-27T10:04:24","slug":"cinturon-dorado-flores-claras","status":"publish","type":"product","link":"https:\/\/www.boutiquefelicidad.com\/en\/producto\/cinturon-dorado-flores-claras\/","title":{"rendered":"Cintur\u00f3n dorado flores"},"content":{"rendered":"<p>Cintur\u00f3n en base r\u00edgida de aleaci\u00f3n imitando al lat\u00f3n de 3 cms de anchura y color dorado con flores claras.<\/p>\n","protected":false},"excerpt":{"rendered":"<p>Cintur\u00f3n en base r\u00edgida de aleaci\u00f3n imitando al lat\u00f3n de 3 cms de anchura y color dorado con flores claras.<\/p>\n","protected":false},"featured_media":10816,"template":"","meta":{"_et_pb_use_builder":"","_et_pb_old_content":"","_et_gb_content_width":""},"product_brand":[],"product_cat":[232],"product_tag":[905,860,858,907],"class_list":{"0":"post-10833","1":"product","2":"type-product","3":"status-publish","4":"has-post-thumbnail","6":"product_cat-cinturones-mujer","7":"product_tag-cinturonartesanal","8":"product_tag-cinturondefiesta","9":"product_tag-cinturondeflores","10":"product_tag-cinturondorado","12":"first","13":"outofstock","14":"taxable","15":"shipping-taxable","16":"purchasable","17":"product-type-simple"},"_links":{"self":[{"href":"https:\/\/www.boutiquefelicidad.com\/en\/wp-json\/wp\/v2\/product\/10833","targetHints":{"allow":["GET"]}}],"collection":[{"href":"https:\/\/www.boutiquefelicidad.com\/en\/wp-json\/wp\/v2\/product"}],"about":[{"href":"https:\/\/www.boutiquefelicidad.com\/en\/wp-json\/wp\/v2\/types\/product"}],"wp:featuredmedia":[{"embeddable":true,"href":"https:\/\/www.boutiquefelicidad.com\/en\/wp-json\/wp\/v2\/media\/10816"}],"wp:attachment":[{"href":"https:\/\/www.boutiquefelicidad.com\/en\/wp-json\/wp\/v2\/media?parent=10833"}],"wp:term":[{"taxonomy":"product_brand","embeddable":true,"href":"https:\/\/www.boutiquefelicidad.com\/en\/wp-json\/wp\/v2\/product_brand?post=10833"},{"taxonomy":"product_cat","embeddable":true,"href":"https:\/\/www.boutiquefelicidad.com\/en\/wp-json\/wp\/v2\/product_cat?post=10833"},{"taxonomy":"product_tag","embeddable":true,"href":"https:\/\/www.boutiquefelicidad.com\/en\/wp-json\/wp\/v2\/product_tag?post=10833"}],"curies":[{"name":"wp","href":"https:\/\/api.w.org\/{rel}","templated":true}]}}