{"id":10831,"date":"2019-08-20T16:34:05","date_gmt":"2019-08-20T14:34:05","guid":{"rendered":"https:\/\/www.boutiquefelicidad.com\/?post_type=product&#038;p=10831"},"modified":"2022-06-23T18:55:52","modified_gmt":"2022-06-23T16:55:52","slug":"cinturon-dorado-plumas-fucsia","status":"publish","type":"product","link":"https:\/\/www.boutiquefelicidad.com\/en\/producto\/cinturon-dorado-plumas-fucsia\/","title":{"rendered":"Cintur\u00f3n dorado plumas fucsia"},"content":{"rendered":"<p>Cintur\u00f3n en base r\u00edgida de lat\u00f3n de 3 cms de anchura y color dorado, con flores de diferentes tonalidades y plumas color fucsia.<\/p>\n","protected":false},"excerpt":{"rendered":"<p>Cintur\u00f3n en base r\u00edgida de lat\u00f3n de 3 cms de anchura y color dorado, con flores de diferentes tonalidades y plumas color fucsia.<\/p>\n","protected":false},"featured_media":10819,"template":"","meta":{"_et_pb_use_builder":"","_et_pb_old_content":"","_et_gb_content_width":""},"product_brand":[],"product_cat":[232],"product_tag":[926,860,858,927,907],"class_list":{"0":"post-10831","1":"product","2":"type-product","3":"status-publish","4":"has-post-thumbnail","6":"product_cat-cinturones-mujer","7":"product_tag-cinturonartesano","8":"product_tag-cinturondefiesta","9":"product_tag-cinturondeflores","10":"product_tag-cinturondeplumasfucsia","11":"product_tag-cinturondorado","13":"first","14":"outofstock","15":"taxable","16":"shipping-taxable","17":"purchasable","18":"product-type-simple"},"_links":{"self":[{"href":"https:\/\/www.boutiquefelicidad.com\/en\/wp-json\/wp\/v2\/product\/10831","targetHints":{"allow":["GET"]}}],"collection":[{"href":"https:\/\/www.boutiquefelicidad.com\/en\/wp-json\/wp\/v2\/product"}],"about":[{"href":"https:\/\/www.boutiquefelicidad.com\/en\/wp-json\/wp\/v2\/types\/product"}],"wp:featuredmedia":[{"embeddable":true,"href":"https:\/\/www.boutiquefelicidad.com\/en\/wp-json\/wp\/v2\/media\/10819"}],"wp:attachment":[{"href":"https:\/\/www.boutiquefelicidad.com\/en\/wp-json\/wp\/v2\/media?parent=10831"}],"wp:term":[{"taxonomy":"product_brand","embeddable":true,"href":"https:\/\/www.boutiquefelicidad.com\/en\/wp-json\/wp\/v2\/product_brand?post=10831"},{"taxonomy":"product_cat","embeddable":true,"href":"https:\/\/www.boutiquefelicidad.com\/en\/wp-json\/wp\/v2\/product_cat?post=10831"},{"taxonomy":"product_tag","embeddable":true,"href":"https:\/\/www.boutiquefelicidad.com\/en\/wp-json\/wp\/v2\/product_tag?post=10831"}],"curies":[{"name":"wp","href":"https:\/\/api.w.org\/{rel}","templated":true}]}}