{"id":9909,"date":"2019-04-29T17:05:39","date_gmt":"2019-04-29T15:05:39","guid":{"rendered":"https:\/\/www.boutiquefelicidad.com\/?post_type=product&#038;p=9909"},"modified":"2024-08-03T12:14:34","modified_gmt":"2024-08-03T10:14:34","slug":"clutch-pina","status":"publish","type":"product","link":"https:\/\/www.boutiquefelicidad.com\/de\/producto\/clutch-pina\/","title":{"rendered":"Clutch pi\u00f1a"},"content":{"rendered":"<p>Bolso de mano en tejido de saco con cierre met\u00e1lico dorado en forma de pi\u00f1a. Incluye cadena para llevar colgado en el hombro.<\/p>\n<p>Largo 20cm, Ancho 12 cm ( con cierre 16 cm) y grosor 3 cm.<\/p>\n","protected":false},"excerpt":{"rendered":"<p>Bolso de mano en tejido de saco con cierre met\u00e1lico dorado en forma de pi\u00f1a.<\/p>\n<p>&nbsp;<\/p>\n","protected":false},"featured_media":9771,"template":"","meta":{"_et_pb_use_builder":"","_et_pb_old_content":"","_et_gb_content_width":""},"product_brand":[],"product_cat":[89],"product_tag":[305,321,322,304,378,429,301,434,292,379,332,323,310,302,295,309,563,293],"class_list":{"0":"post-9909","1":"product","2":"type-product","3":"status-publish","4":"has-post-thumbnail","6":"product_cat-bolsos","7":"product_tag-alicante","8":"product_tag-altea","9":"product_tag-benidorm","10":"product_tag-boda","11":"product_tag-bolso","12":"product_tag-bombonera","13":"product_tag-boutique","14":"product_tag-brillo","15":"product_tag-calpe","16":"product_tag-cartera","17":"product_tag-comunion","18":"product_tag-denia","19":"product_tag-evento","20":"product_tag-felicidad","21":"product_tag-fiesta","22":"product_tag-moda","23":"product_tag-pina","24":"product_tag-vestido","26":"first","27":"outofstock","28":"taxable","29":"shipping-taxable","30":"purchasable","31":"product-type-simple"},"_links":{"self":[{"href":"https:\/\/www.boutiquefelicidad.com\/de\/wp-json\/wp\/v2\/product\/9909","targetHints":{"allow":["GET"]}}],"collection":[{"href":"https:\/\/www.boutiquefelicidad.com\/de\/wp-json\/wp\/v2\/product"}],"about":[{"href":"https:\/\/www.boutiquefelicidad.com\/de\/wp-json\/wp\/v2\/types\/product"}],"wp:featuredmedia":[{"embeddable":true,"href":"https:\/\/www.boutiquefelicidad.com\/de\/wp-json\/wp\/v2\/media\/9771"}],"wp:attachment":[{"href":"https:\/\/www.boutiquefelicidad.com\/de\/wp-json\/wp\/v2\/media?parent=9909"}],"wp:term":[{"taxonomy":"product_brand","embeddable":true,"href":"https:\/\/www.boutiquefelicidad.com\/de\/wp-json\/wp\/v2\/product_brand?post=9909"},{"taxonomy":"product_cat","embeddable":true,"href":"https:\/\/www.boutiquefelicidad.com\/de\/wp-json\/wp\/v2\/product_cat?post=9909"},{"taxonomy":"product_tag","embeddable":true,"href":"https:\/\/www.boutiquefelicidad.com\/de\/wp-json\/wp\/v2\/product_tag?post=9909"}],"curies":[{"name":"wp","href":"https:\/\/api.w.org\/{rel}","templated":true}]}}