{"id":8307,"date":"2018-09-13T11:47:28","date_gmt":"2018-09-13T09:47:28","guid":{"rendered":"https:\/\/www.boutiquefelicidad.com\/?post_type=product&#038;p=8307"},"modified":"2024-11-15T11:33:35","modified_gmt":"2024-11-15T10:33:35","slug":"vestido-de-novia-edit","status":"publish","type":"product","link":"https:\/\/www.boutiquefelicidad.com\/de\/producto\/vestido-de-novia-edit\/","title":{"rendered":"EDIT"},"content":{"rendered":"<p>Vestido corte sirena en blanco roto Edit, de tul bordado de arriba a abajo en ivory blanco, con un bordado precioso y elegant\u00edsimo. Lleva un escote ilusi\u00f3n formado por tul que termina en mangas tres cuartos liso de tul, lleva bordado tanto en el escote como en la terminaci\u00f3n de la manga dejando la manga restante lisa para un efecto de bordado en la mu\u00f1eca. Adem\u00e1s lleva 5 peque\u00f1os botones forrados en la mu\u00f1eca iguales que los botones de la botonadura de la espalda. Es un vestido de novia de ensue\u00f1o, como una princesa elegante y actual.<\/p>\n<p>Tenemos m\u00e1s modelos disponibles en nuestra secci\u00f3n de\u00a0 -&gt;\u00a0 \u00a0<span style=\"color: #ffcc00;\"><a style=\"color: #ffcc00;\" href=\"https:\/\/www.boutiquefelicidad.com\/categoria-producto\/boda\/novia\/\">Novias<\/a><span style=\"color: #000000;\">.<\/span><\/span><\/p>\n<p>Si la talla que utiliza est\u00e1 agotada p\u00f3ngase en contacto con nosotros via email: <a href=\"mailto:b.felicidad@hotmail.com\">b.felicidad@hotmail.com<\/a> o whatsapp, para consultar disponibilidad en f\u00e1brica de este espectacular vestido de novia Edit.<\/p>\n<p>Para saber cu\u00e1l es su talla mida pecho, cintura y cadera y compruebe la tabla inferior.<br \/>\nRecuerda, si est\u00e1s entre dos tallas escoge la siguiente m\u00e1s grande.<br \/>\nNuestras tallas son orientativas y puede variar seg\u00fan el fabricante. Ante cualquier duda cons\u00faltenos.<\/p>\n<p><img loading=\"lazy\" decoding=\"async\" class=\"size-medium wp-image-8123 aligncenter\" src=\"https:\/\/www.boutiquefelicidad.com\/wp-content\/uploads\/2018\/03\/x-m-lola-l-sara-ruiz-3-300x187.png\" alt=\"\" width=\"300\" height=\"187\" srcset=\"https:\/\/www.boutiquefelicidad.com\/wp-content\/uploads\/2018\/03\/x-m-lola-l-sara-ruiz-3-300x187.png 300w, https:\/\/www.boutiquefelicidad.com\/wp-content\/uploads\/2018\/03\/x-m-lola-l-sara-ruiz-3-64x40.png 64w, https:\/\/www.boutiquefelicidad.com\/wp-content\/uploads\/2018\/03\/x-m-lola-l-sara-ruiz-3-600x374.png 600w, https:\/\/www.boutiquefelicidad.com\/wp-content\/uploads\/2018\/03\/x-m-lola-l-sara-ruiz-3.png 654w\" sizes=\"(max-width: 300px) 100vw, 300px\" \/><\/p>\n","protected":false},"excerpt":{"rendered":"<p>Vestido corte sirena en blanco roto Edit, de tul bordado de arriba a abajo en ivory blanco, con un bordado precioso y elegant\u00edsimo. Lleva un escote ilusi\u00f3n formado por tul que termina en mangas tres cuartos liso de tul, lleva bordado tanto en el escote como en la terminaci\u00f3n de la manga dejando la manga restante lisa para un efecto de bordado en la mu\u00f1eca. Adem\u00e1s lleva 5 peque\u00f1os botones forrados en la mu\u00f1eca iguales que los botones de la botonadura de la espalda. Es un vestido de novia de ensue\u00f1o, como una princesa elegante y actual.<\/p>\n","protected":false},"featured_media":14060,"template":"","meta":{"_et_pb_use_builder":"","_et_pb_old_content":"","_et_gb_content_width":""},"product_brand":[],"product_cat":[71,85],"product_tag":[1030,1023,1037,1025,881,978],"class_list":{"0":"post-8307","1":"product","2":"type-product","3":"status-publish","4":"has-post-thumbnail","6":"product_cat-boda","7":"product_cat-novia","8":"product_tag-bodaalicante","9":"product_tag-noviaalicante","10":"product_tag-trajdedeboda","11":"product_tag-trajedenovia","12":"product_tag-vestidodeboda","13":"product_tag-vestidodenovia","14":"pa_tallas-256","16":"first","17":"instock","18":"taxable","19":"shipping-taxable","20":"purchasable","21":"product-type-variable"},"_links":{"self":[{"href":"https:\/\/www.boutiquefelicidad.com\/de\/wp-json\/wp\/v2\/product\/8307","targetHints":{"allow":["GET"]}}],"collection":[{"href":"https:\/\/www.boutiquefelicidad.com\/de\/wp-json\/wp\/v2\/product"}],"about":[{"href":"https:\/\/www.boutiquefelicidad.com\/de\/wp-json\/wp\/v2\/types\/product"}],"wp:featuredmedia":[{"embeddable":true,"href":"https:\/\/www.boutiquefelicidad.com\/de\/wp-json\/wp\/v2\/media\/14060"}],"wp:attachment":[{"href":"https:\/\/www.boutiquefelicidad.com\/de\/wp-json\/wp\/v2\/media?parent=8307"}],"wp:term":[{"taxonomy":"product_brand","embeddable":true,"href":"https:\/\/www.boutiquefelicidad.com\/de\/wp-json\/wp\/v2\/product_brand?post=8307"},{"taxonomy":"product_cat","embeddable":true,"href":"https:\/\/www.boutiquefelicidad.com\/de\/wp-json\/wp\/v2\/product_cat?post=8307"},{"taxonomy":"product_tag","embeddable":true,"href":"https:\/\/www.boutiquefelicidad.com\/de\/wp-json\/wp\/v2\/product_tag?post=8307"}],"curies":[{"name":"wp","href":"https:\/\/api.w.org\/{rel}","templated":true}]}}