{"id":8272,"date":"2018-09-11T16:49:15","date_gmt":"2018-09-11T14:49:15","guid":{"rendered":"https:\/\/www.boutiquefelicidad.com\/?post_type=product&#038;p=8272"},"modified":"2024-11-15T11:33:36","modified_gmt":"2024-11-15T10:33:36","slug":"camisa-lila","status":"publish","type":"product","link":"https:\/\/www.boutiquefelicidad.com\/de\/producto\/camisa-lila\/","title":{"rendered":"Camisa lila"},"content":{"rendered":"<p>Camisa de manga larga color lila, formando la tela un panelado en forma de rombo. Composici\u00f3n: 50% poli\u00e9ster, 50% algod\u00f3n.<\/p>\n<p>Si la talla que utiliza est\u00e1 agotada p\u00f3ngase en contacto con nosotros via email: <a href=\"mailto:b.felicidad@hotmail.com\">b.felicidad@hotmail.com<\/a> para consultar disponibilidad en f\u00e1brica.<\/p>\n<p>Para saber cu\u00e1l es su talla mida pecho, cintura y cadera y compruebe la tabla inferior.<br \/>\nRecuerde, si est\u00e1s entre dos tallas escoge la siguiente m\u00e1s grande.<\/p>\n<p>Nuestras tallas son orientativas y puede variar seg\u00fan el fabricante. Ante cualquier duda cons\u00faltenos.<\/p>\n<p><img loading=\"lazy\" decoding=\"async\" class=\"wp-image-7977 alignnone\" src=\"https:\/\/www.boutiquefelicidad.com\/wp-content\/uploads\/2018\/05\/Camisas-Regular-300x48.png\" alt=\"\" width=\"463\" height=\"74\" srcset=\"https:\/\/www.boutiquefelicidad.com\/wp-content\/uploads\/2018\/05\/Camisas-Regular-300x48.png 300w, https:\/\/www.boutiquefelicidad.com\/wp-content\/uploads\/2018\/05\/Camisas-Regular-800x128.png 800w, https:\/\/www.boutiquefelicidad.com\/wp-content\/uploads\/2018\/05\/Camisas-Regular-64x10.png 64w, https:\/\/www.boutiquefelicidad.com\/wp-content\/uploads\/2018\/05\/Camisas-Regular-768x123.png 768w, https:\/\/www.boutiquefelicidad.com\/wp-content\/uploads\/2018\/05\/Camisas-Regular-1024x164.png 1024w, https:\/\/www.boutiquefelicidad.com\/wp-content\/uploads\/2018\/05\/Camisas-Regular-600x96.png 600w, https:\/\/www.boutiquefelicidad.com\/wp-content\/uploads\/2018\/05\/Camisas-Regular-1170x188.png 1170w, https:\/\/www.boutiquefelicidad.com\/wp-content\/uploads\/2018\/05\/Camisas-Regular.png 1432w\" sizes=\"(max-width: 463px) 100vw, 463px\" \/><\/p>\n","protected":false},"excerpt":{"rendered":"<p>Camisa de manga larga color lila, formando la tela un panelado en forma de rombo.<\/p>\n","protected":false},"featured_media":7335,"template":"","meta":{"_et_pb_use_builder":"","_et_pb_old_content":"","_et_gb_content_width":""},"product_brand":[],"product_cat":[244,242],"product_tag":[305,304,292,568,332,575,418,573,306],"class_list":{"0":"post-8272","1":"product","2":"type-product","3":"status-publish","4":"has-post-thumbnail","6":"product_cat-camisas","7":"product_cat-hombre","8":"product_tag-alicante","9":"product_tag-boda","10":"product_tag-calpe","11":"product_tag-camisa","12":"product_tag-comunion","13":"product_tag-hombre","14":"product_tag-lila","15":"product_tag-manga-larga","16":"product_tag-traje","17":"pa_tallas-277","18":"pa_tallas-251","19":"pa_tallas-252","20":"pa_tallas-253","21":"pa_tallas-254","22":"pa_tallas-255","23":"pa_tallas-256","24":"pa_tallas-284","26":"first","27":"instock","28":"taxable","29":"shipping-taxable","30":"purchasable","31":"product-type-variable"},"_links":{"self":[{"href":"https:\/\/www.boutiquefelicidad.com\/de\/wp-json\/wp\/v2\/product\/8272","targetHints":{"allow":["GET"]}}],"collection":[{"href":"https:\/\/www.boutiquefelicidad.com\/de\/wp-json\/wp\/v2\/product"}],"about":[{"href":"https:\/\/www.boutiquefelicidad.com\/de\/wp-json\/wp\/v2\/types\/product"}],"wp:featuredmedia":[{"embeddable":true,"href":"https:\/\/www.boutiquefelicidad.com\/de\/wp-json\/wp\/v2\/media\/7335"}],"wp:attachment":[{"href":"https:\/\/www.boutiquefelicidad.com\/de\/wp-json\/wp\/v2\/media?parent=8272"}],"wp:term":[{"taxonomy":"product_brand","embeddable":true,"href":"https:\/\/www.boutiquefelicidad.com\/de\/wp-json\/wp\/v2\/product_brand?post=8272"},{"taxonomy":"product_cat","embeddable":true,"href":"https:\/\/www.boutiquefelicidad.com\/de\/wp-json\/wp\/v2\/product_cat?post=8272"},{"taxonomy":"product_tag","embeddable":true,"href":"https:\/\/www.boutiquefelicidad.com\/de\/wp-json\/wp\/v2\/product_tag?post=8272"}],"curies":[{"name":"wp","href":"https:\/\/api.w.org\/{rel}","templated":true}]}}