{"id":7338,"date":"2018-05-12T12:44:06","date_gmt":"2018-05-12T10:44:06","guid":{"rendered":"https:\/\/www.boutiquefelicidad.com\/?post_type=product&#038;p=7338"},"modified":"2024-11-15T11:33:41","modified_gmt":"2024-11-15T10:33:41","slug":"camisa-celeste","status":"publish","type":"product","link":"https:\/\/www.boutiquefelicidad.com\/de\/producto\/camisa-celeste\/","title":{"rendered":"Camisa celeste"},"content":{"rendered":"<p>Camisa de manga larga color celeste, formando la tela un panelado en forma de rombos. Composici\u00f3n: 50% poli\u00e9ster, 50% algod\u00f3n.<\/p>\n<p>Si la talla que utiliza est\u00e1 agotada p\u00f3ngase en contacto con nosotros via email: <a href=\"mailto:b.felicidad@hotmail.com\">b.felicidad@hotmail.com<\/a> para consultar disponibilidad en f\u00e1brica.<\/p>\n<p>Para saber cu\u00e1l es su talla mida pecho, cintura y cadera y compruebe la tabla inferior.<br \/>\nRecuerde, si est\u00e1s entre dos tallas escoge la siguiente m\u00e1s grande.<\/p>\n<p>Nuestras tallas son orientativas y puede variar seg\u00fan el fabricante. Ante cualquier duda cons\u00faltenos.<\/p>\n<p><img loading=\"lazy\" decoding=\"async\" class=\"wp-image-7977 aligncenter\" src=\"https:\/\/www.boutiquefelicidad.com\/wp-content\/uploads\/2018\/05\/Camisas-Regular-300x48.png\" alt=\"\" width=\"450\" height=\"72\" srcset=\"https:\/\/www.boutiquefelicidad.com\/wp-content\/uploads\/2018\/05\/Camisas-Regular-300x48.png 300w, https:\/\/www.boutiquefelicidad.com\/wp-content\/uploads\/2018\/05\/Camisas-Regular-800x128.png 800w, https:\/\/www.boutiquefelicidad.com\/wp-content\/uploads\/2018\/05\/Camisas-Regular-64x10.png 64w, https:\/\/www.boutiquefelicidad.com\/wp-content\/uploads\/2018\/05\/Camisas-Regular-768x123.png 768w, https:\/\/www.boutiquefelicidad.com\/wp-content\/uploads\/2018\/05\/Camisas-Regular-1024x164.png 1024w, https:\/\/www.boutiquefelicidad.com\/wp-content\/uploads\/2018\/05\/Camisas-Regular-600x96.png 600w, https:\/\/www.boutiquefelicidad.com\/wp-content\/uploads\/2018\/05\/Camisas-Regular-1170x188.png 1170w, https:\/\/www.boutiquefelicidad.com\/wp-content\/uploads\/2018\/05\/Camisas-Regular.png 1432w\" sizes=\"(max-width: 450px) 100vw, 450px\" \/><\/p>\n","protected":false},"excerpt":{"rendered":"<p>Camisa de manga larga color celeste, formando la tela un panelado en forma de rombos.<\/p>\n","protected":false},"featured_media":7337,"template":"","meta":{"_et_pb_use_builder":"","_et_pb_old_content":"","_et_gb_content_width":""},"product_brand":[],"product_cat":[244,242],"product_tag":[305,304,292,568,387,332,575,573,306],"class_list":{"0":"post-7338","1":"product","2":"type-product","3":"status-publish","4":"has-post-thumbnail","6":"product_cat-camisas","7":"product_cat-hombre","8":"product_tag-alicante","9":"product_tag-boda","10":"product_tag-calpe","11":"product_tag-camisa","12":"product_tag-celeste","13":"product_tag-comunion","14":"product_tag-hombre","15":"product_tag-manga-larga","16":"product_tag-traje","17":"pa_tallas-279","18":"pa_tallas-277","19":"pa_tallas-280","20":"pa_tallas-251","21":"pa_tallas-252","22":"pa_tallas-253","23":"pa_tallas-254","24":"pa_tallas-255","25":"pa_tallas-256","26":"pa_tallas-283","27":"pa_tallas-284","29":"first","30":"instock","31":"taxable","32":"shipping-taxable","33":"purchasable","34":"product-type-variable"},"_links":{"self":[{"href":"https:\/\/www.boutiquefelicidad.com\/de\/wp-json\/wp\/v2\/product\/7338","targetHints":{"allow":["GET"]}}],"collection":[{"href":"https:\/\/www.boutiquefelicidad.com\/de\/wp-json\/wp\/v2\/product"}],"about":[{"href":"https:\/\/www.boutiquefelicidad.com\/de\/wp-json\/wp\/v2\/types\/product"}],"wp:featuredmedia":[{"embeddable":true,"href":"https:\/\/www.boutiquefelicidad.com\/de\/wp-json\/wp\/v2\/media\/7337"}],"wp:attachment":[{"href":"https:\/\/www.boutiquefelicidad.com\/de\/wp-json\/wp\/v2\/media?parent=7338"}],"wp:term":[{"taxonomy":"product_brand","embeddable":true,"href":"https:\/\/www.boutiquefelicidad.com\/de\/wp-json\/wp\/v2\/product_brand?post=7338"},{"taxonomy":"product_cat","embeddable":true,"href":"https:\/\/www.boutiquefelicidad.com\/de\/wp-json\/wp\/v2\/product_cat?post=7338"},{"taxonomy":"product_tag","embeddable":true,"href":"https:\/\/www.boutiquefelicidad.com\/de\/wp-json\/wp\/v2\/product_tag?post=7338"}],"curies":[{"name":"wp","href":"https:\/\/api.w.org\/{rel}","templated":true}]}}