{"id":7336,"date":"2018-05-12T12:34:57","date_gmt":"2018-05-12T10:34:57","guid":{"rendered":"https:\/\/www.boutiquefelicidad.com\/?post_type=product&#038;p=7336"},"modified":"2024-11-15T11:33:42","modified_gmt":"2024-11-15T10:33:42","slug":"camisa-celeste-slim-fit","status":"publish","type":"product","link":"https:\/\/www.boutiquefelicidad.com\/de\/producto\/camisa-celeste-slim-fit\/","title":{"rendered":"Camisa celeste SLIM FIT"},"content":{"rendered":"<p>Camisa de manga larga color celeste slimfit, formando la tela un panelado en forma de rombos. Composici\u00f3n: 50% poli\u00e9ster, 50% algod\u00f3n.<\/p>\n<p>Si la talla que utiliza est\u00e1 agotada p\u00f3ngase en contacto con nosotros via email: <a href=\"mailto:b.felicidad@hotmail.com\">b.felicidad@hotmail.com<\/a> para consultar disponibilidad en f\u00e1brica.<\/p>\n<p>Para saber cu\u00e1l es su talla mida pecho, cintura y cadera y compruebe la tabla inferior.<br \/>\nRecuerde, si est\u00e1s entre dos tallas escoge la siguiente m\u00e1s grande.<\/p>\n<p>Nuestras tallas son orientativas y puede variar seg\u00fan el fabricante. Ante cualquier duda cons\u00faltenos.<\/p>\n<p><img loading=\"lazy\" decoding=\"async\" class=\" wp-image-7979 aligncenter\" src=\"https:\/\/www.boutiquefelicidad.com\/wp-content\/uploads\/2018\/05\/Camisas-Slim-300x69.png\" alt=\"\" width=\"399\" height=\"92\" srcset=\"https:\/\/www.boutiquefelicidad.com\/wp-content\/uploads\/2018\/05\/Camisas-Slim-300x69.png 300w, https:\/\/www.boutiquefelicidad.com\/wp-content\/uploads\/2018\/05\/Camisas-Slim-800x184.png 800w, https:\/\/www.boutiquefelicidad.com\/wp-content\/uploads\/2018\/05\/Camisas-Slim-64x15.png 64w, https:\/\/www.boutiquefelicidad.com\/wp-content\/uploads\/2018\/05\/Camisas-Slim-768x176.png 768w, https:\/\/www.boutiquefelicidad.com\/wp-content\/uploads\/2018\/05\/Camisas-Slim-600x138.png 600w, https:\/\/www.boutiquefelicidad.com\/wp-content\/uploads\/2018\/05\/Camisas-Slim.png 1002w\" sizes=\"(max-width: 399px) 100vw, 399px\" \/><\/p>\n","protected":false},"excerpt":{"rendered":"<p>Camisa de manga larga color celeste slimfit, formando la tela un panelado en forma de rombos.<\/p>\n","protected":false},"featured_media":7337,"template":"","meta":{"_et_pb_use_builder":"","_et_pb_old_content":"","_et_gb_content_width":""},"product_brand":[],"product_cat":[244,242],"product_tag":[305,304,292,568,387,332,575,573,578,306],"class_list":{"0":"post-7336","1":"product","2":"type-product","3":"status-publish","4":"has-post-thumbnail","6":"product_cat-camisas","7":"product_cat-hombre","8":"product_tag-alicante","9":"product_tag-boda","10":"product_tag-calpe","11":"product_tag-camisa","12":"product_tag-celeste","13":"product_tag-comunion","14":"product_tag-hombre","15":"product_tag-manga-larga","16":"product_tag-slim","17":"product_tag-traje","18":"pa_tallas-287","19":"pa_tallas-279","20":"pa_tallas-280","21":"pa_tallas-281","22":"pa_tallas-282","24":"first","25":"instock","26":"taxable","27":"shipping-taxable","28":"purchasable","29":"product-type-variable"},"_links":{"self":[{"href":"https:\/\/www.boutiquefelicidad.com\/de\/wp-json\/wp\/v2\/product\/7336","targetHints":{"allow":["GET"]}}],"collection":[{"href":"https:\/\/www.boutiquefelicidad.com\/de\/wp-json\/wp\/v2\/product"}],"about":[{"href":"https:\/\/www.boutiquefelicidad.com\/de\/wp-json\/wp\/v2\/types\/product"}],"wp:featuredmedia":[{"embeddable":true,"href":"https:\/\/www.boutiquefelicidad.com\/de\/wp-json\/wp\/v2\/media\/7337"}],"wp:attachment":[{"href":"https:\/\/www.boutiquefelicidad.com\/de\/wp-json\/wp\/v2\/media?parent=7336"}],"wp:term":[{"taxonomy":"product_brand","embeddable":true,"href":"https:\/\/www.boutiquefelicidad.com\/de\/wp-json\/wp\/v2\/product_brand?post=7336"},{"taxonomy":"product_cat","embeddable":true,"href":"https:\/\/www.boutiquefelicidad.com\/de\/wp-json\/wp\/v2\/product_cat?post=7336"},{"taxonomy":"product_tag","embeddable":true,"href":"https:\/\/www.boutiquefelicidad.com\/de\/wp-json\/wp\/v2\/product_tag?post=7336"}],"curies":[{"name":"wp","href":"https:\/\/api.w.org\/{rel}","templated":true}]}}