{"id":6924,"date":"2018-04-08T20:33:19","date_gmt":"2018-04-08T18:33:19","guid":{"rendered":"https:\/\/www.boutiquefelicidad.com\/?post_type=product&#038;p=6924"},"modified":"2018-09-29T21:17:04","modified_gmt":"2018-09-29T19:17:04","slug":"cinturon-flores-artesano","status":"publish","type":"product","link":"https:\/\/www.boutiquefelicidad.com\/de\/producto\/cinturon-flores-artesano\/","title":{"rendered":"Cintur\u00f3n flores artesano"},"content":{"rendered":"<p>Cintur\u00f3n de cinta de raso en color rosa palo, totalmente artesano hecho a mano flor a flor en tonos rosas, fucsia y lila lavanda, haci\u00e9ndolo \u00fanico. Dentro de cada flor lleva pedrer\u00eda en dorado. Un complemento original y \u00fanico que embellecer\u00e1 cualquier prenda.<\/p>\n","protected":false},"excerpt":{"rendered":"<p>Cintur\u00f3n de cinta de raso en color rosa palo, totalmente artesano hecho a mano flor a flor en tonos rosas, fucsia y lila lavanda, haci\u00e9ndolo \u00fanico.<\/p>\n","protected":false},"featured_media":6925,"template":"","meta":{"_et_pb_use_builder":"","_et_pb_old_content":"","_et_gb_content_width":""},"product_brand":[],"product_cat":[232],"product_tag":[305,321,331,322,304,292,330,332,318,323,295,333,309,293],"class_list":{"0":"post-6924","1":"product","2":"type-product","3":"status-publish","4":"has-post-thumbnail","6":"product_cat-cinturones-mujer","7":"product_tag-alicante","8":"product_tag-altea","9":"product_tag-bautizo","10":"product_tag-benidorm","11":"product_tag-boda","12":"product_tag-calpe","13":"product_tag-cinturon","14":"product_tag-comunion","15":"product_tag-costa-blanca","16":"product_tag-denia","17":"product_tag-fiesta","18":"product_tag-marina-alta","19":"product_tag-moda","20":"product_tag-vestido","22":"first","23":"instock","24":"taxable","25":"shipping-taxable","26":"purchasable","27":"product-type-simple"},"_links":{"self":[{"href":"https:\/\/www.boutiquefelicidad.com\/de\/wp-json\/wp\/v2\/product\/6924","targetHints":{"allow":["GET"]}}],"collection":[{"href":"https:\/\/www.boutiquefelicidad.com\/de\/wp-json\/wp\/v2\/product"}],"about":[{"href":"https:\/\/www.boutiquefelicidad.com\/de\/wp-json\/wp\/v2\/types\/product"}],"wp:featuredmedia":[{"embeddable":true,"href":"https:\/\/www.boutiquefelicidad.com\/de\/wp-json\/wp\/v2\/media\/6925"}],"wp:attachment":[{"href":"https:\/\/www.boutiquefelicidad.com\/de\/wp-json\/wp\/v2\/media?parent=6924"}],"wp:term":[{"taxonomy":"product_brand","embeddable":true,"href":"https:\/\/www.boutiquefelicidad.com\/de\/wp-json\/wp\/v2\/product_brand?post=6924"},{"taxonomy":"product_cat","embeddable":true,"href":"https:\/\/www.boutiquefelicidad.com\/de\/wp-json\/wp\/v2\/product_cat?post=6924"},{"taxonomy":"product_tag","embeddable":true,"href":"https:\/\/www.boutiquefelicidad.com\/de\/wp-json\/wp\/v2\/product_tag?post=6924"}],"curies":[{"name":"wp","href":"https:\/\/api.w.org\/{rel}","templated":true}]}}