{"id":6360,"date":"2018-03-29T18:07:17","date_gmt":"2018-03-29T16:07:17","guid":{"rendered":"https:\/\/www.boutiquefelicidad.com\/?post_type=product&#038;p=6360"},"modified":"2020-02-29T11:48:16","modified_gmt":"2020-02-29T10:48:16","slug":"can-can-sisi","status":"publish","type":"product","link":"https:\/\/www.boutiquefelicidad.com\/de\/producto\/can-can-sisi\/","title":{"rendered":"can can sisi"},"content":{"rendered":"<p>Can can sisi (princesa muy pomposo) talla \u00fanica se adapta porque lleva un cord\u00f3n en la cintura para abrochar en la medida necesaria de cada persona. La parte de arriba es lycra el\u00e1stico para adaptarse a todos los cuerpos, y la parte de abajo son capas de tul cortada en tres volantes con sus aros correspondientes para que abra el vestido y con cola.<\/p>\n","protected":false},"excerpt":{"rendered":"<p>Can can sisi (princesa muy pomposo) talla \u00fanica se adapta porque lleva un cord\u00f3n en la cintura para abrochar en la medida necesaria de cada persona.<\/p>\n","protected":false},"featured_media":11087,"template":"","meta":{"_et_pb_use_builder":"","_et_pb_old_content":"","_et_gb_content_width":""},"product_brand":[],"product_cat":[71,240],"product_tag":[325,305,321,322,304,292,326,323,316,324,293],"class_list":{"0":"post-6360","1":"product","2":"type-product","3":"status-publish","4":"has-post-thumbnail","6":"product_cat-boda","7":"product_cat-complementos-novia","8":"product_tag-adorno","9":"product_tag-alicante","10":"product_tag-altea","11":"product_tag-benidorm","12":"product_tag-boda","13":"product_tag-calpe","14":"product_tag-can-can","15":"product_tag-denia","16":"product_tag-novia","17":"product_tag-prendido","18":"product_tag-vestido","20":"first","21":"outofstock","22":"taxable","23":"shipping-taxable","24":"purchasable","25":"product-type-simple"},"_links":{"self":[{"href":"https:\/\/www.boutiquefelicidad.com\/de\/wp-json\/wp\/v2\/product\/6360","targetHints":{"allow":["GET"]}}],"collection":[{"href":"https:\/\/www.boutiquefelicidad.com\/de\/wp-json\/wp\/v2\/product"}],"about":[{"href":"https:\/\/www.boutiquefelicidad.com\/de\/wp-json\/wp\/v2\/types\/product"}],"wp:featuredmedia":[{"embeddable":true,"href":"https:\/\/www.boutiquefelicidad.com\/de\/wp-json\/wp\/v2\/media\/11087"}],"wp:attachment":[{"href":"https:\/\/www.boutiquefelicidad.com\/de\/wp-json\/wp\/v2\/media?parent=6360"}],"wp:term":[{"taxonomy":"product_brand","embeddable":true,"href":"https:\/\/www.boutiquefelicidad.com\/de\/wp-json\/wp\/v2\/product_brand?post=6360"},{"taxonomy":"product_cat","embeddable":true,"href":"https:\/\/www.boutiquefelicidad.com\/de\/wp-json\/wp\/v2\/product_cat?post=6360"},{"taxonomy":"product_tag","embeddable":true,"href":"https:\/\/www.boutiquefelicidad.com\/de\/wp-json\/wp\/v2\/product_tag?post=6360"}],"curies":[{"name":"wp","href":"https:\/\/api.w.org\/{rel}","templated":true}]}}