{"id":5490,"date":"2018-01-11T18:20:16","date_gmt":"2018-01-11T17:20:16","guid":{"rendered":"https:\/\/www.boutiquefelicidad.com\/?post_type=product&#038;p=5490"},"modified":"2024-11-15T11:34:05","modified_gmt":"2024-11-15T10:34:05","slug":"vestido-de-marfil-coleccion-de-rosa-clara-de-mikado-en-plata-vison","status":"publish","type":"product","link":"https:\/\/www.boutiquefelicidad.com\/de\/producto\/vestido-de-marfil-coleccion-de-rosa-clara-de-mikado-en-plata-vison\/","title":{"rendered":"Marfil 2J1C2"},"content":{"rendered":"<p>Vestido de Marfil, Colecci\u00f3n de Rosa Clar\u00e1, de mikado en plata vis\u00f3n con una abertura en la falda, la parte superior el forro es crema para que el encaje de chantilly de encima en plata se distinga, el encaje es bordado y con pedrer\u00eda plata vis\u00f3n. El escote coraz\u00f3n y el bordado del cuello como un tatuaje en la piel lo hace realmente espectacular.<\/p>\n<p>En nuestra secci\u00f3n de zapatos puede encontrar el zapato ideal para combinar con este vestido, por ejemplo esta preciosa\u00a0 -&gt;\u00a0<span style=\"color: #ff9900;\">\u00a0<a style=\"color: #ff9900;\" href=\"https:\/\/www.boutiquefelicidad.com\/producto\/sandalia-de-fiesta-color-plateado-espejo-muy-elegante\/\">Sandalia plateada<\/a><\/span><\/p>\n<p>Si la talla que utiliza est\u00e1 agotada p\u00f3ngase en contacto con nosotros via email: <a href=\"mailto:b.felicidad@hotmail.com\">b.felicidad@hotmail.com<\/a> para consultar disponibilidad en f\u00e1brica.<\/p>\n<p>Para saber cu\u00e1l es su talla mida pecho, cintura y cadera y compruebe la tabla inferior.<br \/>\nRecuerda, si est\u00e1s entre dos tallas escoge la siguiente m\u00e1s grande.<br \/>\nNuestras tallas son orientativas y puede variar seg\u00fan el fabricante. Ante cualquier duda cons\u00faltenos.<\/p>\n<p><img loading=\"lazy\" decoding=\"async\" class=\"size-medium wp-image-7214 aligncenter\" src=\"https:\/\/www.boutiquefelicidad.com\/wp-content\/uploads\/2018\/03\/marfil-rosa-clara-matilde-cano-300x270.png\" alt=\"\" width=\"300\" height=\"270\" srcset=\"https:\/\/www.boutiquefelicidad.com\/wp-content\/uploads\/2018\/03\/marfil-rosa-clara-matilde-cano-300x270.png 300w, https:\/\/www.boutiquefelicidad.com\/wp-content\/uploads\/2018\/03\/marfil-rosa-clara-matilde-cano-64x58.png 64w, https:\/\/www.boutiquefelicidad.com\/wp-content\/uploads\/2018\/03\/marfil-rosa-clara-matilde-cano-600x540.png 600w, https:\/\/www.boutiquefelicidad.com\/wp-content\/uploads\/2018\/03\/marfil-rosa-clara-matilde-cano.png 622w\" sizes=\"(max-width: 300px) 100vw, 300px\" \/><\/p>\n","protected":false},"excerpt":{"rendered":"<p>Vestido de Marfil, Colecci\u00f3n de Rosa Clar\u00e1, de mikado en plata vis\u00f3n con una abertura en la falda, la parte superior el forro es crema para que el encaje de chantilly de encima en plata se distinga, el encaje es bordado y con pedrer\u00eda plata vis\u00f3n. El escote coraz\u00f3n y el bordado del cuello como un tatuaje en la piel lo hace realmente espectacular.<\/p>\n","protected":false},"featured_media":13139,"template":"","meta":{"_et_pb_use_builder":"","_et_pb_old_content":"","_et_gb_content_width":""},"product_brand":[],"product_cat":[52,48,50],"product_tag":[800,336,801,799,802],"class_list":{"0":"post-5490","1":"product","2":"type-product","3":"status-publish","4":"has-post-thumbnail","6":"product_cat-alta-costura","7":"product_cat-mujer","8":"product_cat-tallas-grandes","9":"product_tag-altacostura","10":"product_tag-marfil","11":"product_tag-rosaclara","12":"product_tag-vestidodemadrina","13":"product_tag-vestidoplateado","14":"pa_tallas-256","16":"first","17":"outofstock","18":"taxable","19":"shipping-taxable","20":"purchasable","21":"product-type-variable"},"_links":{"self":[{"href":"https:\/\/www.boutiquefelicidad.com\/de\/wp-json\/wp\/v2\/product\/5490","targetHints":{"allow":["GET"]}}],"collection":[{"href":"https:\/\/www.boutiquefelicidad.com\/de\/wp-json\/wp\/v2\/product"}],"about":[{"href":"https:\/\/www.boutiquefelicidad.com\/de\/wp-json\/wp\/v2\/types\/product"}],"wp:featuredmedia":[{"embeddable":true,"href":"https:\/\/www.boutiquefelicidad.com\/de\/wp-json\/wp\/v2\/media\/13139"}],"wp:attachment":[{"href":"https:\/\/www.boutiquefelicidad.com\/de\/wp-json\/wp\/v2\/media?parent=5490"}],"wp:term":[{"taxonomy":"product_brand","embeddable":true,"href":"https:\/\/www.boutiquefelicidad.com\/de\/wp-json\/wp\/v2\/product_brand?post=5490"},{"taxonomy":"product_cat","embeddable":true,"href":"https:\/\/www.boutiquefelicidad.com\/de\/wp-json\/wp\/v2\/product_cat?post=5490"},{"taxonomy":"product_tag","embeddable":true,"href":"https:\/\/www.boutiquefelicidad.com\/de\/wp-json\/wp\/v2\/product_tag?post=5490"}],"curies":[{"name":"wp","href":"https:\/\/api.w.org\/{rel}","templated":true}]}}