{"id":5329,"date":"2017-11-30T14:03:56","date_gmt":"2017-11-30T13:03:56","guid":{"rendered":"https:\/\/www.boutiquefelicidad.com\/?post_type=product&#038;p=5329"},"modified":"2024-11-15T11:34:06","modified_gmt":"2024-11-15T10:34:06","slug":"traje-arax-gazzo-3119","status":"publish","type":"product","link":"https:\/\/www.boutiquefelicidad.com\/de\/producto\/traje-arax-gazzo-3119\/","title":{"rendered":"ARAX GAZZO 3119"},"content":{"rendered":"<p>Traje de novio o padrino Arax Gazzo 3119, en color azul marino. El precio es completo: chaqueta con botones forrados, la solapa es en azul marino con el vivo azul el\u00e9ctrico haciendo rayitas, pantal\u00f3n azul marino, chaleco cruzado delante\u00a0 en azul el\u00e9ctrico con rayas igual que el vivo de la solape y con botones forrados en el mismo tejido, corbat\u00f3n igual que chaleco y en el nudo lleva un broche de brillantes, pa\u00f1uelo a juego de chaleco y gemelos a juego del traje. Es un corte m\u00e1s italiano, ajustado y moderno.<\/p>\n<p>Tenemos m\u00e1s modelos disponibles en nuestra secci\u00f3n de\u00a0 -&gt;\u00a0 \u00a0<span style=\"color: #ffcc00;\"><a style=\"color: #ffcc00;\" href=\"https:\/\/www.boutiquefelicidad.com\/categoria-producto\/boda\/novio\/\">Novios<\/a><\/span><\/p>\n<p>Si la talla que utiliza est\u00e1 agotada p\u00f3ngase en contacto con nosotros via email: <a href=\"mailto:b.felicidad@hotmail.com\">b.felicidad@hotmail.com<\/a> o whatsapp, para consultar disponibilidad en f\u00e1brica de este traje de novio Arax Gazzo 3119 navy.<\/p>\n<p>Para saber cu\u00e1l es su talla\u00a0 compruebe la tabla inferior.<br \/>\nRecuerda, si est\u00e1s entre dos tallas escoge la siguiente m\u00e1s grande.<\/p>\n<p><img loading=\"lazy\" decoding=\"async\" class=\"size-medium wp-image-7650 aligncenter\" src=\"https:\/\/www.boutiquefelicidad.com\/wp-content\/uploads\/2017\/11\/TrajesNovio-300x26.png\" alt=\"\" width=\"300\" height=\"26\" srcset=\"https:\/\/www.boutiquefelicidad.com\/wp-content\/uploads\/2017\/11\/TrajesNovio-300x26.png 300w, https:\/\/www.boutiquefelicidad.com\/wp-content\/uploads\/2017\/11\/TrajesNovio-800x69.png 800w, https:\/\/www.boutiquefelicidad.com\/wp-content\/uploads\/2017\/11\/TrajesNovio-64x5.png 64w, https:\/\/www.boutiquefelicidad.com\/wp-content\/uploads\/2017\/11\/TrajesNovio-768x66.png 768w, https:\/\/www.boutiquefelicidad.com\/wp-content\/uploads\/2017\/11\/TrajesNovio-600x51.png 600w, https:\/\/www.boutiquefelicidad.com\/wp-content\/uploads\/2017\/11\/TrajesNovio.png 980w\" sizes=\"(max-width: 300px) 100vw, 300px\" \/><\/p>\n","protected":false},"excerpt":{"rendered":"<p>Traje de novio o padrino Arax Gazzo 3119, en color azul marino. El precio es completo: chaqueta con botones forrados, la solapa es en azul marino con el vivo azul el\u00e9ctrico haciendo rayitas, pantal\u00f3n azul marino, chaleco cruzado delante\u00a0 en azul el\u00e9ctrico con rayas igual que el vivo de la solape y con botones forrados en el mismo tejido, corbat\u00f3n igual que chaleco y en el nudo lleva un broche de brillantes, pa\u00f1uelo a juego de chaleco y gemelos a juego del traje. Es un corte m\u00e1s italiano, ajustado y moderno.<\/p>\n","protected":false},"featured_media":13797,"template":"","meta":{"_et_pb_use_builder":"","_et_pb_old_content":"","_et_gb_content_width":""},"product_brand":[],"product_cat":[71,86],"product_tag":[1005,304,1007,1002,1003],"class_list":{"0":"post-5329","1":"product","2":"type-product","3":"status-publish","4":"has-post-thumbnail","6":"product_cat-boda","7":"product_cat-novio","8":"product_tag-araxgazzo","9":"product_tag-boda","10":"product_tag-trajeazulnavy","11":"product_tag-trajedenovio","12":"product_tag-trajedepadrino","13":"pa_tallas-258","15":"first","16":"outofstock","17":"taxable","18":"shipping-taxable","19":"purchasable","20":"product-type-variable"},"_links":{"self":[{"href":"https:\/\/www.boutiquefelicidad.com\/de\/wp-json\/wp\/v2\/product\/5329","targetHints":{"allow":["GET"]}}],"collection":[{"href":"https:\/\/www.boutiquefelicidad.com\/de\/wp-json\/wp\/v2\/product"}],"about":[{"href":"https:\/\/www.boutiquefelicidad.com\/de\/wp-json\/wp\/v2\/types\/product"}],"wp:featuredmedia":[{"embeddable":true,"href":"https:\/\/www.boutiquefelicidad.com\/de\/wp-json\/wp\/v2\/media\/13797"}],"wp:attachment":[{"href":"https:\/\/www.boutiquefelicidad.com\/de\/wp-json\/wp\/v2\/media?parent=5329"}],"wp:term":[{"taxonomy":"product_brand","embeddable":true,"href":"https:\/\/www.boutiquefelicidad.com\/de\/wp-json\/wp\/v2\/product_brand?post=5329"},{"taxonomy":"product_cat","embeddable":true,"href":"https:\/\/www.boutiquefelicidad.com\/de\/wp-json\/wp\/v2\/product_cat?post=5329"},{"taxonomy":"product_tag","embeddable":true,"href":"https:\/\/www.boutiquefelicidad.com\/de\/wp-json\/wp\/v2\/product_tag?post=5329"}],"curies":[{"name":"wp","href":"https:\/\/api.w.org\/{rel}","templated":true}]}}