{"id":4483,"date":"2016-02-26T10:26:29","date_gmt":"2016-02-26T09:26:29","guid":{"rendered":"https:\/\/www.boutiquefelicidad.com\/new\/es\/product\/product-91\/"},"modified":"2025-02-25T19:43:08","modified_gmt":"2025-02-25T18:43:08","slug":"91","status":"publish","type":"product","link":"https:\/\/www.boutiquefelicidad.com\/de\/producto\/91\/","title":{"rendered":"Vestido Esperanza Garc\u00eda Morado"},"content":{"rendered":"<p>Vestido de alta costura en tejido micado color morado, corte recto muy favorecedor, forma peque\u00f1as tablas y un escote de barco muy elegante con una lazada y peque\u00f1as mangas cortas.<\/p>\n<p>Si la talla que utiliza est\u00e1 agotada p\u00f3ngase en contacto con nosotros via email: <a href=\"mailto:b.felicidad@hotmail.com\">b.felicidad@hotmail.com<\/a> para consultar disponibilidad en f\u00e1brica.<\/p>\n<p>Nuestras tallas son orientativas y puede variar seg\u00fan el fabricante. Ante cualquier duda cons\u00faltenos.<\/p>\n<p>&nbsp;<\/p>\n<p>&nbsp;<\/p>\n","protected":false},"excerpt":{"rendered":"<p>Vestido de alta costura en tejido micado color morado, corte recto muy favorecedor, forma peque\u00f1as tablas y un escote de barco muy elegante con una lazada y peque\u00f1as mangas cortas. Si la talla que utiliza est\u00e1 agotada p\u00f3ngase en contacto con nosotros via email: b.felicidad@hotmail.com para consultar disponibilidad en f\u00e1brica. Nuestras tallas son orientativas y [&hellip;]<\/p>\n","protected":false},"featured_media":10293,"template":"","meta":{"_et_pb_use_builder":"","_et_pb_old_content":"","_et_gb_content_width":""},"product_brand":[],"product_cat":[52,48],"product_tag":[305,321,331,322,304,292,332,323,335,295,309,293],"class_list":{"0":"post-4483","1":"product","2":"type-product","3":"status-publish","4":"has-post-thumbnail","6":"product_cat-alta-costura","7":"product_cat-mujer","8":"product_tag-alicante","9":"product_tag-altea","10":"product_tag-bautizo","11":"product_tag-benidorm","12":"product_tag-boda","13":"product_tag-calpe","14":"product_tag-comunion","15":"product_tag-denia","16":"product_tag-esperanza-garcia","17":"product_tag-fiesta","18":"product_tag-moda","19":"product_tag-vestido","20":"pa_tallas-255","22":"first","23":"outofstock","24":"sale","25":"taxable","26":"shipping-taxable","27":"purchasable","28":"product-type-variable"},"_links":{"self":[{"href":"https:\/\/www.boutiquefelicidad.com\/de\/wp-json\/wp\/v2\/product\/4483","targetHints":{"allow":["GET"]}}],"collection":[{"href":"https:\/\/www.boutiquefelicidad.com\/de\/wp-json\/wp\/v2\/product"}],"about":[{"href":"https:\/\/www.boutiquefelicidad.com\/de\/wp-json\/wp\/v2\/types\/product"}],"wp:featuredmedia":[{"embeddable":true,"href":"https:\/\/www.boutiquefelicidad.com\/de\/wp-json\/wp\/v2\/media\/10293"}],"wp:attachment":[{"href":"https:\/\/www.boutiquefelicidad.com\/de\/wp-json\/wp\/v2\/media?parent=4483"}],"wp:term":[{"taxonomy":"product_brand","embeddable":true,"href":"https:\/\/www.boutiquefelicidad.com\/de\/wp-json\/wp\/v2\/product_brand?post=4483"},{"taxonomy":"product_cat","embeddable":true,"href":"https:\/\/www.boutiquefelicidad.com\/de\/wp-json\/wp\/v2\/product_cat?post=4483"},{"taxonomy":"product_tag","embeddable":true,"href":"https:\/\/www.boutiquefelicidad.com\/de\/wp-json\/wp\/v2\/product_tag?post=4483"}],"curies":[{"name":"wp","href":"https:\/\/api.w.org\/{rel}","templated":true}]}}