{"id":4355,"date":"2016-02-18T14:20:01","date_gmt":"2016-02-18T13:20:01","guid":{"rendered":"https:\/\/www.boutiquefelicidad.com\/new\/es\/product\/product-63\/"},"modified":"2024-11-15T11:34:10","modified_gmt":"2024-11-15T10:34:10","slug":"alta-costura-paris","status":"publish","type":"product","link":"https:\/\/www.boutiquefelicidad.com\/de\/producto\/alta-costura-paris\/","title":{"rendered":"Alta Costura Par\u00eds"},"content":{"rendered":"<p>Vestido de alta costura Par\u00eds, en forma de sirena fondo crudo tostado y encima pedrer\u00eda negra cosida a mano. Escote en pico bastante pronunciado. Un espect\u00e1culo de vestido. Es una talla XL que coresponde a una 44 o 46.<\/p>\n<p>En nuestra secci\u00f3n de zapatos puede encontrar el zapato ideal para combinar con este espectacular vestido, como por ejemplo\u00a0 -&gt;\u00a0\u00a0<span style=\"color: #ffcc00;\"><a style=\"color: #ffcc00;\" href=\"https:\/\/www.boutiquefelicidad.com\/producto\/sandalia-de-fiesta-de-brillo-color-champagne-con-plataforma\/\">Sandalia champagne brillo<\/a><\/span><\/p>\n<p>Si la talla que utiliza est\u00e1 agotada p\u00f3ngase en contacto con nosotros via email: <a href=\"mailto:b.felicidad@hotmail.com\">b.felicidad@hotmail.com<\/a> para consultar disponibilidad en f\u00e1brica, de este vestido de alta costura Par\u00eds.<\/p>\n<p>Recuerda, si est\u00e1s entre dos tallas escoge la siguiente m\u00e1s grande. Nuestras tallas son orientativas y puede variar seg\u00fan el fabricante. Ante cualquier duda cons\u00faltenos.<\/p>\n","protected":false},"excerpt":{"rendered":"<p>Vestido de alta costura Par\u00eds, en forma de sirena fondo crudo tostado y encima pedrer\u00eda negra cosida a mano. Escote en pico bastante pronunciado. Un espect\u00e1culo de vestido. Es una talla XL que coresponde a una 44 o 46.<\/p>\n","protected":false},"featured_media":13237,"template":"","meta":{"_et_pb_use_builder":"","_et_pb_old_content":"","_et_gb_content_width":""},"product_brand":[],"product_cat":[52,48],"product_tag":[800,799,840,841],"class_list":{"0":"post-4355","1":"product","2":"type-product","3":"status-publish","4":"has-post-thumbnail","6":"product_cat-alta-costura","7":"product_cat-mujer","8":"product_tag-altacostura","9":"product_tag-vestidodemadrina","10":"product_tag-vestidodepedreria","11":"product_tag-vestidoespectacular","12":"pa_tallas-xl","14":"first","15":"instock","16":"taxable","17":"shipping-taxable","18":"purchasable","19":"product-type-variable"},"_links":{"self":[{"href":"https:\/\/www.boutiquefelicidad.com\/de\/wp-json\/wp\/v2\/product\/4355","targetHints":{"allow":["GET"]}}],"collection":[{"href":"https:\/\/www.boutiquefelicidad.com\/de\/wp-json\/wp\/v2\/product"}],"about":[{"href":"https:\/\/www.boutiquefelicidad.com\/de\/wp-json\/wp\/v2\/types\/product"}],"wp:featuredmedia":[{"embeddable":true,"href":"https:\/\/www.boutiquefelicidad.com\/de\/wp-json\/wp\/v2\/media\/13237"}],"wp:attachment":[{"href":"https:\/\/www.boutiquefelicidad.com\/de\/wp-json\/wp\/v2\/media?parent=4355"}],"wp:term":[{"taxonomy":"product_brand","embeddable":true,"href":"https:\/\/www.boutiquefelicidad.com\/de\/wp-json\/wp\/v2\/product_brand?post=4355"},{"taxonomy":"product_cat","embeddable":true,"href":"https:\/\/www.boutiquefelicidad.com\/de\/wp-json\/wp\/v2\/product_cat?post=4355"},{"taxonomy":"product_tag","embeddable":true,"href":"https:\/\/www.boutiquefelicidad.com\/de\/wp-json\/wp\/v2\/product_tag?post=4355"}],"curies":[{"name":"wp","href":"https:\/\/api.w.org\/{rel}","templated":true}]}}