{"id":19948,"date":"2025-10-06T20:24:00","date_gmt":"2025-10-06T18:24:00","guid":{"rendered":"https:\/\/www.boutiquefelicidad.com\/?post_type=product&#038;p=19948"},"modified":"2025-11-04T11:34:57","modified_gmt":"2025-11-04T10:34:57","slug":"vestido-midi-orquidea","status":"publish","type":"product","link":"https:\/\/www.boutiquefelicidad.com\/de\/producto\/vestido-midi-orquidea\/","title":{"rendered":"Vestido midi orqu\u00eddea"},"content":{"rendered":"<p data-start=\"130\" data-end=\"407\">Vestido midi orqu\u00eddea\u00a0perfecto para invitadas de boda, comuniones o eventos de d\u00eda. Su dise\u00f1o destaca por el escote cruzado con abertura frontal, que aporta un toque moderno y femenino, y las mangas tres cuartos que estilizan la figura. Confeccionado en un tejido suave y ligero, ofrece una ca\u00edda fluida que realza la silueta. El corte en la cintura y la falda con vuelo a\u00f1aden movimiento y comodidad para que te sientas segura y radiante en cualquier ocasi\u00f3n. En espalda presenta dos botones dorados con cierre en el cuello y abertura a media espalda para facilitar movimiento. No tiene cremallera pero s\u00ed goma estilo nido de abeja rizada en la cintura trasera.<\/p>\n<p>Si la talla que utiliza est\u00e1 agotada p\u00f3ngase en contacto con nosotros v\u00eda email: <a href=\"mailto:b.felicidad@hotmail.com\">b.felicidad@hotmail.com<\/a> para consultar disponibilidad en f\u00e1brica de este vestido.<\/p>\n<p>Para saber cu\u00e1l es su talla mida pecho, cintura y cadera y compruebe la tabla inferior.<br \/>\nRecuerda, si est\u00e1s entre dos tallas escoge la siguiente m\u00e1s grande.<br \/>\nNuestras tallas son orientativas y puede variar seg\u00fan el fabricante. Ante cualquier duda cons\u00faltenos.<\/p>\n<p><img loading=\"lazy\" decoding=\"async\" class=\" wp-image-11553 aligncenter\" src=\"https:\/\/www.boutiquefelicidad.com\/wp-content\/uploads\/2020\/02\/celestina-300x122.png\" alt=\"\" width=\"400\" height=\"164\" srcset=\"https:\/\/www.boutiquefelicidad.com\/wp-content\/uploads\/2020\/02\/celestina-300x122.png 300w, https:\/\/www.boutiquefelicidad.com\/wp-content\/uploads\/2020\/02\/celestina-64x26.png 64w\" sizes=\"(max-width: 400px) 100vw, 400px\" \/><\/p>\n<p>&nbsp;<\/p>\n","protected":false},"excerpt":{"rendered":"<p>Vestido midi orqu\u00eddea perfecto para invitadas de boda, comuniones o eventos de d\u00eda. Su dise\u00f1o destaca por el escote cruzado con abertura frontal, que aporta un toque moderno y femenino, y las mangas tres cuartos que estilizan la figura. Confeccionado en un tejido suave y ligero, ofrece una ca\u00edda fluida que realza la silueta. El corte en la cintura y la falda con vuelo a\u00f1aden movimiento y comodidad para que te sientas segura y radiante en cualquier ocasi\u00f3n. En espalda presenta dos botones dorados con cierre en el cuello y abertura a media espalda para facilitar movimiento. No tiene cremallera pero s\u00ed goma estilo nido de abeja rizada en la cintura trasera.<\/p>\n<p>&nbsp;<\/p>\n<p>&nbsp;<\/p>\n","protected":false},"featured_media":19985,"template":"","meta":{"_et_pb_use_builder":"","_et_pb_old_content":"","_et_gb_content_width":""},"product_brand":[],"product_cat":[48,53,51],"product_tag":[305,322,304,292,310,295,309,293,881,746,747,339,780],"class_list":{"0":"post-19948","1":"product","2":"type-product","3":"status-publish","4":"has-post-thumbnail","6":"product_cat-mujer","7":"product_cat-vestidos-cortos","8":"product_cat-vestidos-largos","9":"product_tag-alicante","10":"product_tag-benidorm","11":"product_tag-boda","12":"product_tag-calpe","13":"product_tag-evento","14":"product_tag-fiesta","15":"product_tag-moda","16":"product_tag-vestido","17":"product_tag-vestidodeboda","18":"product_tag-vestidodefiesta","19":"product_tag-vestidodeinvitada","20":"product_tag-vestidolargo","21":"product_tag-vestidotallagrande","22":"pa_tallas-249","24":"first","25":"instock","26":"taxable","27":"shipping-taxable","28":"purchasable","29":"product-type-variable"},"_links":{"self":[{"href":"https:\/\/www.boutiquefelicidad.com\/de\/wp-json\/wp\/v2\/product\/19948","targetHints":{"allow":["GET"]}}],"collection":[{"href":"https:\/\/www.boutiquefelicidad.com\/de\/wp-json\/wp\/v2\/product"}],"about":[{"href":"https:\/\/www.boutiquefelicidad.com\/de\/wp-json\/wp\/v2\/types\/product"}],"wp:featuredmedia":[{"embeddable":true,"href":"https:\/\/www.boutiquefelicidad.com\/de\/wp-json\/wp\/v2\/media\/19985"}],"wp:attachment":[{"href":"https:\/\/www.boutiquefelicidad.com\/de\/wp-json\/wp\/v2\/media?parent=19948"}],"wp:term":[{"taxonomy":"product_brand","embeddable":true,"href":"https:\/\/www.boutiquefelicidad.com\/de\/wp-json\/wp\/v2\/product_brand?post=19948"},{"taxonomy":"product_cat","embeddable":true,"href":"https:\/\/www.boutiquefelicidad.com\/de\/wp-json\/wp\/v2\/product_cat?post=19948"},{"taxonomy":"product_tag","embeddable":true,"href":"https:\/\/www.boutiquefelicidad.com\/de\/wp-json\/wp\/v2\/product_tag?post=19948"}],"curies":[{"name":"wp","href":"https:\/\/api.w.org\/{rel}","templated":true}]}}