{"id":19902,"date":"2025-08-06T19:10:03","date_gmt":"2025-08-06T17:10:03","guid":{"rendered":"https:\/\/www.boutiquefelicidad.com\/?post_type=product&#038;p=19902"},"modified":"2025-09-26T10:21:44","modified_gmt":"2025-09-26T08:21:44","slug":"vestido-coral-capa","status":"publish","type":"product","link":"https:\/\/www.boutiquefelicidad.com\/de\/producto\/vestido-coral-capa\/","title":{"rendered":"Vestido coral capa"},"content":{"rendered":"<p>Vestido coral capa. Precioso y espectacular en palabra de honor con cruce central y abertura lateral. Incluye tirantes y capa abotonada al cuello que cae elegantemente desde los hombros hasta\u00a0 el suelo tapando s\u00f3lo los hombros dejando al descubierto la espalda.<\/p>\n<p>Si la talla que utiliza est\u00e1 agotada p\u00f3ngase en contacto con nosotros v\u00eda email: <a href=\"mailto:b.felicidad@hotmail.com\">b.felicidad@hotmail.com<\/a> para consultar disponibilidad en f\u00e1brica de este vestido.<\/p>\n<p>Para saber cu\u00e1l es su talla mida pecho, cintura y cadera y compruebe la tabla inferior.<br \/>\nRecuerda, si est\u00e1s entre dos tallas escoge la siguiente m\u00e1s grande.<br \/>\nNuestras tallas son orientativas y puede variar seg\u00fan el fabricante. Ante cualquier duda cons\u00faltenos.<\/p>\n<p><img loading=\"lazy\" decoding=\"async\" class=\" wp-image-11553 aligncenter\" src=\"https:\/\/www.boutiquefelicidad.com\/wp-content\/uploads\/2020\/02\/celestina-300x122.png\" alt=\"\" width=\"400\" height=\"164\" srcset=\"https:\/\/www.boutiquefelicidad.com\/wp-content\/uploads\/2020\/02\/celestina-300x122.png 300w, https:\/\/www.boutiquefelicidad.com\/wp-content\/uploads\/2020\/02\/celestina-64x26.png 64w\" sizes=\"(max-width: 400px) 100vw, 400px\" \/><\/p>\n<p>&nbsp;<\/p>\n","protected":false},"excerpt":{"rendered":"<p>Vestido coral capa. Precioso y espectacular en palabra de honor con cruce central y abertura lateral. Incluye tirantes y capa abotonada al cuello que cae elegantemente desde los hombros hasta\u00a0 el suelo tapando s\u00f3lo los hombros dejando al descubierto la espalda.<\/p>\n<p>&nbsp;<\/p>\n<p>&nbsp;<\/p>\n","protected":false},"featured_media":19906,"template":"","meta":{"_et_pb_use_builder":"","_et_pb_old_content":"","_et_gb_content_width":""},"product_brand":[],"product_cat":[1135,1142],"product_tag":[305,322,304,292,310,295,309,293,881,746,747,339,780],"class_list":{"0":"post-19902","1":"product","2":"type-product","3":"status-publish","4":"has-post-thumbnail","6":"product_cat-women","7":"product_cat-long-dresses","8":"product_tag-alicante","9":"product_tag-benidorm","10":"product_tag-boda","11":"product_tag-calpe","12":"product_tag-evento","13":"product_tag-fiesta","14":"product_tag-moda","15":"product_tag-vestido","16":"product_tag-vestidodeboda","17":"product_tag-vestidodefiesta","18":"product_tag-vestidodeinvitada","19":"product_tag-vestidolargo","20":"product_tag-vestidotallagrande","21":"pa_tallas-251","23":"first","24":"outofstock","25":"taxable","26":"shipping-taxable","27":"purchasable","28":"product-type-variable"},"_links":{"self":[{"href":"https:\/\/www.boutiquefelicidad.com\/de\/wp-json\/wp\/v2\/product\/19902","targetHints":{"allow":["GET"]}}],"collection":[{"href":"https:\/\/www.boutiquefelicidad.com\/de\/wp-json\/wp\/v2\/product"}],"about":[{"href":"https:\/\/www.boutiquefelicidad.com\/de\/wp-json\/wp\/v2\/types\/product"}],"wp:featuredmedia":[{"embeddable":true,"href":"https:\/\/www.boutiquefelicidad.com\/de\/wp-json\/wp\/v2\/media\/19906"}],"wp:attachment":[{"href":"https:\/\/www.boutiquefelicidad.com\/de\/wp-json\/wp\/v2\/media?parent=19902"}],"wp:term":[{"taxonomy":"product_brand","embeddable":true,"href":"https:\/\/www.boutiquefelicidad.com\/de\/wp-json\/wp\/v2\/product_brand?post=19902"},{"taxonomy":"product_cat","embeddable":true,"href":"https:\/\/www.boutiquefelicidad.com\/de\/wp-json\/wp\/v2\/product_cat?post=19902"},{"taxonomy":"product_tag","embeddable":true,"href":"https:\/\/www.boutiquefelicidad.com\/de\/wp-json\/wp\/v2\/product_tag?post=19902"}],"curies":[{"name":"wp","href":"https:\/\/api.w.org\/{rel}","templated":true}]}}