{"id":17462,"date":"2024-11-05T12:20:02","date_gmt":"2024-11-05T11:20:02","guid":{"rendered":"https:\/\/www.boutiquefelicidad.com\/?post_type=product&#038;p=17462"},"modified":"2025-07-05T12:25:08","modified_gmt":"2025-07-05T10:25:08","slug":"vestido-241802","status":"publish","type":"product","link":"https:\/\/www.boutiquefelicidad.com\/de\/producto\/vestido-241802\/","title":{"rendered":"Vestido 241802"},"content":{"rendered":"<p>Vestido 241802 largo de fiesta estampado de talla grande en buganvilla y verdes esmeralda, con mucha ca\u00edda y abertura central cruzada. Tiene escote en pico cruzado y un toque moderno a\u00f1adido de plumas en los hombros. Muy elegante y perfecto para lucir en cualquier ocasi\u00f3n. Incluye cintur\u00f3n color buganvilla a juego.<\/p>\n<p>En nuestra secci\u00f3n de zapatos puede encontrar el zapato ideal para combinar con este vestido, \u00bfQu\u00e9 tal con este zapato de fiesta?\u00a0 \u00a0-&gt; <span style=\"color: #ff9900;\">\u00a0<span style=\"color: #ffcc00;\"><a style=\"color: #ffcc00;\" href=\"https:\/\/www.boutiquefelicidad.com\/producto\/sandalia-buganvilla-con-plataforma\/\">Sandalia buganvilla con plataforma<\/a><\/span><\/span><\/p>\n<p>Si la talla que utiliza est\u00e1 agotada p\u00f3ngase en contacto con nosotros via email: <a href=\"mailto:b.felicidad@hotmail.com\">b.felicidad@hotmail.com<\/a> para consultar disponibilidad en f\u00e1brica de este vestido.<\/p>\n<p>Para saber cu\u00e1l es su talla mida pecho, cintura y cadera y compruebe la tabla inferior.<br \/>\nRecuerda, si est\u00e1s entre dos tallas escoge la siguiente m\u00e1s grande.<br \/>\nNuestras tallas son orientativas y puede variar seg\u00fan el fabricante. Ante cualquier duda cons\u00faltenos.<\/p>\n<p><img loading=\"lazy\" decoding=\"async\" class=\" wp-image-11553 aligncenter\" src=\"https:\/\/www.boutiquefelicidad.com\/wp-content\/uploads\/2020\/02\/celestina-300x122.png\" alt=\"\" width=\"400\" height=\"164\" srcset=\"https:\/\/www.boutiquefelicidad.com\/wp-content\/uploads\/2020\/02\/celestina-300x122.png 300w, https:\/\/www.boutiquefelicidad.com\/wp-content\/uploads\/2020\/02\/celestina-64x26.png 64w\" sizes=\"(max-width: 400px) 100vw, 400px\" \/><\/p>\n<p>&nbsp;<\/p>\n","protected":false},"excerpt":{"rendered":"<p>Vestido 241802 largo de fiesta estampado de talla grande en buganvilla y verdes esmeralda, con mucha ca\u00edda y abertura central cruzada. Tiene escote en pico cruzado y un toque moderno a\u00f1adido de plumas en los hombros. Muy elegante y perfecto para lucir en cualquier ocasi\u00f3n. Incluye cintur\u00f3n color buganvilla a juego.<\/p>\n<p>&nbsp;<\/p>\n<p>&nbsp;<\/p>\n","protected":false},"featured_media":17464,"template":"","meta":{"_et_pb_use_builder":"","_et_pb_old_content":"","_et_gb_content_width":""},"product_brand":[],"product_cat":[48,50,51],"product_tag":[1111,305,304,310,295,293,881,746,747,339,780],"class_list":{"0":"post-17462","1":"product","2":"type-product","3":"status-publish","4":"has-post-thumbnail","6":"product_cat-mujer","7":"product_cat-tallas-grandes","8":"product_cat-vestidos-largos","9":"product_tag-1111","10":"product_tag-alicante","11":"product_tag-boda","12":"product_tag-evento","13":"product_tag-fiesta","14":"product_tag-vestido","15":"product_tag-vestidodeboda","16":"product_tag-vestidodefiesta","17":"product_tag-vestidodeinvitada","18":"product_tag-vestidolargo","19":"product_tag-vestidotallagrande","20":"pa_tallas-54-56","22":"first","23":"outofstock","24":"sale","25":"taxable","26":"shipping-taxable","27":"purchasable","28":"product-type-variable"},"_links":{"self":[{"href":"https:\/\/www.boutiquefelicidad.com\/de\/wp-json\/wp\/v2\/product\/17462","targetHints":{"allow":["GET"]}}],"collection":[{"href":"https:\/\/www.boutiquefelicidad.com\/de\/wp-json\/wp\/v2\/product"}],"about":[{"href":"https:\/\/www.boutiquefelicidad.com\/de\/wp-json\/wp\/v2\/types\/product"}],"wp:featuredmedia":[{"embeddable":true,"href":"https:\/\/www.boutiquefelicidad.com\/de\/wp-json\/wp\/v2\/media\/17464"}],"wp:attachment":[{"href":"https:\/\/www.boutiquefelicidad.com\/de\/wp-json\/wp\/v2\/media?parent=17462"}],"wp:term":[{"taxonomy":"product_brand","embeddable":true,"href":"https:\/\/www.boutiquefelicidad.com\/de\/wp-json\/wp\/v2\/product_brand?post=17462"},{"taxonomy":"product_cat","embeddable":true,"href":"https:\/\/www.boutiquefelicidad.com\/de\/wp-json\/wp\/v2\/product_cat?post=17462"},{"taxonomy":"product_tag","embeddable":true,"href":"https:\/\/www.boutiquefelicidad.com\/de\/wp-json\/wp\/v2\/product_tag?post=17462"}],"curies":[{"name":"wp","href":"https:\/\/api.w.org\/{rel}","templated":true}]}}