{"id":17368,"date":"2024-11-04T10:41:43","date_gmt":"2024-11-04T09:41:43","guid":{"rendered":"https:\/\/www.boutiquefelicidad.com\/?post_type=product&#038;p=17368"},"modified":"2024-11-04T11:12:01","modified_gmt":"2024-11-04T10:12:01","slug":"bolso-champan-metalizado","status":"publish","type":"product","link":"https:\/\/www.boutiquefelicidad.com\/de\/producto\/bolso-champan-metalizado\/","title":{"rendered":"Bolso champ\u00e1n metalizado"},"content":{"rendered":"<p>Bolso champ\u00e1n metalizado con cadena regulable. Muy moderno y con cierre de giro met\u00e1lico en solapa central.<\/p>\n<p>Medidas: Ancho 20 cms, alto 15 cms, fondo 7 cms<\/p>\n","protected":false},"excerpt":{"rendered":"<p>Bolso\u00a0champ\u00e1n metalizado con cadena regulable. Muy moderno y con cierre de giro met\u00e1lico en solapa central.<\/p>\n<p>Medidas: Ancho 20 cms, alto 15 cms, fondo 7 cms<\/p>\n","protected":false},"featured_media":17372,"template":"","meta":{"_et_pb_use_builder":"","_et_pb_old_content":"","_et_gb_content_width":""},"product_brand":[],"product_cat":[89],"product_tag":[305,321,322,304,378,301,292,379,382,323,303,310,302,295,309],"class_list":{"0":"post-17368","1":"product","2":"type-product","3":"status-publish","4":"has-post-thumbnail","6":"product_cat-bolsos","7":"product_tag-alicante","8":"product_tag-altea","9":"product_tag-benidorm","10":"product_tag-boda","11":"product_tag-bolso","12":"product_tag-boutique","13":"product_tag-calpe","14":"product_tag-cartera","15":"product_tag-champan","16":"product_tag-denia","17":"product_tag-dorado","18":"product_tag-evento","19":"product_tag-felicidad","20":"product_tag-fiesta","21":"product_tag-moda","23":"first","24":"outofstock","25":"featured","26":"taxable","27":"shipping-taxable","28":"purchasable","29":"product-type-simple"},"_links":{"self":[{"href":"https:\/\/www.boutiquefelicidad.com\/de\/wp-json\/wp\/v2\/product\/17368","targetHints":{"allow":["GET"]}}],"collection":[{"href":"https:\/\/www.boutiquefelicidad.com\/de\/wp-json\/wp\/v2\/product"}],"about":[{"href":"https:\/\/www.boutiquefelicidad.com\/de\/wp-json\/wp\/v2\/types\/product"}],"wp:featuredmedia":[{"embeddable":true,"href":"https:\/\/www.boutiquefelicidad.com\/de\/wp-json\/wp\/v2\/media\/17372"}],"wp:attachment":[{"href":"https:\/\/www.boutiquefelicidad.com\/de\/wp-json\/wp\/v2\/media?parent=17368"}],"wp:term":[{"taxonomy":"product_brand","embeddable":true,"href":"https:\/\/www.boutiquefelicidad.com\/de\/wp-json\/wp\/v2\/product_brand?post=17368"},{"taxonomy":"product_cat","embeddable":true,"href":"https:\/\/www.boutiquefelicidad.com\/de\/wp-json\/wp\/v2\/product_cat?post=17368"},{"taxonomy":"product_tag","embeddable":true,"href":"https:\/\/www.boutiquefelicidad.com\/de\/wp-json\/wp\/v2\/product_tag?post=17368"}],"curies":[{"name":"wp","href":"https:\/\/api.w.org\/{rel}","templated":true}]}}