{"id":17274,"date":"2024-08-19T12:09:18","date_gmt":"2024-08-19T10:09:18","guid":{"rendered":"https:\/\/www.boutiquefelicidad.com\/?post_type=product&#038;p=17274"},"modified":"2024-08-20T11:17:24","modified_gmt":"2024-08-20T09:17:24","slug":"clutch-champan-centro-hexagonal","status":"publish","type":"product","link":"https:\/\/www.boutiquefelicidad.com\/de\/producto\/clutch-champan-centro-hexagonal\/","title":{"rendered":"Clutch champ\u00e1n centro hexagonal"},"content":{"rendered":"<p>Bolso de mano champ\u00e1n con centro hexagonal. Tiene cierre met\u00e1lico e Incluye cadena para llevar colgado al hombro.<\/p>\n<p>Medidas: Ancho 19,5 cms, alto 11,5 cms, fondo 3 cms (6 cm de fondo en la parte central del bolso).<\/p>\n","protected":false},"excerpt":{"rendered":"<p>Bolso de mano champ\u00e1n con centro hexagonal. Tiene cierre met\u00e1lico e Incluye cadena para llevar colgado al hombro.<\/p>\n<p>Medidas: Ancho 19,5 cms, alto 11,5 cms, fondo 3 cms (6 cm de fondo en la parte central del bolso).<\/p>\n","protected":false},"featured_media":17275,"template":"","meta":{"_et_pb_use_builder":"","_et_pb_old_content":"","_et_gb_content_width":""},"product_brand":[],"product_cat":[89],"product_tag":[305,321,322,304,378,301,292,379,382,323,303,310,302,295,309],"class_list":{"0":"post-17274","1":"product","2":"type-product","3":"status-publish","4":"has-post-thumbnail","6":"product_cat-bolsos","7":"product_tag-alicante","8":"product_tag-altea","9":"product_tag-benidorm","10":"product_tag-boda","11":"product_tag-bolso","12":"product_tag-boutique","13":"product_tag-calpe","14":"product_tag-cartera","15":"product_tag-champan","16":"product_tag-denia","17":"product_tag-dorado","18":"product_tag-evento","19":"product_tag-felicidad","20":"product_tag-fiesta","21":"product_tag-moda","23":"first","24":"instock","25":"featured","26":"taxable","27":"shipping-taxable","28":"purchasable","29":"product-type-simple"},"_links":{"self":[{"href":"https:\/\/www.boutiquefelicidad.com\/de\/wp-json\/wp\/v2\/product\/17274","targetHints":{"allow":["GET"]}}],"collection":[{"href":"https:\/\/www.boutiquefelicidad.com\/de\/wp-json\/wp\/v2\/product"}],"about":[{"href":"https:\/\/www.boutiquefelicidad.com\/de\/wp-json\/wp\/v2\/types\/product"}],"wp:featuredmedia":[{"embeddable":true,"href":"https:\/\/www.boutiquefelicidad.com\/de\/wp-json\/wp\/v2\/media\/17275"}],"wp:attachment":[{"href":"https:\/\/www.boutiquefelicidad.com\/de\/wp-json\/wp\/v2\/media?parent=17274"}],"wp:term":[{"taxonomy":"product_brand","embeddable":true,"href":"https:\/\/www.boutiquefelicidad.com\/de\/wp-json\/wp\/v2\/product_brand?post=17274"},{"taxonomy":"product_cat","embeddable":true,"href":"https:\/\/www.boutiquefelicidad.com\/de\/wp-json\/wp\/v2\/product_cat?post=17274"},{"taxonomy":"product_tag","embeddable":true,"href":"https:\/\/www.boutiquefelicidad.com\/de\/wp-json\/wp\/v2\/product_tag?post=17274"}],"curies":[{"name":"wp","href":"https:\/\/api.w.org\/{rel}","templated":true}]}}